{"id":1430,"date":"2019-12-21T10:50:22","date_gmt":"2019-12-21T09:50:22","guid":{"rendered":"http:\/\/www.benedictinsetiolles.org\/?page_id=1430"},"modified":"2020-10-20T14:43:34","modified_gmt":"2020-10-20T12:43:34","slug":"une-communaute-moines-pour-la-ville","status":"publish","type":"page","link":"http:\/\/www.benedictinsetiolles.org\/index.php\/une-communaute-moines-pour-la-ville\/","title":{"rendered":"La Communaut\u00e9 : \u00ab\u00a0Moines pour la ville\u00a0\u00bb"},"content":{"rendered":"\n<h4 class=\"wp-block-heading\" id=\"commu\">Une Communaut\u00e9 de moines b\u00e9n\u00e9dictins<\/h4>\n\n\n\n<p>Il s&rsquo;agit d&rsquo;une Communaut\u00e9 de fr\u00e8res religieux ouverte sur la ville, dont depuis quarante ans, la passion communautaire se d\u00e9veloppe autour de <\/p>\n\n\n\n<h6 class=\"wp-block-heading\" id=\"fonda\">Quatre fondamentaux :<\/h6>\n\n\n\n<ul class=\"wp-block-list\"><li><strong>La lecture de la Bible<\/strong>, lue et m\u00e9dit\u00e9e chaque jour<\/li><li><strong>L&rsquo;office liturgique<\/strong>, c\u00e9l\u00e9br\u00e9 et actualis\u00e9  avec celles et ceux qui le souhaitent<\/li><li><strong>L&rsquo;hospitalit\u00e9<\/strong>, par l&rsquo;accueil de groupes et l&rsquo;accueil individuel <\/li><li><strong>L&rsquo;ouverture aux questions d&rsquo;aujourd&rsquo;hui<\/strong>, par des engagements pastoraux et professionnels.<\/li><\/ul>\n\n\n\n<p>Les moments liturgiques qui rythment le temps, les moyens de formation et d&rsquo;approfondissement spirituels propos\u00e9s chaque ann\u00e9e et les rep\u00e8res historiques de la Communaut\u00e9 dans la vie d\u2019\u00c9glise sont l\u00e0 pour favoriser de tenir ensemble la vie monastique comme <strong>une \u00e9cole de vie <\/strong>et l&rsquo;ouverture au monde pour partager et grandir avec des fr\u00e8res et des s\u0153urs. <\/p>\n\n\n\n<p><a href=\"http:\/\/www.benedictinsetiolles.org\/index.php\/page-d-accueil\/contacts\/#commu\">Prendre contact avec la Communaut\u00e9 .<\/a><\/p>\n\n\n\n<div class=\"wp-block-themeisle-blocks-advanced-columns has-1-columns has-desktop-equal-layout has-tablet-equal-layout has-mobile-equal-layout has-default-gap has-vertical-unset\" id=\"wp-block-themeisle-blocks-advanced-columns-95cca803\"><div class=\"wp-block-themeisle-blocks-advanced-columns-overlay\"><\/div><div class=\"innerblocks-wrap\">\n<div class=\"wp-block-themeisle-blocks-advanced-column\" id=\"wp-block-themeisle-blocks-advanced-column-f50fa42c\">\n<p><\/p>\n<\/div>\n<\/div><\/div>\n","protected":false},"excerpt":{"rendered":"<p>Une Communaut\u00e9 de moines b\u00e9n\u00e9dictins Il s&rsquo;agit d&rsquo;une Communaut\u00e9 de fr\u00e8res religieux ouverte sur la ville, dont depuis quarante ans, la passion communautaire se d\u00e9veloppe autour de Quatre fondamentaux : La lecture de la Bible, lue et m\u00e9dit\u00e9e chaque jour L&rsquo;office liturgique, c\u00e9l\u00e9br\u00e9 et actualis\u00e9 avec celles et ceux qui [&hellip;]<\/p>\n","protected":false},"author":1,"featured_media":0,"parent":0,"menu_order":0,"comment_status":"closed","ping_status":"closed","template":"","meta":{"footnotes":""},"class_list":["post-1430","page","type-page","status-publish","hentry"],"_links":{"self":[{"href":"http:\/\/www.benedictinsetiolles.org\/index.php\/wp-json\/wp\/v2\/pages\/1430","targetHints":{"allow":["GET"]}}],"collection":[{"href":"http:\/\/www.benedictinsetiolles.org\/index.php\/wp-json\/wp\/v2\/pages"}],"about":[{"href":"http:\/\/www.benedictinsetiolles.org\/index.php\/wp-json\/wp\/v2\/types\/page"}],"author":[{"embeddable":true,"href":"http:\/\/www.benedictinsetiolles.org\/index.php\/wp-json\/wp\/v2\/users\/1"}],"replies":[{"embeddable":true,"href":"http:\/\/www.benedictinsetiolles.org\/index.php\/wp-json\/wp\/v2\/comments?post=1430"}],"version-history":[{"count":11,"href":"http:\/\/www.benedictinsetiolles.org\/index.php\/wp-json\/wp\/v2\/pages\/1430\/revisions"}],"predecessor-version":[{"id":6312,"href":"http:\/\/www.benedictinsetiolles.org\/index.php\/wp-json\/wp\/v2\/pages\/1430\/revisions\/6312"}],"wp:attachment":[{"href":"http:\/\/www.benedictinsetiolles.org\/index.php\/wp-json\/wp\/v2\/media?parent=1430"}],"curies":[{"name":"wp","href":"https:\/\/api.w.org\/{rel}","templated":true}]}}