{"id":1443,"date":"2019-12-21T10:59:48","date_gmt":"2019-12-21T09:59:48","guid":{"rendered":"http:\/\/www.benedictinsetiolles.org\/?page_id=1443"},"modified":"2021-03-09T09:08:08","modified_gmt":"2021-03-09T08:08:08","slug":"notre-histoire","status":"publish","type":"page","link":"http:\/\/www.benedictinsetiolles.org\/index.php\/notre-histoire\/","title":{"rendered":"Notre histoire"},"content":{"rendered":"\n<figure class=\"wp-block-image\"><img decoding=\"async\" src=\"http:\/\/www.benedictinsetiolles.org\/wp-content\/uploads\/2019\/07\/saint_benoit.jpg\" alt=\"L\u2019attribut alt de cette image est vide, son nom de fichier est saint_benoit.jpg.\"\/><\/figure>\n\n\n\n<p>Vers l&rsquo;an 500 Beno\u00eet jeune \u00e9tudiant romain, laisse ses livres et la fortune paternelle pour se retirer dans une vall\u00e9e sauvage \u00ab\u00a0afin de plaire \u00e0 Dieu seul\u00a0\u00bb. Le dur apprentissage de la solitude lui ouvre le c\u0153ur \u00e0 la vraie connaissance de lui m\u00eame et fait place nette pour Dieu. C&rsquo;est le d\u00e9but de la longue aventure des moines b\u00e9n\u00e9dictins.<\/p>\n\n\n\n<p>Aujourd&rsquo;hui 12000 b\u00e9n\u00e9dictins vivent dans un millier de monast\u00e8res  petits et grands r\u00e9unis en 21 congr\u00e9gations. Le Prieur\u00e9 Saint Beno\u00eet  fait partie de <a href=\"http:\/\/www.fr.annuntiatio.org\/\">la congr\u00e9gation de l&rsquo;Annonciation<\/a>  dont les monast\u00e8res sont implant\u00e9s en Europe, en Am\u00e9rique, en Afrique,  en Inde&#8230; souvent aupr\u00e8s des grandes villes et toujours ins\u00e9r\u00e9s dans la  vie de l&rsquo;\u00c9glise locale pour l&rsquo;apostolat et l&rsquo;accueil.<\/p>\n\n\n\n<p>Nous cherchons par une patiente complicit\u00e9 avec les choses de la ville \u00e0  r\u00e9inventer pauvrement mais quotidiennement ce qui fait l&rsquo;essentiel de  la tradition monastique et \u00e0 \u00eatre ainsi depuis plus de 75 ans \u00e0  L&rsquo;Ha\u00ff-les-Roses et \u00e0 Choisy-le-Roi et Thiais Ainsi qu&rsquo;\u00e0 <a href=\"https:\/\/evry.catholique.fr\/Evry-Saint-Pierre-et-Saint-Paul\">la paroisse Saint Pierre\/Saint Paul d\u2019\u00c9vry<\/a> hier, et aujourd&rsquo;hui au  Prieur\u00e9 d\u2019\u00c9tiolles <strong>\u00ab\u00a0Moines pour la ville.\u00a0\u00bb<\/strong><\/p>\n","protected":false},"excerpt":{"rendered":"<p>Vers l&rsquo;an 500 Beno\u00eet jeune \u00e9tudiant romain, laisse ses livres et la fortune paternelle pour se retirer dans une vall\u00e9e sauvage \u00ab\u00a0afin de plaire \u00e0 Dieu seul\u00a0\u00bb. Le dur apprentissage de la solitude lui ouvre le c\u0153ur \u00e0 la vraie connaissance de lui m\u00eame et fait place nette pour Dieu. [&hellip;]<\/p>\n","protected":false},"author":1,"featured_media":0,"parent":0,"menu_order":0,"comment_status":"closed","ping_status":"closed","template":"","meta":{"footnotes":""},"class_list":["post-1443","page","type-page","status-publish","hentry"],"_links":{"self":[{"href":"http:\/\/www.benedictinsetiolles.org\/index.php\/wp-json\/wp\/v2\/pages\/1443","targetHints":{"allow":["GET"]}}],"collection":[{"href":"http:\/\/www.benedictinsetiolles.org\/index.php\/wp-json\/wp\/v2\/pages"}],"about":[{"href":"http:\/\/www.benedictinsetiolles.org\/index.php\/wp-json\/wp\/v2\/types\/page"}],"author":[{"embeddable":true,"href":"http:\/\/www.benedictinsetiolles.org\/index.php\/wp-json\/wp\/v2\/users\/1"}],"replies":[{"embeddable":true,"href":"http:\/\/www.benedictinsetiolles.org\/index.php\/wp-json\/wp\/v2\/comments?post=1443"}],"version-history":[{"count":8,"href":"http:\/\/www.benedictinsetiolles.org\/index.php\/wp-json\/wp\/v2\/pages\/1443\/revisions"}],"predecessor-version":[{"id":6579,"href":"http:\/\/www.benedictinsetiolles.org\/index.php\/wp-json\/wp\/v2\/pages\/1443\/revisions\/6579"}],"wp:attachment":[{"href":"http:\/\/www.benedictinsetiolles.org\/index.php\/wp-json\/wp\/v2\/media?parent=1443"}],"curies":[{"name":"wp","href":"https:\/\/api.w.org\/{rel}","templated":true}]}}