{"id":1615,"date":"2020-02-29T11:08:52","date_gmt":"2020-02-29T10:08:52","guid":{"rendered":"http:\/\/www.benedictinsetiolles.org\/?page_id=1615"},"modified":"2025-01-13T10:59:02","modified_gmt":"2025-01-13T09:59:02","slug":"des-laics-en-lien","status":"publish","type":"page","link":"http:\/\/www.benedictinsetiolles.org\/index.php\/des-laics-en-lien\/","title":{"rendered":"Des la\u00efcs en lien avec la Communaut\u00e9"},"content":{"rendered":"<div class=\"wp-block-themeisle-blocks-advanced-columns has-1-columns has-desktop-equal-layout has-tablet-equal-layout has-mobile-equal-layout has-default-gap has-vertical-unset\" id=\"wp-block-themeisle-blocks-advanced-columns-2a8041c9\">\n<div class=\"wp-block-themeisle-blocks-advanced-columns-overlay\"><\/div>\n<div class=\"innerblocks-wrap\">\n<div class=\"wp-block-themeisle-blocks-advanced-column\" id=\"wp-block-themeisle-blocks-advanced-column-200dd0e4\"><em><strong>Selon leurs comp\u00e9tences, leurs envies et leurs possibilit\u00e9s, des la\u00efcs s&rsquo;engagent aux cot\u00e9s de la Communaut\u00e9 des moines pour, avec eux, d\u00e9ployer les quatre fondamentaux du Prieur\u00e9 de fa\u00e7on concr\u00e8te.<\/strong><\/em><\/p>\n<h4 id=\"frate\">Les fraternit\u00e9s b\u00e9n\u00e9dictines :<\/h4>\n<figure class=\"wp-block-image size-large is-resized\"><img loading=\"lazy\" decoding=\"async\" class=\"wp-image-2672\" src=\"http:\/\/www.benedictinsetiolles.org\/wp-content\/uploads\/2020\/10\/FRAT-HdeB-1024x587.jpg\" alt=\"\" width=\"469\" height=\"269\" srcset=\"http:\/\/www.benedictinsetiolles.org\/wp-content\/uploads\/2020\/10\/FRAT-HdeB-1024x587.jpg 1024w, http:\/\/www.benedictinsetiolles.org\/wp-content\/uploads\/2020\/10\/FRAT-HdeB-300x172.jpg 300w, http:\/\/www.benedictinsetiolles.org\/wp-content\/uploads\/2020\/10\/FRAT-HdeB-768x440.jpg 768w, http:\/\/www.benedictinsetiolles.org\/wp-content\/uploads\/2020\/10\/FRAT-HdeB-1536x881.jpg 1536w, http:\/\/www.benedictinsetiolles.org\/wp-content\/uploads\/2020\/10\/FRAT-HdeB-2048x1174.jpg 2048w\" sizes=\"auto, (max-width: 469px) 100vw, 469px\" \/><figcaption><em>fraternit\u00e9 Hildegarde de Bingen en r\u00e9union<\/em><\/figcaption><\/figure>\n<p>En lien avec les fr\u00e8res du Prieur\u00e9 Saint Beno\u00eet, les fraternit\u00e9s Saint Fran\u00e7ois (1995), Madeleine Delbrel (2001), Hildegarde de Bingen (2012) et une nouvelle fraternit\u00e9 \u00c9piphanie (cr\u00e9\u00e9e en octobre 2024 par Fr. Xuan avec des amis du Prieur\u00e9 de diff\u00e9rentes origines), sont des petites Communaut\u00e9s de la\u00efcs engag\u00e9s<\/p>\n<ul>\n<li>Pour vivre leur quotidien dans une entraide mutuelle,Pour s\u2019appuyer mutuellement et grandir dans la foi,Pour vivre leurs engagements quotidiens \u00e0 la lumi\u00e8re de la R\u00e8gle de Saint Beno\u00eet<\/li>\n<\/ul>\n<p>Leur engagement est bas\u00e9 sur trois piliers de la R\u00e8gle b\u00e9n\u00e9dictine :<\/p>\n<ul>\n<li>\u00ab La stabilit\u00e9 \u00bb ou la fid\u00e9lit\u00e9\u00ab L\u2019ob\u00e9issance \u00bb ou l\u2019\u00e9coute\u00ab La conversion \u00bb ou le chemin pour mieux vivre de la Parole de Dieu<\/li>\n<li>Cet engagement est renouvel\u00e9 chaque ann\u00e9e au cours d\u2019une messe dominicale au Prieur\u00e9<\/li>\n<\/ul>\n<\/div>\n<\/div>\n<\/div>\n<p><strong>\u00a0&lt;&lt;&lt; Pour les rejoindre contacter: <a href=\"mailto:paul.g.delahaye@free.fr\">Fr.Paul Delahaye<\/a>\u00a0<\/strong><a href=\"mailto:j.dan.hubert@gmail.com\"><br \/>\n<\/a><strong>&#8212;&#8212;&#8212;&#8212;&#8212;&#8212;&#8212;&#8212;&#8212;&#8212;&#8212;&#8212;&#8212;&#8212;&#8212;-<\/strong><\/p>\n<div class=\"wp-block-themeisle-blocks-advanced-columns has-1-columns has-desktop-equal-layout has-tablet-equal-layout has-mobile-equal-layout has-default-gap has-vertical-unset\" id=\"wp-block-themeisle-blocks-advanced-columns-2a8041c9\">\n<div class=\"innerblocks-wrap\">\n<div class=\"wp-block-themeisle-blocks-advanced-column\" id=\"wp-block-themeisle-blocks-advanced-column-200dd0e4\">\n<h4>La \u00ab\u00a0Communaut\u00e9 partag\u00e9e\u00a0\u00bb :<\/h4>\n<p><a href=\"http:\/\/www.benedictinsetiolles.org\/wp-content\/uploads\/2024\/10\/IMG_5961-1.jpg\"><img loading=\"lazy\" decoding=\"async\" src=\"http:\/\/www.benedictinsetiolles.org\/wp-content\/uploads\/2024\/10\/IMG_5961-1-300x196.jpg\" alt=\"\" width=\"427\" height=\"279\" class=\"alignnone  wp-image-7140\" srcset=\"http:\/\/www.benedictinsetiolles.org\/wp-content\/uploads\/2024\/10\/IMG_5961-1-300x196.jpg 300w, http:\/\/www.benedictinsetiolles.org\/wp-content\/uploads\/2024\/10\/IMG_5961-1-1024x670.jpg 1024w, http:\/\/www.benedictinsetiolles.org\/wp-content\/uploads\/2024\/10\/IMG_5961-1-768x502.jpg 768w, http:\/\/www.benedictinsetiolles.org\/wp-content\/uploads\/2024\/10\/IMG_5961-1-1536x1005.jpg 1536w, http:\/\/www.benedictinsetiolles.org\/wp-content\/uploads\/2024\/10\/IMG_5961-1.jpg 1770w\" sizes=\"auto, (max-width: 427px) 100vw, 427px\" \/><\/a><\/p>\n<p>Des la\u00efcs, hommes ou femmes, de par leur proximit\u00e9 avec les fr\u00e8res, sont appel\u00e9s \u00e0 partager des moments de leur \u00ab\u00a0vie commune\u00a0\u00bb.<\/p>\n<p>Il s\u2019agit\u00a0:<\/p>\n<p>1- <strong>d\u2019une ouverture \u00e0 la Communaut\u00e9 par une rencontre hebdomadaire le mardi matin<\/strong><\/p>\n<p>pour lire, commenter et actualiser la R\u00e8gle de Saint Beno\u00eet<\/p>\n<p>pour partager ce qui nous anime en ces jours (\u00e9v\u00e9nements, lecture, etc.)<\/p>\n<p>pour r\u00e9fl\u00e9chir \u00e0 des points du quotidien, \u00e0 des actions \u00e0 mettre en place<\/p>\n<p>pour approfondir ensemble l\u2019\u00c9vangile du dimanche suivant<\/p>\n<p>et partager un repas fraternel.<\/p>\n<p>2- <strong>De vivre<\/strong> <strong>des temps forts au cours de l&rsquo;ann\u00e9e <\/strong><\/p>\n<figure class=\"wp-block-image size-large\"><img loading=\"lazy\" decoding=\"async\" class=\"wp-image-3357\" src=\"http:\/\/www.benedictinsetiolles.org\/wp-content\/uploads\/2021\/04\/veillee-communaute-elargie-1-1024x732.jpg\" alt=\"\" width=\"479\" height=\"342\" srcset=\"http:\/\/www.benedictinsetiolles.org\/wp-content\/uploads\/2021\/04\/veillee-communaute-elargie-1-1024x732.jpg 1024w, http:\/\/www.benedictinsetiolles.org\/wp-content\/uploads\/2021\/04\/veillee-communaute-elargie-1-300x215.jpg 300w, http:\/\/www.benedictinsetiolles.org\/wp-content\/uploads\/2021\/04\/veillee-communaute-elargie-1-768x549.jpg 768w, http:\/\/www.benedictinsetiolles.org\/wp-content\/uploads\/2021\/04\/veillee-communaute-elargie-1-1536x1098.jpg 1536w, http:\/\/www.benedictinsetiolles.org\/wp-content\/uploads\/2021\/04\/veillee-communaute-elargie-1-2048x1465.jpg 2048w\" sizes=\"auto, (max-width: 479px) 100vw, 479px\" \/><figcaption>Veill\u00e9e pascale en Communaut\u00e9 partag\u00e9e<\/figcaption><\/figure>\n<p><strong> 3-<\/strong> <strong>d\u2019une pr\u00e9sence aux office<\/strong>s.<\/p>\n<h4>L\u2019\u00e9quipe d&rsquo;<a href=\"http:\/\/www.benedictinsetiolles.org\/index.php\/lhotellerie-du-prieure\/\">H\u00f4tellerie<\/a> :<\/h4>\n<p>Une intendante, des salari\u00e9s, des b\u00e9n\u00e9voles se relaient pour assurer pr\u00e9sence, \u00e9coute et service, en fid\u00e9lit\u00e9 \u00e0 l\u2019esprit b\u00e9n\u00e9dictin.<\/p>\n<h4>L&rsquo;\u00e9quipe des <a href=\"http:\/\/www.benedictinsetiolles.org\/index.php\/les-propositions-du-prieure\/\">Propositions<\/a> :<\/h4>\n<p>Des animateurs, fr\u00e8res et la\u00efcs, \u00e9laborent chaque ann\u00e9e des \u00ab\u00a0Propositions\u00a0\u00bb dans l\u2019esprit des fondamentaux du Prieur\u00e9 et de questions d\u2019actualit\u00e9; Ils les animent \u00e0 partir de petits groupes o\u00f9 la parole partag\u00e9e et personnelle en est l\u2019\u00e9l\u00e9ment indispensable.<\/p>\n<h4>L&rsquo;\u00e9quipe <a href=\"http:\/\/www.benedictinsetiolles.org\/index.php\/page-d-accueil\/la-bibliotheque-du-prieure\/\">Biblioth\u00e8que<\/a> :<\/h4>\n<p>Six b\u00e9n\u00e9voles avec fr. Daniel ont \u00e0 c\u0153ur de mettre \u00e0 disposition de tous ceux qui le souhaitent la richesse de cette biblioth\u00e8que.<\/p>\n<h4>Les personnes au service de la liturgie :<\/h4>\n<p>Des la\u00efcs assurent chaque dimanche, accueil, lectures, animation des chants, pot d\u2019amiti\u00e9 \u2026<\/p>\n<\/div>\n<\/div>\n<\/div>\n","protected":false},"excerpt":{"rendered":"<p>Selon leurs comp\u00e9tences, leurs envies et leurs possibilit\u00e9s, des la\u00efcs s&rsquo;engagent aux cot\u00e9s de la Communaut\u00e9 des moines pour, avec eux, d\u00e9ployer les quatre fondamentaux du Prieur\u00e9 de fa\u00e7on concr\u00e8te. Les fraternit\u00e9s b\u00e9n\u00e9dictines : fraternit\u00e9 Hildegarde de Bingen en r\u00e9union En lien avec les fr\u00e8res du Prieur\u00e9 Saint Beno\u00eet, les [&hellip;]<\/p>\n","protected":false},"author":1,"featured_media":0,"parent":0,"menu_order":0,"comment_status":"closed","ping_status":"closed","template":"","meta":{"footnotes":""},"class_list":["post-1615","page","type-page","status-publish","hentry"],"_links":{"self":[{"href":"http:\/\/www.benedictinsetiolles.org\/index.php\/wp-json\/wp\/v2\/pages\/1615","targetHints":{"allow":["GET"]}}],"collection":[{"href":"http:\/\/www.benedictinsetiolles.org\/index.php\/wp-json\/wp\/v2\/pages"}],"about":[{"href":"http:\/\/www.benedictinsetiolles.org\/index.php\/wp-json\/wp\/v2\/types\/page"}],"author":[{"embeddable":true,"href":"http:\/\/www.benedictinsetiolles.org\/index.php\/wp-json\/wp\/v2\/users\/1"}],"replies":[{"embeddable":true,"href":"http:\/\/www.benedictinsetiolles.org\/index.php\/wp-json\/wp\/v2\/comments?post=1615"}],"version-history":[{"count":49,"href":"http:\/\/www.benedictinsetiolles.org\/index.php\/wp-json\/wp\/v2\/pages\/1615\/revisions"}],"predecessor-version":[{"id":7274,"href":"http:\/\/www.benedictinsetiolles.org\/index.php\/wp-json\/wp\/v2\/pages\/1615\/revisions\/7274"}],"wp:attachment":[{"href":"http:\/\/www.benedictinsetiolles.org\/index.php\/wp-json\/wp\/v2\/media?parent=1615"}],"curies":[{"name":"wp","href":"https:\/\/api.w.org\/{rel}","templated":true}]}}