{"id":2,"date":"2019-07-29T17:33:28","date_gmt":"2019-07-29T15:33:28","guid":{"rendered":"http:\/\/benedicttj.cluster026.hosting.ovh.net\/?page_id=2"},"modified":"2023-06-25T14:27:53","modified_gmt":"2023-06-25T12:27:53","slug":"prier","status":"publish","type":"page","link":"http:\/\/www.benedictinsetiolles.org\/index.php\/prier\/","title":{"rendered":"LA PRI\u00c8RE COMMUNE"},"content":{"rendered":"\n<p><strong>La pri\u00e8re partag\u00e9e constitue le c\u0153ur de la vie du Prieur\u00e9. Elle en rythme le temps au long des jours, des semaines et de l&rsquo;ann\u00e9e.<\/strong><\/p>\n\n\n\n<p><strong>Rendre les pri\u00e8res de la tradition parlantes pour les hommes et les femmes de ce temps, est un des fondamentaux de la Communaut\u00e9 des moines depuis son origine<\/strong>.<\/p>\n\n\n\n<figure class=\"wp-block-image size-large is-resized\"><img loading=\"lazy\" decoding=\"async\" src=\"http:\/\/www.benedictinsetiolles.org\/wp-content\/uploads\/2020\/05\/image-12.png\" alt=\"Proposition n\u00b04\" class=\"wp-image-2151\" width=\"422\" height=\"317\" srcset=\"http:\/\/www.benedictinsetiolles.org\/wp-content\/uploads\/2020\/05\/image-12.png 800w, http:\/\/www.benedictinsetiolles.org\/wp-content\/uploads\/2020\/05\/image-12-300x225.png 300w, http:\/\/www.benedictinsetiolles.org\/wp-content\/uploads\/2020\/05\/image-12-768x576.png 768w\" sizes=\"auto, (max-width: 422px) 100vw, 422px\" \/><figcaption class=\"wp-element-caption\"><strong><a href=\"http:\/\/www.benedictinsetiolles.org\/index.php\/horaires-des-offices-et-messes\/\">Haltes spirituelles : Tous les horaires <\/a><\/strong><\/figcaption><\/figure>\n\n\n\n<h4 class=\"wp-block-heading\">La Pri\u00e8re quotidienne :<\/h4>\n\n\n\n<p>Nous pouvons prier \u00e0 chaque moment de la journ\u00e9e, seul ou avec d\u2019autres. Cette pri\u00e8re quotidienne, les communaut\u00e9s monastiques l\u2019appellent \u00ab&nbsp;<strong>l\u2019&nbsp;Office<\/strong>&nbsp;\u00bb. Ainsi pour le chanter nous nous rassemblons le matin pour les <strong>Laudes<\/strong>, \u00e0 midi pour la <strong>Pri\u00e8re du milieu du jour <\/strong>et le soir pour les <strong>V\u00eapres.<\/strong><\/p>\n\n\n\n<figure class=\"wp-block-image size-large is-resized\"><img loading=\"lazy\" decoding=\"async\" src=\"http:\/\/www.benedictinsetiolles.org\/wp-content\/uploads\/2022\/09\/IMG_0653-1024x768.jpg\" alt=\"\" class=\"wp-image-5453\" width=\"413\" height=\"310\" srcset=\"http:\/\/www.benedictinsetiolles.org\/wp-content\/uploads\/2022\/09\/IMG_0653-1024x768.jpg 1024w, http:\/\/www.benedictinsetiolles.org\/wp-content\/uploads\/2022\/09\/IMG_0653-300x225.jpg 300w, http:\/\/www.benedictinsetiolles.org\/wp-content\/uploads\/2022\/09\/IMG_0653-768x576.jpg 768w, http:\/\/www.benedictinsetiolles.org\/wp-content\/uploads\/2022\/09\/IMG_0653-1536x1152.jpg 1536w, http:\/\/www.benedictinsetiolles.org\/wp-content\/uploads\/2022\/09\/IMG_0653.jpg 1632w\" sizes=\"auto, (max-width: 413px) 100vw, 413px\" \/><\/figure>\n\n\n\n<p>Cette pri\u00e8re trouve sa source dans la <strong>Bible<\/strong> et depuis des si\u00e8cles elle garde toujours la m\u00eame structure&nbsp;:<\/p>\n\n\n\n<ul class=\"wp-block-list\">\n<li>un chant d\u2019ouverture&nbsp;: l\u2019hymne<\/li>\n\n\n\n<li>les psaumes ou des po\u00e8mes de la bible (cantique de l\u2019AT ou du NT)<\/li>\n\n\n\n<li>la lecture d\u2019un court passage de la Bible<\/li>\n\n\n\n<li>le \u00ab&nbsp;<em>Benedictus<\/em>&nbsp;\u00bb le matin ou le &nbsp;\u00ab&nbsp;<em>Magnificat&nbsp;<\/em>\u00bb le soir<\/li>\n\n\n\n<li>une pri\u00e8re de supplication, le Notre P\u00e8re et la pri\u00e8re finale.<\/li>\n<\/ul>\n\n\n\n<figure class=\"wp-block-gallery alignright has-nested-images columns-default is-cropped wp-block-gallery-1 is-layout-flex wp-block-gallery-is-layout-flex\">\n<figure class=\"wp-block-image size-large\"><img loading=\"lazy\" decoding=\"async\" width=\"1024\" height=\"783\" data-id=\"2714\" src=\"http:\/\/www.benedictinsetiolles.org\/wp-content\/uploads\/2020\/10\/celebration_1-1024x783.jpg\" alt=\"\" class=\"wp-image-2714\" srcset=\"http:\/\/www.benedictinsetiolles.org\/wp-content\/uploads\/2020\/10\/celebration_1-1024x783.jpg 1024w, http:\/\/www.benedictinsetiolles.org\/wp-content\/uploads\/2020\/10\/celebration_1-300x229.jpg 300w, http:\/\/www.benedictinsetiolles.org\/wp-content\/uploads\/2020\/10\/celebration_1-768x587.jpg 768w, http:\/\/www.benedictinsetiolles.org\/wp-content\/uploads\/2020\/10\/celebration_1-1536x1175.jpg 1536w, http:\/\/www.benedictinsetiolles.org\/wp-content\/uploads\/2020\/10\/celebration_1-2048x1566.jpg 2048w\" sizes=\"auto, (max-width: 1024px) 100vw, 1024px\" \/><\/figure>\n<\/figure>\n\n\n\n<p>La Bible offre un cadre pour y couler nos pr\u00e9occupations, nos \u00e9tats d\u2019\u00e2me, nos conflits et nos joies dans des phrases que bien des croyants ont utilis\u00e9es avant nous pour parler avec Dieu. Le chant des Psaumes et le r\u00e9cit des \u00c9critures tissent entre nous une trame qui nous lient ensemble.<\/p>\n\n\n\n<p>Mais comment prier avec ces vieux textes et les <strong>Psaumes<\/strong> particuli\u00e8rement ?<\/p>\n\n\n\n<p class=\"has-text-align-left\">Ces textes nous paraissent parfois si \u00e9tranges ! Les Psaumes sont un petit livre de cette vaste biblioth\u00e8que qu&rsquo;est la Bible : 150 pri\u00e8res, 150 po\u00e8mes en tout genre ; des joyeux et des tristes, pour des bons jours et des jours de peine, des demandes et des r\u00e9criminations\u2026 ; ils essayent de dire l&rsquo;essentiel de notre relation \u00e0 Dieu qui reste toujours un myst\u00e8re. Point besoin d&rsquo;\u00eatre savant ou parfait, il suffit d&rsquo;\u00eatre vrai avec sa vie comme elle est et de se tenir devant Dieu, en d\u00e9sirant aimer et recevoir de Lui sa libert\u00e9 pour aimer davantage.<\/p>\n\n\n\n<figure class=\"wp-block-image size-large\"><img loading=\"lazy\" decoding=\"async\" width=\"243\" height=\"208\" src=\"http:\/\/www.benedictinsetiolles.org\/wp-content\/uploads\/2020\/09\/decouvrir-les-psaumes.jpg\" alt=\"\" class=\"wp-image-2612\"\/><\/figure>\n\n\n\n<h4 class=\"wp-block-heading\">Pour aller plus loin <\/h4>\n\n\n\n<p><strong>Prier avec les Psaumes :<\/strong><\/p>\n\n\n\n<p><\/p>\n\n\n\n<p><strong>Des po<\/strong><strong>\u00e8mes<\/strong><\/p>\n\n\n<div class=\"wp-block-image\">\n<figure class=\"alignleft size-large is-resized\"><img loading=\"lazy\" decoding=\"async\" src=\"http:\/\/www.benedictinsetiolles.org\/wp-content\/uploads\/2020\/09\/ecoute-ma-priere.jpg\" alt=\"\" class=\"wp-image-2613\" width=\"168\" height=\"277\"\/><\/figure>\n<\/div>\n\n\n<p>Pri\u00e8re-po\u00e8me: dans un po\u00e8me, tout n&rsquo;est pas dit: on a de l&rsquo;espace pour inventer la suite, la n\u00f4tre, que ne dit pas le po\u00e8me ; Le psaume synth\u00e9tise ce qu&rsquo;ont v\u00e9cu des g\u00e9n\u00e9rations de croyants, depuis peut-\u00eatre 2500 ans  et ce n&rsquo;est pas rien. Car si chaque exp\u00e9rience de vie est unique, on se re\u00e7oit des autres, on se glisse dans une longue cha\u00eene qui nous pr\u00e9c\u00e8de, nous enseigne et nous encourage. J\u00e9sus lui-m\u00eame a pri\u00e9 les psaumes et nous apprend ce qui est bon : \u00ab <em>Je te b\u00e9nis, P\u00e8re, Seigneur du ciel et de la terre, d&rsquo;avoir cach\u00e9 cela aux sages et aux savants et de l&rsquo;avoir r\u00e9v\u00e9l\u00e9 aux tout-petits <\/em>\u00bb (Mt 11,25). la bonne attitude est dans la simplicit\u00e9 et la pauvret\u00e9.<\/p>\n\n\n\n<p>Les Psaumes sont n\u00e9s dans une tradition orale et sont faits pour \u00eatre chant\u00e9s, avec son souffle et tout son corps.<\/p>\n\n\n\n<p><strong>La louange<\/strong> <\/p>\n\n\n<div class=\"wp-block-image\">\n<figure class=\"alignleft size-large is-resized\"><img loading=\"lazy\" decoding=\"async\" src=\"http:\/\/www.benedictinsetiolles.org\/wp-content\/uploads\/2020\/09\/08-PsaumeDavid-V-1.jpg\" alt=\"\" class=\"wp-image-2610\" width=\"177\" height=\"217\" srcset=\"http:\/\/www.benedictinsetiolles.org\/wp-content\/uploads\/2020\/09\/08-PsaumeDavid-V-1.jpg 336w, http:\/\/www.benedictinsetiolles.org\/wp-content\/uploads\/2020\/09\/08-PsaumeDavid-V-1-244x300.jpg 244w\" sizes=\"auto, (max-width: 177px) 100vw, 177px\" \/><\/figure>\n<\/div>\n\n\n<p class=\"has-text-align-left\">La louange est l&rsquo;orientation principale des psaumes ; elle est l&rsquo;attitude juste de celui qui se tient devant Dieu. La louange, c&rsquo;est dire \u00ab&nbsp;Merci \u00bb. La vie est un don et, chaque jour, ce don se renouvelle et nous \u00e9merveille ! Mais ce n&rsquo;est pas toujours simple et le psalmiste a aussi besoin de se plaindre, d&rsquo;appeler au secours, de se souvenir aussi ; il somme Dieu de lui r\u00e9pondre et il fait bien. Car c&rsquo;est ainsi qu&rsquo;il se tourne vers Dieu en v\u00e9rit\u00e9. Si sa situation s&rsquo;am\u00e9liore, il convoque ses amis et ses proches \u00e0 rendre gr\u00e2ce avec lui. \u00ab&nbsp;<em>Moi, je redirai ta justice et chaque jour ta louange<\/em>&nbsp;\u00bb (Ps 34, 28). \u00ab&nbsp;<em>Quand je criais vers lui mon cri, ma bouche faisait d\u00e9j\u00e0 son \u00e9loge.<\/em>&nbsp;\u00bb (Ps 65,16). Dans les psaumes, on loue Dieu d&rsquo;abord pour sa justice<\/p>\n\n\n\n<p><strong>La justice<\/strong><\/p>\n\n\n<div class=\"wp-block-image\">\n<figure class=\"alignleft size-large is-resized\"><img loading=\"lazy\" decoding=\"async\" src=\"http:\/\/www.benedictinsetiolles.org\/wp-content\/uploads\/2020\/09\/images.jpg\" alt=\"\" class=\"wp-image-2630\" width=\"190\" height=\"226\"\/><\/figure>\n<\/div>\n\n\n<p>Oui, Dieu est juste, et la justice des psaumes est une justice globale, large, qui met de l&rsquo;ordre dans le monde, assure stabilit\u00e9, qualit\u00e9 de relation et apporte de la bont\u00e9 : \u00ab&nbsp;<em>Le Seigneur aime le bon droit et la justice, la terre est remplie de son amour,&nbsp;<\/em>\u00bb (Ps 32,5). Le Dieu juste d\u00e9voile aussi l&rsquo;injustice criante des hommes, le p\u00e9ch\u00e9 de convoitise, la domination des puissants et le malheur des petits. Quand nous chantons \u00ab&nbsp;<em>Dieu tu nous as rejet\u00e9s, bris\u00e9s, Tu \u00e9tais en col\u00e8re, reviens nous&nbsp;<\/em>\u00bb (Ps 59,3-4), nous savons bien que la col\u00e8re n\u2019est pas dans le c\u0153ur de Dieu, qu\u2019il n\u2019est pas capable de casser ce qu\u2019il a fait avec amour. Face \u00e0 ce mal, les mots des psaumes peuvent \u00eatre tr\u00e8s violents et nous choquer. Il faut du temps pour comprendre les racines du mal et voir que la violence habite aussi parfois notre c\u0153ur !<\/p>\n\n\n\n<p><strong>Le cri<\/strong><\/p>\n\n\n<div class=\"wp-block-image\">\n<figure class=\"alignleft size-large is-resized\"><img loading=\"lazy\" decoding=\"async\" src=\"http:\/\/www.benedictinsetiolles.org\/wp-content\/uploads\/2020\/09\/le-cri-edvard-munch.jpg\" alt=\"\" class=\"wp-image-2607\" width=\"159\" height=\"201\" srcset=\"http:\/\/www.benedictinsetiolles.org\/wp-content\/uploads\/2020\/09\/le-cri-edvard-munch.jpg 778w, http:\/\/www.benedictinsetiolles.org\/wp-content\/uploads\/2020\/09\/le-cri-edvard-munch-237x300.jpg 237w, http:\/\/www.benedictinsetiolles.org\/wp-content\/uploads\/2020\/09\/le-cri-edvard-munch-768x970.jpg 768w\" sizes=\"auto, (max-width: 159px) 100vw, 159px\" \/><figcaption class=\"wp-element-caption\"><strong>Le cri par<\/strong><br><strong> Edvard Munch<\/strong><\/figcaption><\/figure>\n<\/div>\n\n\n<p>La plainte, le cri, l&rsquo;appel sont une part importante des psaumes. Un jour ou l&rsquo;autre on s&rsquo;interroge sur le sens de ce qui arrive : Dieu entend-il ces cris ? Est-il pr\u00e9sent ? \u00ab&nbsp;<em>Quand je crie, Dieu, r\u00e9ponds-moi<\/em>&nbsp;\u00bb (Ps 4,2). \u00ab&nbsp;<em>Combien de temps vas-tu m&rsquo;oublier ?<\/em>&nbsp;\u00bb (Ps 12,2). \u00ab&nbsp;<em>Et toi Seigneur, que fais-tu ? Sauve-moi en raison de ton amour&nbsp;<\/em>\u00bb (Ps.6, 4-5). Si nous nous tournons ainsi vers Dieu, c&rsquo;est que nous croyons qu&rsquo;il existe, qu&rsquo;il est un interlocuteur v\u00e9ritable \u00e0 qui nous pouvons nous adresser. Nous ne sommes plus tout seuls. Le cri le plus terrible est celui que pousse J\u00e9sus en croix, avant de mourir : \u00ab&nbsp;<em>Mon Dieu, Mon Dieu, pourquoi m&rsquo;as-tu abandonn\u00e9<\/em> ?&nbsp;\u00bb (Ps 21), Dans ce psaume, J\u00e9sus s&rsquo;adresse \u00e0 son P\u00e8re et sa pri\u00e8re ouvre une br\u00e8che, infime et t\u00e9nue vers l&rsquo;extr\u00eame de la confiance : J\u00e9sus est mort mais Dieu l&rsquo;a ressuscit\u00e9 et nous savons que son cri a \u00e9t\u00e9 entendu. Dieu ne supprime pas nos \u00e9preuves ; se tenir devant lui, en toute circonstance, c&rsquo;est croire qu&rsquo;il est vivant, qu&rsquo;il nous aime, et qu&rsquo;il nous tient en sa b\u00e9n\u00e9diction.<\/p>\n\n\n\n<p>Les psaumes, avec leurs mots vrais, rudes parfois, nous permettent de faire un pas, ce petit pas d&rsquo;aujourd&rsquo;hui, vers la confiance qui ouvre la vie. Ils nous rendent aussi solidaires de tous ceux qui sont accabl\u00e9s et qui n&rsquo;en peuvent plus. Les mots des psaumes sont comme des marches, o\u00f9 nous avan\u00e7ons de degr\u00e9 en degr\u00e9, comme dans un p\u00e8lerinage vers la J\u00e9rusalem c\u00e9leste, la cit\u00e9 de Dieu, la cit\u00e9 de la vie et de la joie. Le psaume 83 dit cela de belle fa\u00e7on : \u00ab&nbsp;<em>Heureux les hommes dont tu es la force, des chemins s&rsquo;ouvrent dans leur c\u0153ur ; Quand ils traversent la vall\u00e9e de la soif, ils la changent en source. Ils vont de marches en marches, vers Dieu, \u00e0 Sion.&nbsp;<\/em>\u00bb (Ps 83, 6,7,8).<\/p>\n\n\n\n<p><strong><a href=\"http:\/\/www.benedictinsetiolles.org\/index.php\/horaires-des-offices-et-messes\/\">Tous les horaires<\/a><\/strong><\/p>\n","protected":false},"excerpt":{"rendered":"<p>La pri\u00e8re partag\u00e9e constitue le c\u0153ur de la vie du Prieur\u00e9. Elle en rythme le temps au long des jours, des semaines et de l&rsquo;ann\u00e9e. Rendre les pri\u00e8res de la tradition parlantes pour les hommes et les femmes de ce temps, est un des fondamentaux de la Communaut\u00e9 des moines [&hellip;]<\/p>\n","protected":false},"author":1,"featured_media":2604,"parent":0,"menu_order":0,"comment_status":"closed","ping_status":"closed","template":"","meta":{"footnotes":""},"class_list":["post-2","page","type-page","status-publish","has-post-thumbnail","hentry"],"_links":{"self":[{"href":"http:\/\/www.benedictinsetiolles.org\/index.php\/wp-json\/wp\/v2\/pages\/2","targetHints":{"allow":["GET"]}}],"collection":[{"href":"http:\/\/www.benedictinsetiolles.org\/index.php\/wp-json\/wp\/v2\/pages"}],"about":[{"href":"http:\/\/www.benedictinsetiolles.org\/index.php\/wp-json\/wp\/v2\/types\/page"}],"author":[{"embeddable":true,"href":"http:\/\/www.benedictinsetiolles.org\/index.php\/wp-json\/wp\/v2\/users\/1"}],"replies":[{"embeddable":true,"href":"http:\/\/www.benedictinsetiolles.org\/index.php\/wp-json\/wp\/v2\/comments?post=2"}],"version-history":[{"count":89,"href":"http:\/\/www.benedictinsetiolles.org\/index.php\/wp-json\/wp\/v2\/pages\/2\/revisions"}],"predecessor-version":[{"id":6298,"href":"http:\/\/www.benedictinsetiolles.org\/index.php\/wp-json\/wp\/v2\/pages\/2\/revisions\/6298"}],"wp:featuredmedia":[{"embeddable":true,"href":"http:\/\/www.benedictinsetiolles.org\/index.php\/wp-json\/wp\/v2\/media\/2604"}],"wp:attachment":[{"href":"http:\/\/www.benedictinsetiolles.org\/index.php\/wp-json\/wp\/v2\/media?parent=2"}],"curies":[{"name":"wp","href":"https:\/\/api.w.org\/{rel}","templated":true}]}}