{"id":246,"date":"2019-08-01T19:08:47","date_gmt":"2019-08-01T17:08:47","guid":{"rendered":"http:\/\/benedicttj.cluster026.hosting.ovh.net\/?page_id=246"},"modified":"2025-07-19T15:16:20","modified_gmt":"2025-07-19T13:16:20","slug":"contacts","status":"publish","type":"page","link":"http:\/\/www.benedictinsetiolles.org\/index.php\/prier\/contacts\/","title":{"rendered":"Prendre contact avec :"},"content":{"rendered":"\n<h3 class=\"wp-block-heading\">1- <strong><a href=\"#commu\">La Communaut\u00e9.<\/a><\/strong> UNIQUEMENT pour contacter les fr\u00e8res <\/h3>\n\n\n\n<h3 class=\"wp-block-heading\">2- <a href=\"http:\/\/www.benedictinsetiolles.org\/index.php\/prier\/contacts\/#hotel\">L\u2019H\u00f4tellerie<\/a>. UNIQUEMENT pour contacter Laurence Jacquemard charg\u00e9e de l&rsquo;accueil \u00e2 l&rsquo;h\u00f4tellerie.<\/h3>\n\n\n\n<h3 class=\"wp-block-heading\">3- \u00ab\u00a0<strong><a href=\"#propo\">Les Propositions du Prieur\u00e9\u00a0\u00bb.<\/a><\/strong> UNIQUEMENT pour contacter la personne charg\u00e9e des \u00ab\u00a0Propositions du Prieur\u00e9\u00a0\u00bb.<\/h3>\n\n\n\n<figure class=\"wp-block-image\"><img loading=\"lazy\" decoding=\"async\" width=\"1024\" height=\"301\" src=\"http:\/\/www.benedictinsetiolles.org\/wp-content\/uploads\/2019\/09\/logo-Prieure\u0301-St-Benoit-1024x301.jpg\" alt=\"\" class=\"wp-image-694\" srcset=\"http:\/\/www.benedictinsetiolles.org\/wp-content\/uploads\/2019\/09\/logo-Prieure\u0301-St-Benoit-1024x301.jpg 1024w, http:\/\/www.benedictinsetiolles.org\/wp-content\/uploads\/2019\/09\/logo-Prieure\u0301-St-Benoit-300x88.jpg 300w, http:\/\/www.benedictinsetiolles.org\/wp-content\/uploads\/2019\/09\/logo-Prieure\u0301-St-Benoit-768x226.jpg 768w, http:\/\/www.benedictinsetiolles.org\/wp-content\/uploads\/2019\/09\/logo-Prieure\u0301-St-Benoit.jpg 1600w\" sizes=\"auto, (max-width: 1024px) 100vw, 1024px\" \/><\/figure>\n\n\n\n<h3 class=\"wp-block-heading\" id=\"commu\">&gt;&gt;&gt;<\/h3>\n\n\n\n<h4 class=\"wp-block-heading has-text-color\" style=\"color:#095ff3\">la Communaut\u00e9 : pour prendre contact avec les Fr\u00e8res<\/h4>\n\n\n\n<div class=\"wpcf7 no-js\" id=\"wpcf7-f245-o1\" lang=\"fr-FR\" dir=\"ltr\" data-wpcf7-id=\"245\">\n<div class=\"screen-reader-response\"><p role=\"status\" aria-live=\"polite\" aria-atomic=\"true\"><\/p> <ul><\/ul><\/div>\n<form action=\"\/index.php\/wp-json\/wp\/v2\/pages\/246#wpcf7-f245-o1\" method=\"post\" class=\"wpcf7-form init\" aria-label=\"Formulaire de contact\" novalidate=\"novalidate\" data-status=\"init\">\n<fieldset class=\"hidden-fields-container\"><input type=\"hidden\" name=\"_wpcf7\" value=\"245\" \/><input type=\"hidden\" name=\"_wpcf7_version\" value=\"6.1.5\" \/><input type=\"hidden\" name=\"_wpcf7_locale\" value=\"fr_FR\" \/><input type=\"hidden\" name=\"_wpcf7_unit_tag\" value=\"wpcf7-f245-o1\" \/><input type=\"hidden\" name=\"_wpcf7_container_post\" value=\"0\" \/><input type=\"hidden\" name=\"_wpcf7_posted_data_hash\" value=\"\" \/>\n<\/fieldset>\n<p><label> Votre nom (obligatoire)<br \/>\n<span class=\"wpcf7-form-control-wrap\" data-name=\"your-name\"><input size=\"40\" maxlength=\"400\" class=\"wpcf7-form-control wpcf7-text wpcf7-validates-as-required\" aria-required=\"true\" aria-invalid=\"false\" value=\"\" type=\"text\" name=\"your-name\" \/><\/span> <\/label><span id=\"wpcf7-69d25bfcc45fa-wrapper\" class=\"wpcf7-form-control-wrap name-tow-wrap\" style=\"display:none !important; visibility:hidden !important;\"><label for=\"wpcf7-69d25bfcc45fa-field\" class=\"hp-message\">Veuillez laisser ce champ vide.<\/label><input id=\"wpcf7-69d25bfcc45fa-field\"  class=\"wpcf7-form-control wpcf7-text\" type=\"text\" name=\"name-tow\" value=\"\" size=\"40\" tabindex=\"-1\" autocomplete=\"new-password\" \/><\/span>\n<\/p>\n<p><label> Votre adresse de messagerie (obligatoire)<br \/>\n<span class=\"wpcf7-form-control-wrap\" data-name=\"your-email\"><input size=\"40\" maxlength=\"400\" class=\"wpcf7-form-control wpcf7-email wpcf7-validates-as-required wpcf7-text wpcf7-validates-as-email\" aria-required=\"true\" aria-invalid=\"false\" value=\"\" type=\"email\" name=\"your-email\" \/><\/span> <\/label><span id=\"wpcf7-69d25bfcc465a-wrapper\" class=\"wpcf7-form-control-wrap email-tow-wrap\" style=\"display:none !important; visibility:hidden !important;\"><label for=\"wpcf7-69d25bfcc465a-field\" class=\"hp-message\">Veuillez laisser ce champ vide.<\/label><input id=\"wpcf7-69d25bfcc465a-field\"  class=\"wpcf7-form-control wpcf7-text\" type=\"text\" name=\"email-tow\" value=\"\" size=\"40\" tabindex=\"-1\" autocomplete=\"new-password\" \/><\/span>\n<\/p>\n<p><label> Objet<br \/>\n<span class=\"wpcf7-form-control-wrap\" data-name=\"your-subject\"><input size=\"40\" maxlength=\"400\" class=\"wpcf7-form-control wpcf7-text\" aria-invalid=\"false\" value=\"\" type=\"text\" name=\"your-subject\" \/><\/span> <\/label>\n<\/p>\n<p><label> Votre message<br \/>\n<span class=\"wpcf7-form-control-wrap\" data-name=\"your-message\"><textarea cols=\"40\" rows=\"10\" maxlength=\"2000\" class=\"wpcf7-form-control wpcf7-textarea\" aria-invalid=\"false\" name=\"your-message\"><\/textarea><\/span> <\/label>\n<\/p>\n<p><input class=\"wpcf7-form-control wpcf7-submit has-spinner\" type=\"submit\" value=\"Envoyer\" \/>\n<\/p><div class=\"wpcf7-response-output\" aria-hidden=\"true\"><\/div>\n<\/form>\n<\/div>\n\n\n\n\n<h3 class=\"wp-block-heading\" id=\"hotel\">&gt;&gt;&gt;<\/h3>\n\n\n\n<h4 class=\"wp-block-heading has-text-color\" style=\"color:#0a9d5a\">L&rsquo;H\u00f4tellerie : pour \u00eatre accueilli en groupe ou en individuel <\/h4>\n\n\n\n<div class=\"wpcf7 no-js\" id=\"wpcf7-f253-o2\" lang=\"fr-FR\" dir=\"ltr\" data-wpcf7-id=\"253\">\n<div class=\"screen-reader-response\"><p role=\"status\" aria-live=\"polite\" aria-atomic=\"true\"><\/p> <ul><\/ul><\/div>\n<form action=\"\/index.php\/wp-json\/wp\/v2\/pages\/246#wpcf7-f253-o2\" method=\"post\" class=\"wpcf7-form init\" aria-label=\"Formulaire de contact\" novalidate=\"novalidate\" data-status=\"init\">\n<fieldset class=\"hidden-fields-container\"><input type=\"hidden\" name=\"_wpcf7\" value=\"253\" \/><input type=\"hidden\" name=\"_wpcf7_version\" value=\"6.1.5\" \/><input type=\"hidden\" name=\"_wpcf7_locale\" value=\"fr_FR\" \/><input type=\"hidden\" name=\"_wpcf7_unit_tag\" value=\"wpcf7-f253-o2\" \/><input type=\"hidden\" name=\"_wpcf7_container_post\" value=\"0\" \/><input type=\"hidden\" name=\"_wpcf7_posted_data_hash\" value=\"\" \/>\n<\/fieldset>\n<p><label> Votre nom (obligatoire)<br \/>\n<span class=\"wpcf7-form-control-wrap\" data-name=\"your-name\"><input size=\"40\" maxlength=\"400\" class=\"wpcf7-form-control wpcf7-text wpcf7-validates-as-required\" aria-required=\"true\" aria-invalid=\"false\" value=\"\" type=\"text\" name=\"your-name\" \/><\/span> <\/label><span id=\"wpcf7-69d25bfcc4b7e-wrapper\" class=\"wpcf7-form-control-wrap name-tow-wrap\" style=\"display:none !important; visibility:hidden !important;\"><label for=\"wpcf7-69d25bfcc4b7e-field\" class=\"hp-message\">Veuillez laisser ce champ vide.<\/label><input id=\"wpcf7-69d25bfcc4b7e-field\"  class=\"wpcf7-form-control wpcf7-text\" type=\"text\" name=\"name-tow\" value=\"\" size=\"40\" tabindex=\"-1\" autocomplete=\"new-password\" \/><\/span>\n<\/p>\n<p><label> Votre adresse de messagerie (obligatoire)<br \/>\n<span class=\"wpcf7-form-control-wrap\" data-name=\"your-email\"><input size=\"40\" maxlength=\"400\" class=\"wpcf7-form-control wpcf7-email wpcf7-validates-as-required wpcf7-text wpcf7-validates-as-email\" aria-required=\"true\" aria-invalid=\"false\" value=\"\" type=\"email\" name=\"your-email\" \/><\/span> <\/label><span id=\"wpcf7-69d25bfcc4bbb-wrapper\" class=\"wpcf7-form-control-wrap email-tow-wrap\" style=\"display:none !important; visibility:hidden !important;\"><label for=\"wpcf7-69d25bfcc4bbb-field\" class=\"hp-message\">Veuillez laisser ce champ vide.<\/label><input id=\"wpcf7-69d25bfcc4bbb-field\"  class=\"wpcf7-form-control wpcf7-text\" type=\"text\" name=\"email-tow\" value=\"\" size=\"40\" tabindex=\"-1\" autocomplete=\"new-password\" \/><\/span>\n<\/p>\n<p><label> Objet<br \/>\n<span class=\"wpcf7-form-control-wrap\" data-name=\"your-subject\"><input size=\"40\" maxlength=\"400\" class=\"wpcf7-form-control wpcf7-text\" aria-invalid=\"false\" value=\"\" type=\"text\" name=\"your-subject\" \/><\/span> <\/label>\n<\/p>\n<p><label> Votre message<br \/>\n<span class=\"wpcf7-form-control-wrap\" data-name=\"your-message\"><textarea cols=\"40\" rows=\"10\" maxlength=\"2000\" class=\"wpcf7-form-control wpcf7-textarea\" aria-invalid=\"false\" name=\"your-message\"><\/textarea><\/span> <\/label>\n<\/p>\n<p><input class=\"wpcf7-form-control wpcf7-submit has-spinner\" type=\"submit\" value=\"Envoyer\" \/>\n<\/p><div class=\"wpcf7-response-output\" aria-hidden=\"true\"><\/div>\n<\/form>\n<\/div>\n\n\n\n\n<h3 class=\"wp-block-heading\" id=\"propo\">&gt;&gt;&gt;<\/h3>\n\n\n\n<h4 class=\"wp-block-heading has-text-color\" style=\"color:#e64e08\">Pour s&rsquo;informer sur \u00ab\u00a0les Propositions du Prieur\u00e9 \u00a0\u00bb :<\/h4>\n\n\n\n<div class=\"wpcf7 no-js\" id=\"wpcf7-f357-o3\" lang=\"fr-FR\" dir=\"ltr\" data-wpcf7-id=\"357\">\n<div class=\"screen-reader-response\"><p role=\"status\" aria-live=\"polite\" aria-atomic=\"true\"><\/p> <ul><\/ul><\/div>\n<form action=\"\/index.php\/wp-json\/wp\/v2\/pages\/246#wpcf7-f357-o3\" method=\"post\" class=\"wpcf7-form init\" aria-label=\"Formulaire de contact\" novalidate=\"novalidate\" data-status=\"init\">\n<fieldset class=\"hidden-fields-container\"><input type=\"hidden\" name=\"_wpcf7\" value=\"357\" \/><input type=\"hidden\" name=\"_wpcf7_version\" value=\"6.1.5\" \/><input type=\"hidden\" name=\"_wpcf7_locale\" value=\"fr_FR\" \/><input type=\"hidden\" name=\"_wpcf7_unit_tag\" value=\"wpcf7-f357-o3\" \/><input type=\"hidden\" name=\"_wpcf7_container_post\" value=\"0\" \/><input type=\"hidden\" name=\"_wpcf7_posted_data_hash\" value=\"\" \/>\n<\/fieldset>\n<p><label> Votre nom (obligatoire)<br \/>\n<span class=\"wpcf7-form-control-wrap\" data-name=\"your-name\"><input size=\"40\" maxlength=\"400\" class=\"wpcf7-form-control wpcf7-text wpcf7-validates-as-required\" aria-required=\"true\" aria-invalid=\"false\" value=\"\" type=\"text\" name=\"your-name\" \/><\/span> <\/label><span id=\"wpcf7-69d25bfcc508f-wrapper\" class=\"wpcf7-form-control-wrap name-tow-wrap\" style=\"display:none !important; visibility:hidden !important;\"><label for=\"wpcf7-69d25bfcc508f-field\" class=\"hp-message\">Veuillez laisser ce champ vide.<\/label><input id=\"wpcf7-69d25bfcc508f-field\"  class=\"wpcf7-form-control wpcf7-text\" type=\"text\" name=\"name-tow\" value=\"\" size=\"40\" tabindex=\"-1\" autocomplete=\"new-password\" \/><\/span>\n<\/p>\n<p><label> Votre adresse de messagerie (obligatoire)<br \/>\n<span class=\"wpcf7-form-control-wrap\" data-name=\"your-email\"><input size=\"40\" maxlength=\"400\" class=\"wpcf7-form-control wpcf7-email wpcf7-validates-as-required wpcf7-text wpcf7-validates-as-email\" aria-required=\"true\" aria-invalid=\"false\" value=\"\" type=\"email\" name=\"your-email\" \/><\/span> <\/label><span id=\"wpcf7-69d25bfcc50cb-wrapper\" class=\"wpcf7-form-control-wrap email-tow-wrap\" style=\"display:none !important; visibility:hidden !important;\"><label for=\"wpcf7-69d25bfcc50cb-field\" class=\"hp-message\">Veuillez laisser ce champ vide.<\/label><input id=\"wpcf7-69d25bfcc50cb-field\"  class=\"wpcf7-form-control wpcf7-text\" type=\"text\" name=\"email-tow\" value=\"\" size=\"40\" tabindex=\"-1\" autocomplete=\"new-password\" \/><\/span>\n<\/p>\n<p><label> Objet<br \/>\n<span class=\"wpcf7-form-control-wrap\" data-name=\"your-subject\"><input size=\"40\" maxlength=\"400\" class=\"wpcf7-form-control wpcf7-text\" aria-invalid=\"false\" value=\"\" type=\"text\" name=\"your-subject\" \/><\/span> <\/label>\n<\/p>\n<p><label> Votre message<br \/>\n<span class=\"wpcf7-form-control-wrap\" data-name=\"your-message\"><textarea cols=\"40\" rows=\"10\" maxlength=\"2000\" class=\"wpcf7-form-control wpcf7-textarea\" aria-invalid=\"false\" name=\"your-message\"><\/textarea><\/span> <\/label>\n<\/p>\n<p><input class=\"wpcf7-form-control wpcf7-submit has-spinner\" type=\"submit\" value=\"Envoyer\" \/>\n<\/p><div class=\"wpcf7-response-output\" aria-hidden=\"true\"><\/div>\n<\/form>\n<\/div>\n\n","protected":false},"excerpt":{"rendered":"<p>1- La Communaut\u00e9. UNIQUEMENT pour contacter les fr\u00e8res 2- L\u2019H\u00f4tellerie. UNIQUEMENT pour contacter Laurence Jacquemard charg\u00e9e de l&rsquo;accueil \u00e2 l&rsquo;h\u00f4tellerie. 3- \u00ab\u00a0Les Propositions du Prieur\u00e9\u00a0\u00bb. UNIQUEMENT pour contacter la personne charg\u00e9e des \u00ab\u00a0Propositions du Prieur\u00e9\u00a0\u00bb. &gt;&gt;&gt; la Communaut\u00e9 : pour prendre contact avec les Fr\u00e8res &gt;&gt;&gt; L&rsquo;H\u00f4tellerie : pour \u00eatre [&hellip;]<\/p>\n","protected":false},"author":1,"featured_media":0,"parent":2,"menu_order":0,"comment_status":"closed","ping_status":"closed","template":"","meta":{"footnotes":""},"class_list":["post-246","page","type-page","status-publish","hentry"],"_links":{"self":[{"href":"http:\/\/www.benedictinsetiolles.org\/index.php\/wp-json\/wp\/v2\/pages\/246","targetHints":{"allow":["GET"]}}],"collection":[{"href":"http:\/\/www.benedictinsetiolles.org\/index.php\/wp-json\/wp\/v2\/pages"}],"about":[{"href":"http:\/\/www.benedictinsetiolles.org\/index.php\/wp-json\/wp\/v2\/types\/page"}],"author":[{"embeddable":true,"href":"http:\/\/www.benedictinsetiolles.org\/index.php\/wp-json\/wp\/v2\/users\/1"}],"replies":[{"embeddable":true,"href":"http:\/\/www.benedictinsetiolles.org\/index.php\/wp-json\/wp\/v2\/comments?post=246"}],"version-history":[{"count":40,"href":"http:\/\/www.benedictinsetiolles.org\/index.php\/wp-json\/wp\/v2\/pages\/246\/revisions"}],"predecessor-version":[{"id":7372,"href":"http:\/\/www.benedictinsetiolles.org\/index.php\/wp-json\/wp\/v2\/pages\/246\/revisions\/7372"}],"up":[{"embeddable":true,"href":"http:\/\/www.benedictinsetiolles.org\/index.php\/wp-json\/wp\/v2\/pages\/2"}],"wp:attachment":[{"href":"http:\/\/www.benedictinsetiolles.org\/index.php\/wp-json\/wp\/v2\/media?parent=246"}],"curies":[{"name":"wp","href":"https:\/\/api.w.org\/{rel}","templated":true}]}}