{"id":2471,"date":"2020-07-30T16:14:37","date_gmt":"2020-07-30T14:14:37","guid":{"rendered":"http:\/\/www.benedictinsetiolles.org\/?page_id=2471"},"modified":"2026-03-24T09:46:45","modified_gmt":"2026-03-24T08:46:45","slug":"horaires-des-offices-et-messes","status":"publish","type":"page","link":"http:\/\/www.benedictinsetiolles.org\/index.php\/horaires-des-offices-et-messes\/","title":{"rendered":"Horaires des offices et messes"},"content":{"rendered":"\n<hr class=\"wp-block-separator has-alpha-channel-opacity\"\/>\n\n\n\n<p class=\"has-header-gradient-color has-text-color has-large-font-size\"><strong>Horaire ordinaire  des offices et messe<\/strong><\/p>\n\n\n\n<p class=\"has-medium-font-size\"><mark style=\"background-color:rgba(0, 0, 0, 0);color:#aa1d34\" class=\"has-inline-color\"><strong> Les offices et les messes, tant en semaine que les dimanches, sont  ouverts au public dans la chapelle<\/strong><\/mark>. <\/p>\n\n\n\n<h2 class=\"wp-block-heading\" id=\"N25\">&gt;&gt;&gt;<\/h2>\n\n\n\n<h2 class=\"wp-block-heading\"><mark style=\"background-color:rgba(0, 0, 0, 0)\" class=\"has-inline-color has-header-gradient-color\">P\u00e2ques 2026<\/mark><\/h2>\n\n\n\n<h4 class=\"wp-block-heading has-accent-color has-white-background-color has-text-color has-background has-link-color wp-elements-296d0ca74d53c4012392d99bf05badf8\"><strong>Horaires des c\u00e9l\u00e9brations de la Semaine Sainte<\/strong>:<\/h4>\n\n\n\n<div class=\"wp-block-group\"><div class=\"wp-block-group__inner-container is-layout-constrained wp-block-group-is-layout-constrained\">\n<p class=\"has-pale-ocean-gradient-background has-background\">Dimanche 29 mars \u00e0 11 h : RAMEAUX.<\/p>\n\n\n\n<p class=\"has-pale-ocean-gradient-background has-background\">Jeudi 2 avril 2026 \u00e0 19h : JEUDI SAINT.<\/p>\n\n\n\n<p class=\"has-pale-ocean-gradient-background has-background\">Vendredi 3 avril 2026 \u00e0 19h : VENDREDI SAINT.<\/p>\n\n\n\n<p class=\"has-pale-ocean-gradient-background has-background\">Samedi 4 avril 2026 \u00e0 21h : VEILL\u00c9E PASCALE.<\/p>\n\n\n\n<p class=\"has-pale-ocean-gradient-background has-background\">Dimanche 5 avril 2026 \u00e0 11h : F\u00caTE DE P\u00c2QUES.<\/p>\n<\/div><\/div>\n\n\n<div class=\"wp-block-image\">\n<figure class=\"aligncenter\"><img loading=\"lazy\" decoding=\"async\" width=\"946\" height=\"748\" src=\"http:\/\/www.benedictinsetiolles.org\/wp-content\/uploads\/2022\/03\/messe-.jpg\" alt=\"\" class=\"wp-image-4448\" srcset=\"http:\/\/www.benedictinsetiolles.org\/wp-content\/uploads\/2022\/03\/messe-.jpg 946w, http:\/\/www.benedictinsetiolles.org\/wp-content\/uploads\/2022\/03\/messe--300x237.jpg 300w, http:\/\/www.benedictinsetiolles.org\/wp-content\/uploads\/2022\/03\/messe--768x607.jpg 768w\" sizes=\"auto, (max-width: 946px) 100vw, 946px\" \/><figcaption class=\"wp-element-caption\"><strong>Messe au Prieur\u00e9<\/strong><\/figcaption><\/figure>\n<\/div>\n\n\n<p class=\"has-header-gradient-color has-text-color has-link-color has-medium-font-size wp-elements-4814d8d6f9bdbbd3cfca2d4cebdcc2fc\"><strong>En semaine :<\/strong><\/p>\n\n\n\n<p><strong>Laudes<\/strong> : 7h30 sauf le lundi<\/p>\n\n\n\n<p><strong>Eucharistie<\/strong> : 8h  sauf le lundi<\/p>\n\n\n\n<p><strong>Pri\u00e8re du milieu du jour<\/strong> : 12h15<\/p>\n\n\n\n<p><strong>V\u00eapres<\/strong> : 18h45 sauf le lundi<\/p>\n\n\n\n<p><strong>Complies<\/strong> : 19h45 sauf le dimanche<\/p>\n\n\n\n<p class=\"has-header-gradient-color has-text-color has-link-color wp-elements-4f8d37d940874abd0a8bbcda81dbb772\"><strong>Les Dimanches :<\/strong><\/p>\n\n\n\n<p><strong>Laudes<\/strong> : 8h <\/p>\n\n\n\n<p class=\"has-black-color has-text-color has-medium-font-size\"><strong>Eucharistie<\/strong> : 11h <strong>suivi d&rsquo;un ap\u00e9ritif convivial<\/strong><\/p>\n\n\n\n<figure class=\"wp-block-image size-large is-resized\"><img loading=\"lazy\" decoding=\"async\" width=\"1024\" height=\"1024\" src=\"http:\/\/www.benedictinsetiolles.org\/wp-content\/uploads\/2023\/06\/apero1-1024x1024.jpg\" alt=\"\" class=\"wp-image-6300\" style=\"width:297px;height:auto\" srcset=\"http:\/\/www.benedictinsetiolles.org\/wp-content\/uploads\/2023\/06\/apero1-1024x1024.jpg 1024w, http:\/\/www.benedictinsetiolles.org\/wp-content\/uploads\/2023\/06\/apero1-300x300.jpg 300w, http:\/\/www.benedictinsetiolles.org\/wp-content\/uploads\/2023\/06\/apero1-150x150.jpg 150w, http:\/\/www.benedictinsetiolles.org\/wp-content\/uploads\/2023\/06\/apero1-768x768.jpg 768w, http:\/\/www.benedictinsetiolles.org\/wp-content\/uploads\/2023\/06\/apero1-1536x1536.jpg 1536w, http:\/\/www.benedictinsetiolles.org\/wp-content\/uploads\/2023\/06\/apero1-2048x2048.jpg 2048w\" sizes=\"auto, (max-width: 1024px) 100vw, 1024px\" \/><\/figure>\n\n\n\n<p>&#8212;&#8212;&#8212;&#8212;&#8212;&#8212;&#8212;&#8212;&#8212;&#8212;&#8212;&#8212;&#8212;&#8212;&#8212;&#8212;&#8212;&#8212;&#8212;&#8211;<\/p>\n\n\n\n<p class=\"has-header-gradient-color has-text-color has-large-font-size\"><strong>Selon les temps liturgiques, ces horaires peuvent \u00eatre modifi\u00e9s et seront indiqu\u00e9s sur ce site <\/strong><\/p>\n\n\n\n<p><strong>________________________________________________<\/strong><\/p>\n\n\n\n<p><\/p>\n\n\n\n<p>________________________<\/p>\n\n\n\n<p class=\"has-large-font-size\"><strong>ARCHIVES DE TEMPS FORTS AU PRIEUR\u00c9<\/strong>&#8211;                      <\/p>\n\n\n\n<p class=\"has-header-gradient-color has-text-color has-large-font-size\"><strong><kbd>La f\u00eate du Prieur\u00e9 2023 <\/kbd><\/strong><\/p>\n\n\n\n<figure class=\"wp-block-image size-large is-resized\"><img loading=\"lazy\" decoding=\"async\" width=\"724\" height=\"1024\" src=\"http:\/\/www.benedictinsetiolles.org\/wp-content\/uploads\/2023\/05\/affiche-fete-du-Prieure-18-juin-2023-page-001-724x1024.jpg\" alt=\"\" class=\"wp-image-5785\" style=\"width:510px;height:721px\" srcset=\"http:\/\/www.benedictinsetiolles.org\/wp-content\/uploads\/2023\/05\/affiche-fete-du-Prieure-18-juin-2023-page-001-724x1024.jpg 724w, http:\/\/www.benedictinsetiolles.org\/wp-content\/uploads\/2023\/05\/affiche-fete-du-Prieure-18-juin-2023-page-001-212x300.jpg 212w, http:\/\/www.benedictinsetiolles.org\/wp-content\/uploads\/2023\/05\/affiche-fete-du-Prieure-18-juin-2023-page-001-768x1086.jpg 768w, http:\/\/www.benedictinsetiolles.org\/wp-content\/uploads\/2023\/05\/affiche-fete-du-Prieure-18-juin-2023-page-001-1086x1536.jpg 1086w, http:\/\/www.benedictinsetiolles.org\/wp-content\/uploads\/2023\/05\/affiche-fete-du-Prieure-18-juin-2023-page-001.jpg 1240w\" sizes=\"auto, (max-width: 724px) 100vw, 724px\" \/><\/figure>\n\n\n\n<p class=\"has-x-large-font-size\"><\/p>\n\n\n\n<p>&#8212;&#8212;&#8212;&#8212;&#8212;&#8212;&#8212;&#8212;&#8212;&#8212;&#8212;&#8212;&#8212;&#8212;&#8212;&#8212;&#8212;&#8212;&#8212;&#8212;&#8212;&#8212;&#8212;&#8212;&#8212;&#8212;&#8212;&#8212;&#8212;&#8212;&#8212;&#8212;&#8212;&#8212;&#8212;&#8212;&#8211;<\/p>\n\n\n\n<p class=\"has-header-gradient-color has-text-color has-large-font-size\"><strong>Veill\u00e9e pascale 2023<\/strong><\/p>\n\n\n\n<figure class=\"wp-block-image size-large is-resized\"><img loading=\"lazy\" decoding=\"async\" width=\"1024\" height=\"560\" src=\"http:\/\/www.benedictinsetiolles.org\/wp-content\/uploads\/2023\/04\/20230408_232626-1024x560.jpg\" alt=\"\" class=\"wp-image-5741\" style=\"width:560px;height:306px\" srcset=\"http:\/\/www.benedictinsetiolles.org\/wp-content\/uploads\/2023\/04\/20230408_232626-1024x560.jpg 1024w, http:\/\/www.benedictinsetiolles.org\/wp-content\/uploads\/2023\/04\/20230408_232626-300x164.jpg 300w, http:\/\/www.benedictinsetiolles.org\/wp-content\/uploads\/2023\/04\/20230408_232626-768x420.jpg 768w, http:\/\/www.benedictinsetiolles.org\/wp-content\/uploads\/2023\/04\/20230408_232626-1536x841.jpg 1536w, http:\/\/www.benedictinsetiolles.org\/wp-content\/uploads\/2023\/04\/20230408_232626-2048x1121.jpg 2048w\" sizes=\"auto, (max-width: 1024px) 100vw, 1024px\" \/><\/figure>\n\n\n\n<figure class=\"wp-block-image size-large is-resized\"><img loading=\"lazy\" decoding=\"async\" width=\"768\" height=\"1024\" src=\"http:\/\/www.benedictinsetiolles.org\/wp-content\/uploads\/2023\/04\/20230408_213113-768x1024.jpg\" alt=\"\" class=\"wp-image-5740\" style=\"width:555px;height:740px\" srcset=\"http:\/\/www.benedictinsetiolles.org\/wp-content\/uploads\/2023\/04\/20230408_213113-768x1024.jpg 768w, http:\/\/www.benedictinsetiolles.org\/wp-content\/uploads\/2023\/04\/20230408_213113-225x300.jpg 225w, http:\/\/www.benedictinsetiolles.org\/wp-content\/uploads\/2023\/04\/20230408_213113-1152x1536.jpg 1152w, http:\/\/www.benedictinsetiolles.org\/wp-content\/uploads\/2023\/04\/20230408_213113-1536x2048.jpg 1536w, http:\/\/www.benedictinsetiolles.org\/wp-content\/uploads\/2023\/04\/20230408_213113-scaled.jpg 1920w\" sizes=\"auto, (max-width: 768px) 100vw, 768px\" \/><\/figure>\n\n\n\n<p><\/p>\n\n\n\n<p>&#8212;&#8212;&#8212;&#8212;&#8212;&#8212;&#8212;&#8212;&#8212;&#8212;&#8212;&#8212;&#8212;&#8212;&#8212;&#8212;&#8212;&#8212;&#8212;&#8212;&#8212;&#8212;&#8212;&#8212;&#8212;&#8212;&#8212;&#8212;&#8212;&#8212;&#8212;&#8212;&#8212;&#8212;&#8212;&#8212;<\/p>\n\n\n\n<p class=\"has-header-gradient-color has-text-color has-large-font-size\"><strong> la f\u00eate du Prieur\u00e9 du DIMANCHE 19 JUIN 2022<\/strong><\/p>\n\n\n\n<figure class=\"wp-block-image size-large is-resized\"><img loading=\"lazy\" decoding=\"async\" width=\"724\" height=\"1024\" src=\"http:\/\/www.benedictinsetiolles.org\/wp-content\/uploads\/2022\/06\/Invitation-Fete-du-Prieure-19-juin-22-page-001-2-724x1024.jpg\" alt=\"\" class=\"wp-image-4728\" style=\"width:476px;height:673px\" srcset=\"http:\/\/www.benedictinsetiolles.org\/wp-content\/uploads\/2022\/06\/Invitation-Fete-du-Prieure-19-juin-22-page-001-2-724x1024.jpg 724w, http:\/\/www.benedictinsetiolles.org\/wp-content\/uploads\/2022\/06\/Invitation-Fete-du-Prieure-19-juin-22-page-001-2-212x300.jpg 212w, http:\/\/www.benedictinsetiolles.org\/wp-content\/uploads\/2022\/06\/Invitation-Fete-du-Prieure-19-juin-22-page-001-2-768x1086.jpg 768w, http:\/\/www.benedictinsetiolles.org\/wp-content\/uploads\/2022\/06\/Invitation-Fete-du-Prieure-19-juin-22-page-001-2-1086x1536.jpg 1086w, http:\/\/www.benedictinsetiolles.org\/wp-content\/uploads\/2022\/06\/Invitation-Fete-du-Prieure-19-juin-22-page-001-2.jpg 1240w\" sizes=\"auto, (max-width: 724px) 100vw, 724px\" \/><figcaption class=\"wp-element-caption\">_________________________________________________________________________________________________<\/figcaption><\/figure>\n\n\n\n<p class=\"has-header-gradient-color has-text-color has-x-large-font-size\"><strong>P\u00e2ques<\/strong> <strong>2022<\/strong><\/p>\n\n\n\n<p class=\"has-x-large-font-size\"><strong>Veill\u00e9e au coeur du myst\u00e9rieux Po\u00eame Christique <\/strong><\/p>\n\n\n\n<p>UN MUR FLORAL<\/p>\n\n\n\n<p>symbole<\/p>\n\n\n\n<p>de cette MYST\u00c9RIEUSE  TENDRESSE<\/p>\n\n\n\n<p>venant d&rsquo;AILLEURS<\/p>\n\n\n\n<p>et inondant <\/p>\n\n\n\n<p><\/p>\n\n\n\n<p>notre terre et son humanit\u00e9 <\/p>\n\n\n\n<p>malgr\u00e9 tout&#8230;<\/p>\n\n\n\n<figure class=\"wp-block-gallery has-nested-images columns-default is-cropped wp-block-gallery-1 is-layout-flex wp-block-gallery-is-layout-flex\">\n<figure class=\"wp-block-image size-large\"><img loading=\"lazy\" decoding=\"async\" width=\"609\" height=\"1024\" data-id=\"4550\" src=\"http:\/\/www.benedictinsetiolles.org\/wp-content\/uploads\/2022\/04\/20220417_084427-609x1024.jpg\" alt=\"\" class=\"wp-image-4550\" srcset=\"http:\/\/www.benedictinsetiolles.org\/wp-content\/uploads\/2022\/04\/20220417_084427-609x1024.jpg 609w, http:\/\/www.benedictinsetiolles.org\/wp-content\/uploads\/2022\/04\/20220417_084427-178x300.jpg 178w, http:\/\/www.benedictinsetiolles.org\/wp-content\/uploads\/2022\/04\/20220417_084427-768x1291.jpg 768w, http:\/\/www.benedictinsetiolles.org\/wp-content\/uploads\/2022\/04\/20220417_084427-913x1536.jpg 913w, http:\/\/www.benedictinsetiolles.org\/wp-content\/uploads\/2022\/04\/20220417_084427-1218x2048.jpg 1218w, http:\/\/www.benedictinsetiolles.org\/wp-content\/uploads\/2022\/04\/20220417_084427-scaled.jpg 1522w\" sizes=\"auto, (max-width: 609px) 100vw, 609px\" \/><\/figure>\n\n\n\n<figure class=\"wp-block-image size-large\"><img loading=\"lazy\" decoding=\"async\" width=\"1024\" height=\"803\" data-id=\"4552\" src=\"http:\/\/www.benedictinsetiolles.org\/wp-content\/uploads\/2022\/04\/20220417_084804-1024x803.jpg\" alt=\"\" class=\"wp-image-4552\" srcset=\"http:\/\/www.benedictinsetiolles.org\/wp-content\/uploads\/2022\/04\/20220417_084804-1024x803.jpg 1024w, http:\/\/www.benedictinsetiolles.org\/wp-content\/uploads\/2022\/04\/20220417_084804-300x235.jpg 300w, http:\/\/www.benedictinsetiolles.org\/wp-content\/uploads\/2022\/04\/20220417_084804-768x602.jpg 768w, http:\/\/www.benedictinsetiolles.org\/wp-content\/uploads\/2022\/04\/20220417_084804-1536x1205.jpg 1536w, http:\/\/www.benedictinsetiolles.org\/wp-content\/uploads\/2022\/04\/20220417_084804-2048x1606.jpg 2048w\" sizes=\"auto, (max-width: 1024px) 100vw, 1024px\" \/><\/figure>\n\n\n\n<figure class=\"wp-block-image size-large\"><img loading=\"lazy\" decoding=\"async\" width=\"929\" height=\"1024\" data-id=\"4532\" src=\"http:\/\/www.benedictinsetiolles.org\/wp-content\/uploads\/2022\/04\/20220416_230440-929x1024.jpg\" alt=\"\" class=\"wp-image-4532\" srcset=\"http:\/\/www.benedictinsetiolles.org\/wp-content\/uploads\/2022\/04\/20220416_230440-929x1024.jpg 929w, http:\/\/www.benedictinsetiolles.org\/wp-content\/uploads\/2022\/04\/20220416_230440-272x300.jpg 272w, http:\/\/www.benedictinsetiolles.org\/wp-content\/uploads\/2022\/04\/20220416_230440-768x847.jpg 768w, http:\/\/www.benedictinsetiolles.org\/wp-content\/uploads\/2022\/04\/20220416_230440-1393x1536.jpg 1393w, http:\/\/www.benedictinsetiolles.org\/wp-content\/uploads\/2022\/04\/20220416_230440-1857x2048.jpg 1857w\" sizes=\"auto, (max-width: 929px) 100vw, 929px\" \/><figcaption class=\"wp-element-caption\"><strong>B\u00e9n\u00e9diction de l&rsquo;eau<\/strong><\/figcaption><\/figure>\n\n\n\n<figure class=\"wp-block-image size-large\"><img loading=\"lazy\" decoding=\"async\" width=\"1024\" height=\"984\" data-id=\"4553\" src=\"http:\/\/www.benedictinsetiolles.org\/wp-content\/uploads\/2022\/04\/20220417_085449-1024x984.jpg\" alt=\"\" class=\"wp-image-4553\" srcset=\"http:\/\/www.benedictinsetiolles.org\/wp-content\/uploads\/2022\/04\/20220417_085449-1024x984.jpg 1024w, http:\/\/www.benedictinsetiolles.org\/wp-content\/uploads\/2022\/04\/20220417_085449-300x288.jpg 300w, http:\/\/www.benedictinsetiolles.org\/wp-content\/uploads\/2022\/04\/20220417_085449-768x738.jpg 768w, http:\/\/www.benedictinsetiolles.org\/wp-content\/uploads\/2022\/04\/20220417_085449-1536x1476.jpg 1536w, http:\/\/www.benedictinsetiolles.org\/wp-content\/uploads\/2022\/04\/20220417_085449-2048x1968.jpg 2048w\" sizes=\"auto, (max-width: 1024px) 100vw, 1024px\" \/><figcaption class=\"wp-element-caption\"><strong>Lecture de l&rsquo;\u00c9vangile par trois femmes <\/strong><\/figcaption><\/figure>\n\n\n\n<figure class=\"wp-block-image size-large\"><img loading=\"lazy\" decoding=\"async\" width=\"768\" height=\"1024\" data-id=\"4535\" src=\"http:\/\/www.benedictinsetiolles.org\/wp-content\/uploads\/2022\/04\/20220416_211900-768x1024.jpg\" alt=\"\" class=\"wp-image-4535\" srcset=\"http:\/\/www.benedictinsetiolles.org\/wp-content\/uploads\/2022\/04\/20220416_211900-768x1024.jpg 768w, http:\/\/www.benedictinsetiolles.org\/wp-content\/uploads\/2022\/04\/20220416_211900-225x300.jpg 225w, http:\/\/www.benedictinsetiolles.org\/wp-content\/uploads\/2022\/04\/20220416_211900-1152x1536.jpg 1152w, http:\/\/www.benedictinsetiolles.org\/wp-content\/uploads\/2022\/04\/20220416_211900-1536x2048.jpg 1536w, http:\/\/www.benedictinsetiolles.org\/wp-content\/uploads\/2022\/04\/20220416_211900-scaled.jpg 1920w\" sizes=\"auto, (max-width: 768px) 100vw, 768px\" \/><\/figure>\n<\/figure>\n\n\n\n<p>______________________________________________________________________________________________<\/p>\n\n\n\n<figure class=\"wp-block-video\"><video height=\"1080\" style=\"aspect-ratio: 1920 \/ 1080;\" width=\"1920\" controls src=\"http:\/\/www.benedictinsetiolles.org\/wp-content\/uploads\/2022\/04\/20220416_211929.mp4\"><\/video><\/figure>\n\n\n\n<p class=\"has-accent-color has-text-color has-large-font-size\" id=\"N2021\"><strong>No\u00ebl 2021<\/strong><\/p>\n\n\n\n<p><\/p>\n\n\n\n<figure class=\"wp-block-gallery has-nested-images columns-default is-cropped wp-block-gallery-2 is-layout-flex wp-block-gallery-is-layout-flex\">\n<figure class=\"wp-block-image size-large\"><img loading=\"lazy\" decoding=\"async\" width=\"640\" height=\"864\" data-id=\"4329\" src=\"http:\/\/www.benedictinsetiolles.org\/wp-content\/uploads\/2021\/12\/received_971034833764292.jpeg\" alt=\"\" class=\"wp-image-4329\" srcset=\"http:\/\/www.benedictinsetiolles.org\/wp-content\/uploads\/2021\/12\/received_971034833764292.jpeg 640w, http:\/\/www.benedictinsetiolles.org\/wp-content\/uploads\/2021\/12\/received_971034833764292-222x300.jpeg 222w\" sizes=\"auto, (max-width: 640px) 100vw, 640px\" \/><\/figure>\n<\/figure>\n\n\n\n<p class=\"has-header-gradient-color has-text-color\">\u2010-\u2010&#8212;&#8212;&#8212;&#8212;&#8212;&#8212;&#8212;&#8212;&#8212;&#8212;&#8212;&#8212;&#8212;&#8212;&#8212;&#8212;&#8212;&#8212;-       <\/p>\n\n\n\n<p><\/p>\n\n\n<div class=\"wp-block-image\">\n<figure class=\"aligncenter size-large is-resized\"><img loading=\"lazy\" decoding=\"async\" width=\"1024\" height=\"768\" src=\"http:\/\/www.benedictinsetiolles.org\/wp-content\/uploads\/2020\/10\/messe-dans-le-parc-1024x768.jpg\" alt=\"\" class=\"wp-image-2695\" style=\"width:743px;height:558px\" srcset=\"http:\/\/www.benedictinsetiolles.org\/wp-content\/uploads\/2020\/10\/messe-dans-le-parc-1024x768.jpg 1024w, http:\/\/www.benedictinsetiolles.org\/wp-content\/uploads\/2020\/10\/messe-dans-le-parc-300x225.jpg 300w, http:\/\/www.benedictinsetiolles.org\/wp-content\/uploads\/2020\/10\/messe-dans-le-parc-768x576.jpg 768w, http:\/\/www.benedictinsetiolles.org\/wp-content\/uploads\/2020\/10\/messe-dans-le-parc-1536x1152.jpg 1536w, http:\/\/www.benedictinsetiolles.org\/wp-content\/uploads\/2020\/10\/messe-dans-le-parc.jpg 1984w\" sizes=\"auto, (max-width: 1024px) 100vw, 1024px\" \/><figcaption class=\"wp-element-caption\"><strong><span class=\"has-inline-color has-header-gradient-color\">Messe dans le parc <\/span><\/strong><\/figcaption><\/figure>\n<\/div>","protected":false},"excerpt":{"rendered":"<p>Horaire ordinaire des offices et messe Les offices et les messes, tant en semaine que les dimanches, sont ouverts au public dans la chapelle. &gt;&gt;&gt; P\u00e2ques 2026 Horaires des c\u00e9l\u00e9brations de la Semaine Sainte: Dimanche 29 mars \u00e0 11 h : RAMEAUX. Jeudi 2 avril 2026 \u00e0 19h : JEUDI [&hellip;]<\/p>\n","protected":false},"author":1,"featured_media":2151,"parent":0,"menu_order":0,"comment_status":"closed","ping_status":"closed","template":"","meta":{"footnotes":""},"class_list":["post-2471","page","type-page","status-publish","has-post-thumbnail","hentry"],"_links":{"self":[{"href":"http:\/\/www.benedictinsetiolles.org\/index.php\/wp-json\/wp\/v2\/pages\/2471","targetHints":{"allow":["GET"]}}],"collection":[{"href":"http:\/\/www.benedictinsetiolles.org\/index.php\/wp-json\/wp\/v2\/pages"}],"about":[{"href":"http:\/\/www.benedictinsetiolles.org\/index.php\/wp-json\/wp\/v2\/types\/page"}],"author":[{"embeddable":true,"href":"http:\/\/www.benedictinsetiolles.org\/index.php\/wp-json\/wp\/v2\/users\/1"}],"replies":[{"embeddable":true,"href":"http:\/\/www.benedictinsetiolles.org\/index.php\/wp-json\/wp\/v2\/comments?post=2471"}],"version-history":[{"count":256,"href":"http:\/\/www.benedictinsetiolles.org\/index.php\/wp-json\/wp\/v2\/pages\/2471\/revisions"}],"predecessor-version":[{"id":7576,"href":"http:\/\/www.benedictinsetiolles.org\/index.php\/wp-json\/wp\/v2\/pages\/2471\/revisions\/7576"}],"wp:featuredmedia":[{"embeddable":true,"href":"http:\/\/www.benedictinsetiolles.org\/index.php\/wp-json\/wp\/v2\/media\/2151"}],"wp:attachment":[{"href":"http:\/\/www.benedictinsetiolles.org\/index.php\/wp-json\/wp\/v2\/media?parent=2471"}],"curies":[{"name":"wp","href":"https:\/\/api.w.org\/{rel}","templated":true}]}}