{"id":312,"date":"2019-09-06T09:10:39","date_gmt":"2019-09-06T07:10:39","guid":{"rendered":"http:\/\/benedicttj.cluster026.hosting.ovh.net\/?page_id=312"},"modified":"2026-02-06T14:53:04","modified_gmt":"2026-02-06T13:53:04","slug":"la-bibliotheque-du-prieure","status":"publish","type":"page","link":"http:\/\/www.benedictinsetiolles.org\/index.php\/prier\/la-bibliotheque-du-prieure\/","title":{"rendered":"La Biblioth\u00e8que du Prieur\u00e9"},"content":{"rendered":"\n<p class=\"has-header-gradient-color has-text-color\"><strong><mark style=\"background-color:rgba(0, 0, 0, 0);color:#a30900\" class=\"has-inline-color\"> la biblioth\u00e9que est<\/mark>  ouverte au public .<\/strong><\/p>\n\n\n\n<p><mark style=\"background-color:rgba(0, 0, 0, 0);color:#730957\" class=\"has-inline-color\"><strong>Si besoin contacter une des responsables par t\u00e9l\u00e9phone.<\/strong><\/mark><\/p>\n\n\n\n<p><\/p>\n\n\n\n<p><\/p>\n\n\n\n<p><em><strong>\u00ab&nbsp;Les enseignements des anciens conduisent l\u2019homme&nbsp;\u00bb<\/strong><\/em> (R\u00e8gle de St Beno\u00eet ch 73)<\/p>\n\n\n\n<p class=\"has-black-color has-text-color\">Il\nn\u2019y a pas de pr\u00e9sent, ni d\u2019avenir sans pass\u00e9. L\u2019\u00e9tude\npatiente de celui-ci d\u00e9voile d\u2019o\u00f9 l\u2019on vient et \u00e9claire o\u00f9\nl\u2019on va.<\/p>\n\n\n<div class=\"wp-block-image\">\n<figure class=\"aligncenter is-resized\"><img loading=\"lazy\" decoding=\"async\" width=\"1024\" height=\"768\" src=\"http:\/\/benedicttj.cluster026.hosting.ovh.net\/wp-content\/uploads\/2019\/08\/image2-1024x768.jpeg\" alt=\"\" class=\"wp-image-313\" style=\"width:458px;height:344px\" srcset=\"http:\/\/www.benedictinsetiolles.org\/wp-content\/uploads\/2019\/08\/image2.jpeg 1024w, http:\/\/www.benedictinsetiolles.org\/wp-content\/uploads\/2019\/08\/image2-300x225.jpeg 300w, http:\/\/www.benedictinsetiolles.org\/wp-content\/uploads\/2019\/08\/image2-768x576.jpeg 768w\" sizes=\"auto, (max-width: 1024px) 100vw, 1024px\" \/><\/figure>\n<\/div>\n\n\n<p>Parmi les 15 000 ouvrages anciens ou r\u00e9cents, vous trouverez entre autres les th\u00e8mes suivants :<\/p>\n\n\n\n<ul class=\"wp-block-list\">\n<li> la Bible et ses outils, la vie monastique, la th\u00e9ologie, la liturgie, la spiritualit\u00e9 et le dialogue interreligieux, l\u2019histoire religieuse ou g\u00e9n\u00e9rale,  <\/li>\n\n\n\n<li> la philosophie, la psychologie,  <\/li>\n\n\n\n<li> l\u2019art et la litt\u00e9rature. <strong>(Certains beaux livres d\u2019Art Sacr\u00e9 ou tr\u00e8s anciens ne pourront \u00eatre consult\u00e9s que sur place).<\/strong> <\/li>\n<\/ul>\n\n\n\n<p><strong>Une\n\u00e9quipe<\/strong>&nbsp;:<\/p>\n\n\n\n<p>Six b\u00e9n\u00e9voles avec Fr. Daniel hubert ont \u00e0 c\u0153ur de mettre \u00e0 la disposition de tous ceux qui le souhaitent la richesse de cette biblioth\u00e8que.<\/p>\n\n\n\n<p><strong>Des activit\u00e9s  :<\/strong><\/p>\n\n\n\n<p>L\u2019\u00e9quipe\ntient une permanence <strong>les<\/strong>&nbsp;<strong>mercredis\nde 9h30 \u00e0 12h (Hors vacances scolaires)<\/strong><\/p>\n\n\n\n<p>Lors\nde la permanence ou sur demande,  elle assure&nbsp;:<\/p>\n\n\n\n<ul class=\"wp-block-list\">\n<li> le pr\u00eat de livres.  (Cotisation annuelle de 12\u20ac)<\/li>\n\n\n\n<li> des conseils pour approfondir certains sujets . <\/li>\n\n\n\n<li> la possibilit\u00e9 de venir y travailler . <\/li>\n<\/ul>\n\n\n\n<p><strong>Des livres spirituels <\/strong>sont mis \u00e0 disposition de tous dans une <strong>petite armoire murale au fond de la chapelle<\/strong>. Ils sont donn\u00e9s et&nbsp; ne doivent pas \u00eatre ramen\u00e9s !<\/p>\n\n\n\n<p><\/p>\n\n\n\n<p><strong>Acc\u00e8s au fichier informatis\u00e9 de la biblioth\u00e8que <\/strong>: <strong><a href=\"http:\/\/www.benedictinsetiolles.org\/index.php\/catalogue-3\/\">cliquez ici. <\/a><\/strong><\/p>\n\n\n\n<p><strong> <a href=\"mailto:bibliotheque.etiolles@gmail.com\">contact<\/a><\/strong> :<\/p>\n\n\n\n<p><strong>Par mail :<\/strong>   <a href=\"mailto:francoise.masse@cegetel.net\" data-type=\"mailto\" data-id=\"mailto:francoise.masse@cegetel.net\">francoise.masse@cegetel.net<\/a><\/p>\n\n\n\n<p><strong>Par t\u00e9l\u00e9phone<\/strong> <strong>: <\/strong><strong>Marie\u2013Fran\u00e7oise Masse  06 20 86 57 37<\/strong><\/p>\n\n\n\n<p><\/p>\n\n\n\n<p><\/p>\n\n\n\n<p> Nous serons ravis de vous accueillir pour faire vivre ce bel endroit \u2026   <\/p>\n","protected":false},"excerpt":{"rendered":"<p>la biblioth\u00e9que est ouverte au public . Si besoin contacter une des responsables par t\u00e9l\u00e9phone. \u00ab&nbsp;Les enseignements des anciens conduisent l\u2019homme&nbsp;\u00bb (R\u00e8gle de St Beno\u00eet ch 73) Il n\u2019y a pas de pr\u00e9sent, ni d\u2019avenir sans pass\u00e9. L\u2019\u00e9tude patiente de celui-ci d\u00e9voile d\u2019o\u00f9 l\u2019on vient et \u00e9claire o\u00f9 l\u2019on va. [&hellip;]<\/p>\n","protected":false},"author":1,"featured_media":314,"parent":2,"menu_order":0,"comment_status":"closed","ping_status":"closed","template":"","meta":{"footnotes":""},"class_list":["post-312","page","type-page","status-publish","has-post-thumbnail","hentry"],"_links":{"self":[{"href":"http:\/\/www.benedictinsetiolles.org\/index.php\/wp-json\/wp\/v2\/pages\/312","targetHints":{"allow":["GET"]}}],"collection":[{"href":"http:\/\/www.benedictinsetiolles.org\/index.php\/wp-json\/wp\/v2\/pages"}],"about":[{"href":"http:\/\/www.benedictinsetiolles.org\/index.php\/wp-json\/wp\/v2\/types\/page"}],"author":[{"embeddable":true,"href":"http:\/\/www.benedictinsetiolles.org\/index.php\/wp-json\/wp\/v2\/users\/1"}],"replies":[{"embeddable":true,"href":"http:\/\/www.benedictinsetiolles.org\/index.php\/wp-json\/wp\/v2\/comments?post=312"}],"version-history":[{"count":51,"href":"http:\/\/www.benedictinsetiolles.org\/index.php\/wp-json\/wp\/v2\/pages\/312\/revisions"}],"predecessor-version":[{"id":7531,"href":"http:\/\/www.benedictinsetiolles.org\/index.php\/wp-json\/wp\/v2\/pages\/312\/revisions\/7531"}],"up":[{"embeddable":true,"href":"http:\/\/www.benedictinsetiolles.org\/index.php\/wp-json\/wp\/v2\/pages\/2"}],"wp:featuredmedia":[{"embeddable":true,"href":"http:\/\/www.benedictinsetiolles.org\/index.php\/wp-json\/wp\/v2\/media\/314"}],"wp:attachment":[{"href":"http:\/\/www.benedictinsetiolles.org\/index.php\/wp-json\/wp\/v2\/media?parent=312"}],"curies":[{"name":"wp","href":"https:\/\/api.w.org\/{rel}","templated":true}]}}