{"id":3429,"date":"2021-06-07T11:49:48","date_gmt":"2021-06-07T09:49:48","guid":{"rendered":"http:\/\/www.benedictinsetiolles.org\/?page_id=3429"},"modified":"2022-06-29T16:33:18","modified_gmt":"2022-06-29T14:33:18","slug":"archives","status":"publish","type":"page","link":"http:\/\/www.benedictinsetiolles.org\/index.php\/archives\/","title":{"rendered":"Archives"},"content":{"rendered":"\n<div class=\"wp-block-themeisle-blocks-advanced-columns has-1-columns has-desktop-equal-layout has-tablet-equal-layout has-mobile-equal-layout has-default-gap has-vertical-unset\" id=\"wp-block-themeisle-blocks-advanced-columns-cec1edbe\"><div class=\"wp-block-themeisle-blocks-advanced-columns-overlay\"><\/div><div class=\"innerblocks-wrap\">\n<div class=\"wp-block-themeisle-blocks-advanced-column\" id=\"wp-block-themeisle-blocks-advanced-column-01674679\">\n<p><strong>Quelques moments des f\u00eates de la Semaine Sainte 2021<\/strong><\/p>\n\n\n\n<p><mark style=\"background-color:rgba(0, 0, 0, 0);color:#0271a0\" class=\"has-inline-color\"><strong>F\u00eate des RAMEAUX  Dimanche 28 mars 2021<\/strong><\/mark><\/p>\n\n\n\n<figure class=\"wp-block-image size-large is-resized\"><img loading=\"lazy\" decoding=\"async\" src=\"http:\/\/www.benedictinsetiolles.org\/wp-content\/uploads\/2021\/04\/Rameaux-21-2-1024x419.jpg\" alt=\"\" class=\"wp-image-3336\" width=\"760\" height=\"310\" srcset=\"http:\/\/www.benedictinsetiolles.org\/wp-content\/uploads\/2021\/04\/Rameaux-21-2-1024x419.jpg 1024w, http:\/\/www.benedictinsetiolles.org\/wp-content\/uploads\/2021\/04\/Rameaux-21-2-300x123.jpg 300w, http:\/\/www.benedictinsetiolles.org\/wp-content\/uploads\/2021\/04\/Rameaux-21-2-768x314.jpg 768w, http:\/\/www.benedictinsetiolles.org\/wp-content\/uploads\/2021\/04\/Rameaux-21-2-1536x628.jpg 1536w, http:\/\/www.benedictinsetiolles.org\/wp-content\/uploads\/2021\/04\/Rameaux-21-2-2048x837.jpg 2048w\" sizes=\"auto, (max-width: 760px) 100vw, 760px\" \/><figcaption>B\u00e9n\u00e9diction des rameaux <\/figcaption><\/figure>\n<\/div>\n<\/div><\/div>\n\n\n\n<p><strong><span class=\"has-inline-color has-accent-color\">F\u00caTES  PASCALES <\/span>2021<\/strong><\/p>\n\n\n\n<p><strong>Quelques moments des C\u00c9L\u00c9BRATIONS DU <em>TRIDUUM PASCAL<\/em><\/strong><\/p>\n\n\n\n<p><strong>Jeudi Saint 1<sup>er<\/sup> avril&nbsp;2021<\/strong><\/p>\n\n\n\n<p> Pri\u00e8re de midi <\/p>\n\n\n\n<figure class=\"wp-block-image size-large is-resized\"><img loading=\"lazy\" decoding=\"async\" src=\"http:\/\/www.benedictinsetiolles.org\/wp-content\/uploads\/2021\/04\/Priere-midi-1024x817.jpg\" alt=\"\" class=\"wp-image-3339\" width=\"508\" height=\"404\" srcset=\"http:\/\/www.benedictinsetiolles.org\/wp-content\/uploads\/2021\/04\/Priere-midi-1024x817.jpg 1024w, http:\/\/www.benedictinsetiolles.org\/wp-content\/uploads\/2021\/04\/Priere-midi-300x239.jpg 300w, http:\/\/www.benedictinsetiolles.org\/wp-content\/uploads\/2021\/04\/Priere-midi-768x613.jpg 768w, http:\/\/www.benedictinsetiolles.org\/wp-content\/uploads\/2021\/04\/Priere-midi-1536x1225.jpg 1536w, http:\/\/www.benedictinsetiolles.org\/wp-content\/uploads\/2021\/04\/Priere-midi-2048x1634.jpg 2048w\" sizes=\"auto, (max-width: 508px) 100vw, 508px\" \/><\/figure>\n\n\n\n<p> C\u00e9l\u00e9bration de la Sainte C\u00e8ne<\/p>\n\n\n\n<figure class=\"wp-block-image size-large is-resized\"><img loading=\"lazy\" decoding=\"async\" src=\"http:\/\/www.benedictinsetiolles.org\/wp-content\/uploads\/2021\/04\/chant-dentree-Ste-Cene-21-1024x612.jpg\" alt=\"\" class=\"wp-image-3340\" width=\"508\" height=\"303\" srcset=\"http:\/\/www.benedictinsetiolles.org\/wp-content\/uploads\/2021\/04\/chant-dentree-Ste-Cene-21-1024x612.jpg 1024w, http:\/\/www.benedictinsetiolles.org\/wp-content\/uploads\/2021\/04\/chant-dentree-Ste-Cene-21-300x179.jpg 300w, http:\/\/www.benedictinsetiolles.org\/wp-content\/uploads\/2021\/04\/chant-dentree-Ste-Cene-21-768x459.jpg 768w, http:\/\/www.benedictinsetiolles.org\/wp-content\/uploads\/2021\/04\/chant-dentree-Ste-Cene-21-1536x918.jpg 1536w, http:\/\/www.benedictinsetiolles.org\/wp-content\/uploads\/2021\/04\/chant-dentree-Ste-Cene-21-2048x1224.jpg 2048w\" sizes=\"auto, (max-width: 508px) 100vw, 508px\" \/><\/figure>\n\n\n\n<figure class=\"wp-block-image size-large is-resized\"><img loading=\"lazy\" decoding=\"async\" src=\"http:\/\/www.benedictinsetiolles.org\/wp-content\/uploads\/2021\/04\/lavement-des-pieds-21-851x1024.jpg\" alt=\"\" class=\"wp-image-3342\" width=\"467\" height=\"562\" srcset=\"http:\/\/www.benedictinsetiolles.org\/wp-content\/uploads\/2021\/04\/lavement-des-pieds-21-851x1024.jpg 851w, http:\/\/www.benedictinsetiolles.org\/wp-content\/uploads\/2021\/04\/lavement-des-pieds-21-249x300.jpg 249w, http:\/\/www.benedictinsetiolles.org\/wp-content\/uploads\/2021\/04\/lavement-des-pieds-21-768x925.jpg 768w, http:\/\/www.benedictinsetiolles.org\/wp-content\/uploads\/2021\/04\/lavement-des-pieds-21-1276x1536.jpg 1276w, http:\/\/www.benedictinsetiolles.org\/wp-content\/uploads\/2021\/04\/lavement-des-pieds-21-1701x2048.jpg 1701w\" sizes=\"auto, (max-width: 467px) 100vw, 467px\" \/><figcaption><em>\u00ab\u00a0Lavez-vous les pieds les uns les autres<\/em>\u00a0\u00bb <\/figcaption><\/figure>\n\n\n\n<figure class=\"wp-block-video alignleft\"><video height=\"1080\" style=\"aspect-ratio: 1920 \/ 1080;\" width=\"1920\" controls src=\"http:\/\/www.benedictinsetiolles.org\/wp-content\/uploads\/2021\/04\/chant_du_Jeudi_Saint_212.mp4\"><\/video><figcaption><strong>Chant du Jeudi Saint<\/strong><\/figcaption><\/figure>\n\n\n\n<p><strong>Vendredi Saint  2 avril 2021<\/strong><\/p>\n\n\n\n<p> C\u00e9l\u00e9bration de la Passion <\/p>\n\n\n\n<figure class=\"wp-block-image size-large is-resized\"><img loading=\"lazy\" decoding=\"async\" src=\"http:\/\/www.benedictinsetiolles.org\/wp-content\/uploads\/2021\/04\/veneration-croix-2-1024x742.jpg\" alt=\"\" class=\"wp-image-3350\" width=\"519\" height=\"375\" srcset=\"http:\/\/www.benedictinsetiolles.org\/wp-content\/uploads\/2021\/04\/veneration-croix-2-1024x742.jpg 1024w, http:\/\/www.benedictinsetiolles.org\/wp-content\/uploads\/2021\/04\/veneration-croix-2-300x217.jpg 300w, http:\/\/www.benedictinsetiolles.org\/wp-content\/uploads\/2021\/04\/veneration-croix-2-768x557.jpg 768w, http:\/\/www.benedictinsetiolles.org\/wp-content\/uploads\/2021\/04\/veneration-croix-2-1536x1113.jpg 1536w, http:\/\/www.benedictinsetiolles.org\/wp-content\/uploads\/2021\/04\/veneration-croix-2-2048x1484.jpg 2048w\" sizes=\"auto, (max-width: 519px) 100vw, 519px\" \/><figcaption><strong>V\u00e9n\u00e9ration de la Croix <\/strong><\/figcaption><\/figure>\n\n\n\n<figure class=\"wp-block-image size-large is-resized\"><img loading=\"lazy\" decoding=\"async\" src=\"http:\/\/www.benedictinsetiolles.org\/wp-content\/uploads\/2021\/04\/chant-final-1024x785.jpg\" alt=\"\" class=\"wp-image-3351\" width=\"517\" height=\"396\" srcset=\"http:\/\/www.benedictinsetiolles.org\/wp-content\/uploads\/2021\/04\/chant-final-1024x785.jpg 1024w, http:\/\/www.benedictinsetiolles.org\/wp-content\/uploads\/2021\/04\/chant-final-300x230.jpg 300w, http:\/\/www.benedictinsetiolles.org\/wp-content\/uploads\/2021\/04\/chant-final-768x589.jpg 768w, http:\/\/www.benedictinsetiolles.org\/wp-content\/uploads\/2021\/04\/chant-final-1536x1178.jpg 1536w, http:\/\/www.benedictinsetiolles.org\/wp-content\/uploads\/2021\/04\/chant-final-2048x1571.jpg 2048w\" sizes=\"auto, (max-width: 517px) 100vw, 517px\" \/><figcaption><strong>Chacun apporte sa lumi\u00e8re autour de la Croix <\/strong><\/figcaption><\/figure>\n\n\n\n<figure class=\"wp-block-image size-large is-resized\"><img loading=\"lazy\" decoding=\"async\" src=\"http:\/\/www.benedictinsetiolles.org\/wp-content\/uploads\/2021\/04\/lecture-Passion-1024x535.jpg\" alt=\"\" class=\"wp-image-3353\" width=\"837\" height=\"489\"\/><figcaption>Pour inventer d&rsquo;autres espaces &#8230;.<\/figcaption><\/figure>\n\n\n\n<p><strong>Samedi Saint 3 avril 2021 <\/strong><\/p>\n\n\n\n<p> Veill\u00e9e en Communaut\u00e9 \u00e9largie <\/p>\n\n\n\n<figure class=\"wp-block-image size-large is-resized\"><img loading=\"lazy\" decoding=\"async\" src=\"http:\/\/www.benedictinsetiolles.org\/wp-content\/uploads\/2021\/04\/veillee-communaute-elargie-1-1024x732.jpg\" alt=\"\" class=\"wp-image-3357\" width=\"503\" height=\"359\" srcset=\"http:\/\/www.benedictinsetiolles.org\/wp-content\/uploads\/2021\/04\/veillee-communaute-elargie-1-1024x732.jpg 1024w, http:\/\/www.benedictinsetiolles.org\/wp-content\/uploads\/2021\/04\/veillee-communaute-elargie-1-300x215.jpg 300w, http:\/\/www.benedictinsetiolles.org\/wp-content\/uploads\/2021\/04\/veillee-communaute-elargie-1-768x549.jpg 768w, http:\/\/www.benedictinsetiolles.org\/wp-content\/uploads\/2021\/04\/veillee-communaute-elargie-1-1536x1098.jpg 1536w, http:\/\/www.benedictinsetiolles.org\/wp-content\/uploads\/2021\/04\/veillee-communaute-elargie-1-2048x1465.jpg 2048w\" sizes=\"auto, (max-width: 503px) 100vw, 503px\" \/><figcaption><strong>Veill\u00e9e en communaut\u00e9 \u00e9largie <\/strong><br><strong>. <\/strong><\/figcaption><\/figure>\n\n\n\n<figure class=\"wp-block-image size-large is-resized\"><img loading=\"lazy\" decoding=\"async\" src=\"http:\/\/www.benedictinsetiolles.org\/wp-content\/uploads\/2021\/04\/veillee-communaute-elargie-4-892x1024.jpg\" alt=\"\" class=\"wp-image-3358\" width=\"505\" height=\"580\" srcset=\"http:\/\/www.benedictinsetiolles.org\/wp-content\/uploads\/2021\/04\/veillee-communaute-elargie-4-892x1024.jpg 892w, http:\/\/www.benedictinsetiolles.org\/wp-content\/uploads\/2021\/04\/veillee-communaute-elargie-4-261x300.jpg 261w, http:\/\/www.benedictinsetiolles.org\/wp-content\/uploads\/2021\/04\/veillee-communaute-elargie-4-768x881.jpg 768w, http:\/\/www.benedictinsetiolles.org\/wp-content\/uploads\/2021\/04\/veillee-communaute-elargie-4-1339x1536.jpg 1339w, http:\/\/www.benedictinsetiolles.org\/wp-content\/uploads\/2021\/04\/veillee-communaute-elargie-4-1785x2048.jpg 1785w\" sizes=\"auto, (max-width: 505px) 100vw, 505px\" \/><\/figure>\n\n\n\n<figure class=\"wp-block-image size-large is-resized\"><img loading=\"lazy\" decoding=\"async\" src=\"http:\/\/www.benedictinsetiolles.org\/wp-content\/uploads\/2021\/04\/veillee-communaute-elargie-2-678x1024.jpg\" alt=\"\" class=\"wp-image-3362\" width=\"498\" height=\"748\"\/><figcaption>Lecture de l&rsquo;\u00c9vangile <\/figcaption><\/figure>\n\n\n\n<p><strong>Dimanche 4 avril 2021 <\/strong><\/p>\n\n\n\n<p><mark style=\"background-color:rgba(0, 0, 0, 0);color:#a31500\" class=\"has-inline-color\"><strong>P\u00c2QUES \u00c0 L&rsquo;AURORE <\/strong><\/mark>: Eucharistie Pascale <\/p>\n\n\n\n<p>Accueil et feu pascal dans le parc <\/p>\n\n\n\n<p> <\/p>\n\n\n\n<figure class=\"wp-block-image size-large is-resized\"><img loading=\"lazy\" decoding=\"async\" src=\"http:\/\/www.benedictinsetiolles.org\/wp-content\/uploads\/2021\/03\/feu-pascal-1-768x1024.jpg\" alt=\"\" class=\"wp-image-3286\" width=\"477\" height=\"636\" srcset=\"http:\/\/www.benedictinsetiolles.org\/wp-content\/uploads\/2021\/03\/feu-pascal-1-768x1024.jpg 768w, http:\/\/www.benedictinsetiolles.org\/wp-content\/uploads\/2021\/03\/feu-pascal-1-225x300.jpg 225w, http:\/\/www.benedictinsetiolles.org\/wp-content\/uploads\/2021\/03\/feu-pascal-1-1152x1536.jpg 1152w, http:\/\/www.benedictinsetiolles.org\/wp-content\/uploads\/2021\/03\/feu-pascal-1-1536x2048.jpg 1536w, http:\/\/www.benedictinsetiolles.org\/wp-content\/uploads\/2021\/03\/feu-pascal-1-scaled.jpg 1920w\" sizes=\"auto, (max-width: 477px) 100vw, 477px\" \/><\/figure>\n\n\n\n<figure class=\"wp-block-image size-large is-resized\"><img loading=\"lazy\" decoding=\"async\" src=\"http:\/\/www.benedictinsetiolles.org\/wp-content\/uploads\/2021\/04\/cierge-pascal-2021-686x1024.jpg\" alt=\"\" class=\"wp-image-3359\" width=\"475\" height=\"709\" srcset=\"http:\/\/www.benedictinsetiolles.org\/wp-content\/uploads\/2021\/04\/cierge-pascal-2021-686x1024.jpg 686w, http:\/\/www.benedictinsetiolles.org\/wp-content\/uploads\/2021\/04\/cierge-pascal-2021-201x300.jpg 201w, http:\/\/www.benedictinsetiolles.org\/wp-content\/uploads\/2021\/04\/cierge-pascal-2021-768x1146.jpg 768w, http:\/\/www.benedictinsetiolles.org\/wp-content\/uploads\/2021\/04\/cierge-pascal-2021-1029x1536.jpg 1029w, http:\/\/www.benedictinsetiolles.org\/wp-content\/uploads\/2021\/04\/cierge-pascal-2021-1372x2048.jpg 1372w, http:\/\/www.benedictinsetiolles.org\/wp-content\/uploads\/2021\/04\/cierge-pascal-2021-scaled.jpg 1715w\" sizes=\"auto, (max-width: 475px) 100vw, 475px\" \/><figcaption>le cierge pascal <\/figcaption><\/figure>\n\n\n\n<h4 class=\"wp-block-heading\" id=\"noel\">No\u00ebl 2020 :<\/h4>\n\n\n\n<figure class=\"wp-block-image\"><img loading=\"lazy\" decoding=\"async\" width=\"1024\" height=\"804\" src=\"http:\/\/www.benedictinsetiolles.org\/wp-content\/uploads\/2020\/12\/20201224_185146-1024x804.jpg\" alt=\"\" class=\"wp-image-2946\" srcset=\"http:\/\/www.benedictinsetiolles.org\/wp-content\/uploads\/2020\/12\/20201224_185146-1024x804.jpg 1024w, http:\/\/www.benedictinsetiolles.org\/wp-content\/uploads\/2020\/12\/20201224_185146-300x235.jpg 300w, http:\/\/www.benedictinsetiolles.org\/wp-content\/uploads\/2020\/12\/20201224_185146-768x603.jpg 768w, http:\/\/www.benedictinsetiolles.org\/wp-content\/uploads\/2020\/12\/20201224_185146-1536x1206.jpg 1536w, http:\/\/www.benedictinsetiolles.org\/wp-content\/uploads\/2020\/12\/20201224_185146-2048x1607.jpg 2048w\" sizes=\"auto, (max-width: 1024px) 100vw, 1024px\" \/><figcaption>Pri\u00e8re de demande des enfants aux personnages de la cr\u00e8che<\/figcaption><\/figure>\n\n\n\n<figure class=\"wp-block-image\"><img loading=\"lazy\" decoding=\"async\" width=\"843\" height=\"507\" src=\"http:\/\/www.benedictinsetiolles.org\/wp-content\/uploads\/2020\/12\/creche-2020.jpg\" alt=\"\" class=\"wp-image-2961\" srcset=\"http:\/\/www.benedictinsetiolles.org\/wp-content\/uploads\/2020\/12\/creche-2020.jpg 843w, http:\/\/www.benedictinsetiolles.org\/wp-content\/uploads\/2020\/12\/creche-2020-300x180.jpg 300w, http:\/\/www.benedictinsetiolles.org\/wp-content\/uploads\/2020\/12\/creche-2020-768x462.jpg 768w\" sizes=\"auto, (max-width: 843px) 100vw, 843px\" \/><\/figure>\n\n\n\n<p>cr\u00e8che illumin\u00e9e par les petites flammes apport\u00e9es par les enfants<\/p>\n\n\n\n<p>\u2014\u2014\u2014\u2014\u2014\u2014\u2014\u2014\u2014\u2014\u2014\u2014\u2014\u2014\u2014\u2014\u2014\u2014\u2014\u2014\u2014\u2014\u2014\u2014\u2014\u2014\u2014\u2014\u2014\u2014\u2014\u2014\u2014\u2014\u2014\u2014\u2014\u2014\u2014\u2014\u2014-<\/p>\n\n\n\n<p>&#8212;&#8212;&#8212;&#8212;&#8212;&#8212;&#8212;&#8212;&#8212;&#8212;&#8212;&#8212;&#8212;&#8212;&#8212;&#8212;&#8212;&#8212;&#8212;&#8212;&#8212;&#8212;&#8212;&#8212;&#8211;<\/p>\n\n\n\n<p><\/p>\n","protected":false},"excerpt":{"rendered":"<p>F\u00caTES PASCALES 2021 Quelques moments des C\u00c9L\u00c9BRATIONS DU TRIDUUM PASCAL Jeudi Saint 1er avril&nbsp;2021 Pri\u00e8re de midi C\u00e9l\u00e9bration de la Sainte C\u00e8ne Vendredi Saint 2 avril 2021 C\u00e9l\u00e9bration de la Passion Samedi Saint 3 avril 2021 Veill\u00e9e en Communaut\u00e9 \u00e9largie Dimanche 4 avril 2021 P\u00c2QUES \u00c0 L&rsquo;AURORE : Eucharistie Pascale [&hellip;]<\/p>\n","protected":false},"author":1,"featured_media":0,"parent":0,"menu_order":0,"comment_status":"closed","ping_status":"closed","template":"","meta":{"footnotes":""},"class_list":["post-3429","page","type-page","status-publish","hentry"],"_links":{"self":[{"href":"http:\/\/www.benedictinsetiolles.org\/index.php\/wp-json\/wp\/v2\/pages\/3429","targetHints":{"allow":["GET"]}}],"collection":[{"href":"http:\/\/www.benedictinsetiolles.org\/index.php\/wp-json\/wp\/v2\/pages"}],"about":[{"href":"http:\/\/www.benedictinsetiolles.org\/index.php\/wp-json\/wp\/v2\/types\/page"}],"author":[{"embeddable":true,"href":"http:\/\/www.benedictinsetiolles.org\/index.php\/wp-json\/wp\/v2\/users\/1"}],"replies":[{"embeddable":true,"href":"http:\/\/www.benedictinsetiolles.org\/index.php\/wp-json\/wp\/v2\/comments?post=3429"}],"version-history":[{"count":4,"href":"http:\/\/www.benedictinsetiolles.org\/index.php\/wp-json\/wp\/v2\/pages\/3429\/revisions"}],"predecessor-version":[{"id":5349,"href":"http:\/\/www.benedictinsetiolles.org\/index.php\/wp-json\/wp\/v2\/pages\/3429\/revisions\/5349"}],"wp:attachment":[{"href":"http:\/\/www.benedictinsetiolles.org\/index.php\/wp-json\/wp\/v2\/media?parent=3429"}],"curies":[{"name":"wp","href":"https:\/\/api.w.org\/{rel}","templated":true}]}}