{"id":4214,"date":"2021-09-22T15:46:39","date_gmt":"2021-09-22T13:46:39","guid":{"rendered":"http:\/\/www.benedictinsetiolles.org\/?p=4214"},"modified":"2021-10-26T18:23:29","modified_gmt":"2021-10-26T16:23:29","slug":"ordination-presbysterale-de-frere-xuan-et-frere-can","status":"publish","type":"page","link":"http:\/\/www.benedictinsetiolles.org\/index.php\/ordination-presbysterale-de-frere-xuan-et-frere-can\/","title":{"rendered":"ORDINATION PRESBYST\u00c9RALE DE FR\u00c9RE XUAN ET FR\u00c9RE CAN"},"content":{"rendered":"\n<p>Samedi 18 septembre 2021 en l&rsquo; \u00c9glise St Martin d&rsquo;\u00c9tiolles  et en lien avec l&rsquo;abbaye cistercienne de Chau Son (Vietnam)  Monseigneur Michel Pansard a ordonn\u00e9 pr\u00eatres Fr\u00e8re Xuan et Fr\u00e8re Can. Ils ont \u00e9t\u00e9 accueillis par les fr\u00e8res b\u00e9n\u00e9dictins du Prieur\u00e9 d&rsquo;\u00c9tiolles il y a 7 ans pour des \u00e9tudes th\u00e9ologiques.<\/p>\n\n\n\n<figure class=\"wp-block-gallery columns-1 is-cropped wp-block-gallery-1 is-layout-flex wp-block-gallery-is-layout-flex\"><ul class=\"blocks-gallery-grid\"><li class=\"blocks-gallery-item\"><figure><img loading=\"lazy\" decoding=\"async\" width=\"960\" height=\"669\" src=\"http:\/\/www.benedictinsetiolles.org\/wp-content\/uploads\/2021\/09\/assemblee.jpg\" alt=\"\" data-id=\"4196\" data-full-url=\"http:\/\/www.benedictinsetiolles.org\/wp-content\/uploads\/2021\/09\/assemblee.jpg\" data-link=\"http:\/\/www.benedictinsetiolles.org\/index.php\/horaires-des-offices-et-messes\/assemblee\/\" class=\"wp-image-4196\" srcset=\"http:\/\/www.benedictinsetiolles.org\/wp-content\/uploads\/2021\/09\/assemblee.jpg 960w, http:\/\/www.benedictinsetiolles.org\/wp-content\/uploads\/2021\/09\/assemblee-300x209.jpg 300w, http:\/\/www.benedictinsetiolles.org\/wp-content\/uploads\/2021\/09\/assemblee-768x535.jpg 768w\" sizes=\"auto, (max-width: 960px) 100vw, 960px\" \/><figcaption class=\"blocks-gallery-item__caption\"><strong>Pr\u00e9sentation des fr\u00e8res Xuan et Can <\/strong><\/figcaption><\/figure><\/li><\/ul><\/figure>\n\n\n\n<p><\/p>\n\n\n\n<figure class=\"wp-block-gallery columns-1 is-cropped wp-block-gallery-2 is-layout-flex wp-block-gallery-is-layout-flex\"><ul class=\"blocks-gallery-grid\"><li class=\"blocks-gallery-item\"><figure><img loading=\"lazy\" decoding=\"async\" width=\"768\" height=\"1024\" src=\"http:\/\/www.benedictinsetiolles.org\/wp-content\/uploads\/2021\/09\/prostration-litanie-des-saints-768x1024.jpg\" alt=\"\" data-id=\"4167\" data-full-url=\"http:\/\/www.benedictinsetiolles.org\/wp-content\/uploads\/2021\/09\/prostration-litanie-des-saints-scaled.jpg\" data-link=\"http:\/\/www.benedictinsetiolles.org\/index.php\/horaires-des-offices-et-messes\/prostration-litanie-des-saints\/\" class=\"wp-image-4167\" srcset=\"http:\/\/www.benedictinsetiolles.org\/wp-content\/uploads\/2021\/09\/prostration-litanie-des-saints-768x1024.jpg 768w, http:\/\/www.benedictinsetiolles.org\/wp-content\/uploads\/2021\/09\/prostration-litanie-des-saints-225x300.jpg 225w, http:\/\/www.benedictinsetiolles.org\/wp-content\/uploads\/2021\/09\/prostration-litanie-des-saints-1152x1536.jpg 1152w, http:\/\/www.benedictinsetiolles.org\/wp-content\/uploads\/2021\/09\/prostration-litanie-des-saints-1536x2048.jpg 1536w, http:\/\/www.benedictinsetiolles.org\/wp-content\/uploads\/2021\/09\/prostration-litanie-des-saints-scaled.jpg 1920w\" sizes=\"auto, (max-width: 768px) 100vw, 768px\" \/><figcaption class=\"blocks-gallery-item__caption\"><strong>Prostration pendant la litanie des saints <\/strong><\/figcaption><\/figure><\/li><\/ul><\/figure>\n\n\n\n<p><\/p>\n\n\n\n<p><\/p>\n\n\n\n<figure class=\"wp-block-image size-large is-resized\"><img loading=\"lazy\" decoding=\"async\" src=\"http:\/\/www.benedictinsetiolles.org\/wp-content\/uploads\/2021\/09\/ordination-886x1024.jpg\" alt=\"\" class=\"wp-image-4170\" width=\"553\" height=\"637\"\/><\/figure>\n\n\n\n<p><\/p>\n\n\n\n<figure class=\"wp-block-gallery columns-1 is-cropped wp-block-gallery-3 is-layout-flex wp-block-gallery-is-layout-flex\"><ul class=\"blocks-gallery-grid\"><li class=\"blocks-gallery-item\"><figure><img loading=\"lazy\" decoding=\"async\" width=\"1024\" height=\"768\" src=\"http:\/\/www.benedictinsetiolles.org\/wp-content\/uploads\/2021\/09\/imposition-des-mains-des-prertres-1024x768.jpg\" alt=\"\" data-id=\"4174\" data-full-url=\"http:\/\/www.benedictinsetiolles.org\/wp-content\/uploads\/2021\/09\/imposition-des-mains-des-prertres-scaled.jpg\" data-link=\"http:\/\/www.benedictinsetiolles.org\/index.php\/horaires-des-offices-et-messes\/imposition-des-mains-des-prertres\/\" class=\"wp-image-4174\" srcset=\"http:\/\/www.benedictinsetiolles.org\/wp-content\/uploads\/2021\/09\/imposition-des-mains-des-prertres-1024x768.jpg 1024w, http:\/\/www.benedictinsetiolles.org\/wp-content\/uploads\/2021\/09\/imposition-des-mains-des-prertres-300x225.jpg 300w, http:\/\/www.benedictinsetiolles.org\/wp-content\/uploads\/2021\/09\/imposition-des-mains-des-prertres-768x576.jpg 768w, http:\/\/www.benedictinsetiolles.org\/wp-content\/uploads\/2021\/09\/imposition-des-mains-des-prertres-1536x1152.jpg 1536w, http:\/\/www.benedictinsetiolles.org\/wp-content\/uploads\/2021\/09\/imposition-des-mains-des-prertres-2048x1536.jpg 2048w\" sizes=\"auto, (max-width: 1024px) 100vw, 1024px\" \/><figcaption class=\"blocks-gallery-item__caption\"><strong>Imposition des mains par tous les pr\u00eatres <\/strong><\/figcaption><\/figure><\/li><\/ul><\/figure>\n\n\n\n<figure class=\"wp-block-gallery columns-2 is-cropped wp-block-gallery-4 is-layout-flex wp-block-gallery-is-layout-flex\"><ul class=\"blocks-gallery-grid\"><li class=\"blocks-gallery-item\"><figure><img loading=\"lazy\" decoding=\"async\" width=\"739\" height=\"1024\" src=\"http:\/\/www.benedictinsetiolles.org\/wp-content\/uploads\/2021\/09\/procession-des-offranders-739x1024.jpg\" alt=\"\" data-id=\"4180\" data-link=\"http:\/\/www.benedictinsetiolles.org\/index.php\/horaires-des-offices-et-messes\/procession-des-offranders\/\" class=\"wp-image-4180\" srcset=\"http:\/\/www.benedictinsetiolles.org\/wp-content\/uploads\/2021\/09\/procession-des-offranders-739x1024.jpg 739w, http:\/\/www.benedictinsetiolles.org\/wp-content\/uploads\/2021\/09\/procession-des-offranders-216x300.jpg 216w, http:\/\/www.benedictinsetiolles.org\/wp-content\/uploads\/2021\/09\/procession-des-offranders-768x1064.jpg 768w, http:\/\/www.benedictinsetiolles.org\/wp-content\/uploads\/2021\/09\/procession-des-offranders-1108x1536.jpg 1108w, http:\/\/www.benedictinsetiolles.org\/wp-content\/uploads\/2021\/09\/procession-des-offranders-1478x2048.jpg 1478w, http:\/\/www.benedictinsetiolles.org\/wp-content\/uploads\/2021\/09\/procession-des-offranders-scaled.jpg 1847w\" sizes=\"auto, (max-width: 739px) 100vw, 739px\" \/><figcaption class=\"blocks-gallery-item__caption\">Procession des offrandes<\/figcaption><\/figure><\/li><li class=\"blocks-gallery-item\"><figure><img loading=\"lazy\" decoding=\"async\" width=\"1024\" height=\"891\" src=\"http:\/\/www.benedictinsetiolles.org\/wp-content\/uploads\/2021\/09\/communion-1024x891.jpg\" alt=\"\" data-id=\"4183\" data-full-url=\"http:\/\/www.benedictinsetiolles.org\/wp-content\/uploads\/2021\/09\/communion-scaled.jpg\" data-link=\"http:\/\/www.benedictinsetiolles.org\/index.php\/horaires-des-offices-et-messes\/communion\/\" class=\"wp-image-4183\" srcset=\"http:\/\/www.benedictinsetiolles.org\/wp-content\/uploads\/2021\/09\/communion-1024x891.jpg 1024w, http:\/\/www.benedictinsetiolles.org\/wp-content\/uploads\/2021\/09\/communion-300x261.jpg 300w, http:\/\/www.benedictinsetiolles.org\/wp-content\/uploads\/2021\/09\/communion-768x668.jpg 768w, http:\/\/www.benedictinsetiolles.org\/wp-content\/uploads\/2021\/09\/communion-1536x1336.jpg 1536w, http:\/\/www.benedictinsetiolles.org\/wp-content\/uploads\/2021\/09\/communion-2048x1781.jpg 2048w\" sizes=\"auto, (max-width: 1024px) 100vw, 1024px\" \/><\/figure><\/li><\/ul><\/figure>\n\n\n\n<p><\/p>\n\n\n\n<figure class=\"wp-block-gallery columns-1 is-cropped wp-block-gallery-5 is-layout-flex wp-block-gallery-is-layout-flex\"><ul class=\"blocks-gallery-grid\"><li class=\"blocks-gallery-item\"><figure><img loading=\"lazy\" decoding=\"async\" width=\"1024\" height=\"768\" src=\"http:\/\/www.benedictinsetiolles.org\/wp-content\/uploads\/2021\/09\/repas-de-fete-1024x768.jpg\" alt=\"\" data-id=\"4191\" data-full-url=\"http:\/\/www.benedictinsetiolles.org\/wp-content\/uploads\/2021\/09\/repas-de-fete-scaled.jpg\" data-link=\"http:\/\/www.benedictinsetiolles.org\/index.php\/horaires-des-offices-et-messes\/repas-de-fete\/\" class=\"wp-image-4191\" srcset=\"http:\/\/www.benedictinsetiolles.org\/wp-content\/uploads\/2021\/09\/repas-de-fete-1024x768.jpg 1024w, http:\/\/www.benedictinsetiolles.org\/wp-content\/uploads\/2021\/09\/repas-de-fete-300x225.jpg 300w, http:\/\/www.benedictinsetiolles.org\/wp-content\/uploads\/2021\/09\/repas-de-fete-768x576.jpg 768w, http:\/\/www.benedictinsetiolles.org\/wp-content\/uploads\/2021\/09\/repas-de-fete-1536x1152.jpg 1536w, http:\/\/www.benedictinsetiolles.org\/wp-content\/uploads\/2021\/09\/repas-de-fete-2048x1536.jpg 2048w\" sizes=\"auto, (max-width: 1024px) 100vw, 1024px\" \/><figcaption class=\"blocks-gallery-item__caption\"><strong>Repas de f\u00eate au Prieur\u00e9  <\/strong><\/figcaption><\/figure><\/li><\/ul><\/figure>\n\n\n\n<p>&#8212;&#8212;&#8212;&#8212;&#8212;&#8212;&#8212;&#8212;&#8212;&#8212;&#8212;&#8212;&#8212;&#8212;&#8212;&#8212;&#8212;&#8212;&#8212;&#8212;&#8212;&#8212;&#8212;&#8212;&#8212;&#8212;&#8212;&#8212;&#8212;&#8212;&#8212;&#8212;&#8212;&#8212;&#8212;&#8212;&#8212;&#8212;&#8212;&#8212;&#8212;&#8212;&#8212;&#8211;<\/p>\n\n\n\n<p><\/p>\n\n\n\n<p>1\u00e8re MESSE DES NOUVEAUX PR\u00cbTRES AU PRIEUR\u00c9 l<strong>e dimanche 19 septembre 2021<\/strong><\/p>\n\n\n\n<figure class=\"wp-block-gallery columns-3 is-cropped wp-block-gallery-6 is-layout-flex wp-block-gallery-is-layout-flex\"><ul class=\"blocks-gallery-grid\"><li class=\"blocks-gallery-item\"><figure><img loading=\"lazy\" decoding=\"async\" width=\"1024\" height=\"768\" src=\"http:\/\/www.benedictinsetiolles.org\/wp-content\/uploads\/2021\/09\/1ere-messe-de-Xuan-et-Can-1024x768.jpg\" alt=\"\" data-id=\"4186\" data-link=\"http:\/\/www.benedictinsetiolles.org\/index.php\/horaires-des-offices-et-messes\/1ere-messe-de-xuan-et-can\/\" class=\"wp-image-4186\" srcset=\"http:\/\/www.benedictinsetiolles.org\/wp-content\/uploads\/2021\/09\/1ere-messe-de-Xuan-et-Can-1024x768.jpg 1024w, http:\/\/www.benedictinsetiolles.org\/wp-content\/uploads\/2021\/09\/1ere-messe-de-Xuan-et-Can-300x225.jpg 300w, http:\/\/www.benedictinsetiolles.org\/wp-content\/uploads\/2021\/09\/1ere-messe-de-Xuan-et-Can-768x576.jpg 768w, http:\/\/www.benedictinsetiolles.org\/wp-content\/uploads\/2021\/09\/1ere-messe-de-Xuan-et-Can-1536x1152.jpg 1536w, http:\/\/www.benedictinsetiolles.org\/wp-content\/uploads\/2021\/09\/1ere-messe-de-Xuan-et-Can-2048x1536.jpg 2048w\" sizes=\"auto, (max-width: 1024px) 100vw, 1024px\" \/><\/figure><\/li><li class=\"blocks-gallery-item\"><figure><img loading=\"lazy\" decoding=\"async\" width=\"1024\" height=\"804\" src=\"http:\/\/www.benedictinsetiolles.org\/wp-content\/uploads\/2021\/09\/avec-la-communaute-du-Prieure-1024x804.jpg\" alt=\"\" data-id=\"4187\" data-link=\"http:\/\/www.benedictinsetiolles.org\/index.php\/horaires-des-offices-et-messes\/avec-la-communaute-du-prieure\/\" class=\"wp-image-4187\" srcset=\"http:\/\/www.benedictinsetiolles.org\/wp-content\/uploads\/2021\/09\/avec-la-communaute-du-Prieure-1024x804.jpg 1024w, http:\/\/www.benedictinsetiolles.org\/wp-content\/uploads\/2021\/09\/avec-la-communaute-du-Prieure-300x235.jpg 300w, http:\/\/www.benedictinsetiolles.org\/wp-content\/uploads\/2021\/09\/avec-la-communaute-du-Prieure-768x603.jpg 768w, http:\/\/www.benedictinsetiolles.org\/wp-content\/uploads\/2021\/09\/avec-la-communaute-du-Prieure-1536x1206.jpg 1536w, http:\/\/www.benedictinsetiolles.org\/wp-content\/uploads\/2021\/09\/avec-la-communaute-du-Prieure-2048x1608.jpg 2048w\" sizes=\"auto, (max-width: 1024px) 100vw, 1024px\" \/><figcaption class=\"blocks-gallery-item__caption\">avec les fr\u00e8res du Prieur\u00e9 <\/figcaption><\/figure><\/li><li class=\"blocks-gallery-item\"><figure><img loading=\"lazy\" decoding=\"async\" width=\"1024\" height=\"538\" src=\"http:\/\/www.benedictinsetiolles.org\/wp-content\/uploads\/2021\/09\/20210919_131438-1024x538.jpg\" alt=\"\" data-id=\"4188\" data-full-url=\"http:\/\/www.benedictinsetiolles.org\/wp-content\/uploads\/2021\/09\/20210919_131438-scaled.jpg\" data-link=\"http:\/\/www.benedictinsetiolles.org\/index.php\/horaires-des-offices-et-messes\/20210919_131438\/\" class=\"wp-image-4188\" srcset=\"http:\/\/www.benedictinsetiolles.org\/wp-content\/uploads\/2021\/09\/20210919_131438-1024x538.jpg 1024w, http:\/\/www.benedictinsetiolles.org\/wp-content\/uploads\/2021\/09\/20210919_131438-300x158.jpg 300w, http:\/\/www.benedictinsetiolles.org\/wp-content\/uploads\/2021\/09\/20210919_131438-768x403.jpg 768w, http:\/\/www.benedictinsetiolles.org\/wp-content\/uploads\/2021\/09\/20210919_131438-1536x807.jpg 1536w, http:\/\/www.benedictinsetiolles.org\/wp-content\/uploads\/2021\/09\/20210919_131438-2048x1076.jpg 2048w\" sizes=\"auto, (max-width: 1024px) 100vw, 1024px\" \/><figcaption class=\"blocks-gallery-item__caption\">avec les fr\u00e8res cisterciens et dominicains <\/figcaption><\/figure><\/li><\/ul><\/figure>\n\n\n\n<p>____________________________________________________________________________________________________________________________<\/p>\n","protected":false},"excerpt":{"rendered":"<p>Samedi 18 septembre 2021 en l&rsquo; \u00c9glise St Martin d&rsquo;\u00c9tiolles et en lien avec l&rsquo;abbaye cistercienne de Chau Son (Vietnam) Monseigneur Michel Pansard a ordonn\u00e9 pr\u00eatres Fr\u00e8re Xuan et Fr\u00e8re Can. Ils ont \u00e9t\u00e9 accueillis par les fr\u00e8res b\u00e9n\u00e9dictins du Prieur\u00e9 d&rsquo;\u00c9tiolles il y a 7 ans pour des \u00e9tudes [&hellip;]<\/p>\n","protected":false},"author":1,"featured_media":4186,"parent":0,"menu_order":0,"comment_status":"open","ping_status":"open","template":"","meta":{"footnotes":""},"class_list":["post-4214","page","type-page","status-publish","has-post-thumbnail","hentry"],"_links":{"self":[{"href":"http:\/\/www.benedictinsetiolles.org\/index.php\/wp-json\/wp\/v2\/pages\/4214","targetHints":{"allow":["GET"]}}],"collection":[{"href":"http:\/\/www.benedictinsetiolles.org\/index.php\/wp-json\/wp\/v2\/pages"}],"about":[{"href":"http:\/\/www.benedictinsetiolles.org\/index.php\/wp-json\/wp\/v2\/types\/page"}],"author":[{"embeddable":true,"href":"http:\/\/www.benedictinsetiolles.org\/index.php\/wp-json\/wp\/v2\/users\/1"}],"replies":[{"embeddable":true,"href":"http:\/\/www.benedictinsetiolles.org\/index.php\/wp-json\/wp\/v2\/comments?post=4214"}],"version-history":[{"count":1,"href":"http:\/\/www.benedictinsetiolles.org\/index.php\/wp-json\/wp\/v2\/pages\/4214\/revisions"}],"predecessor-version":[{"id":4216,"href":"http:\/\/www.benedictinsetiolles.org\/index.php\/wp-json\/wp\/v2\/pages\/4214\/revisions\/4216"}],"wp:featuredmedia":[{"embeddable":true,"href":"http:\/\/www.benedictinsetiolles.org\/index.php\/wp-json\/wp\/v2\/media\/4186"}],"wp:attachment":[{"href":"http:\/\/www.benedictinsetiolles.org\/index.php\/wp-json\/wp\/v2\/media?parent=4214"}],"curies":[{"name":"wp","href":"https:\/\/api.w.org\/{rel}","templated":true}]}}