{"id":4265,"date":"2021-10-26T18:58:28","date_gmt":"2021-10-26T16:58:28","guid":{"rendered":"http:\/\/www.benedictinsetiolles.org\/?p=4265"},"modified":"2021-11-23T17:10:39","modified_gmt":"2021-11-23T16:10:39","slug":"rencontres-forum-evenements-etre-acteur-dune-societe-ecologique-et-democratique","status":"publish","type":"page","link":"http:\/\/www.benedictinsetiolles.org\/index.php\/rencontres-forum-evenements-etre-acteur-dune-societe-ecologique-et-democratique\/","title":{"rendered":"Rencontres forum-\u00e9v\u00e9nements : \u00ab\u00a0\u00catre acteur d\u2019une soci\u00e9t\u00e9 \u00e9cologique et d\u00e9mocratique\u00a0\u00bb"},"content":{"rendered":"\n<h2 class=\"wp-block-heading\"><em><strong>pour prendre la mesure de questions radicales traversant le monde et l\u2019\u00c9glise<\/strong><\/em><\/h2>\n\n\n\n<p><\/p>\n\n\n\n<div class=\"wp-block-image\"><figure class=\"alignleft size-full is-resized\"><img loading=\"lazy\" decoding=\"async\" src=\"http:\/\/www.benedictinsetiolles.org\/wp-content\/uploads\/2021\/10\/HC.jpg\" alt=\"\" class=\"wp-image-4269\" width=\"176\" height=\"176\" srcset=\"http:\/\/www.benedictinsetiolles.org\/wp-content\/uploads\/2021\/10\/HC.jpg 225w, http:\/\/www.benedictinsetiolles.org\/wp-content\/uploads\/2021\/10\/HC-150x150.jpg 150w\" sizes=\"auto, (max-width: 176px) 100vw, 176px\" \/><\/figure><\/div>\n\n\n\n<h2 class=\"wp-block-heading\"><strong>Mardi 23 Novembre 2021<\/strong> <strong>\u00e0 20h30<\/strong>.<\/h2>\n\n\n\n<h4 class=\"wp-block-heading\"><strong>Anim\u00e9 par Herv\u00e9 KEMPF, <\/strong><\/h4>\n\n\n\n<h4 class=\"wp-block-heading\"><strong><em>r\u00e9dacteur en chef de \u00ab&nbsp;Reporterre&nbsp;\u00bb<\/em><\/strong><\/h4>\n\n\n\n<p><strong><span class=\"has-inline-color has-header-gradient-color\">auteur de \u00ab\u00a0Que cr\u00e8ve le capitalisme\u00a0\u00bb <\/span><\/strong><\/p>\n\n\n\n<p><\/p>\n\n\n\n<p><\/p>\n\n\n\n<div class=\"wp-block-image\"><figure class=\"alignright size-full\"><img loading=\"lazy\" decoding=\"async\" width=\"124\" height=\"189\" src=\"http:\/\/www.benedictinsetiolles.org\/wp-content\/uploads\/2021\/07\/17A.png\" alt=\"\" class=\"wp-image-3907\"\/><\/figure><\/div>\n\n\n\n<p>Le contexte \u00e9cologique et plan\u00e9taire nous oblige plus que jamais \u00e0<br>penser et \u00e0 construire une soci\u00e9t\u00e9 plus humaine et plus<br>d\u00e9mocratique.<br>Le Pape, dans son encyclique \u00ab Laudato si \u00bb, est tr\u00e8s critique de<br>cette soci\u00e9t\u00e9 de croissance et du n\u00e9o-lib\u00e9ralisme.<br>Nous constatons combien l\u2019action politique nous \u00e9chappe tr\u00e8s<br>souvent, nous laissant dans un vide face aux urgences<br>d\u2019aujourd\u2019hui.<br>Ne sommes-nous pas en questionnement pour \u00eatre acteur<br>constructif et innovant avec d\u2019autres ?<br>Comment agir ?<br>Quelle place pour des actions qui mobilisent ? Lesquelles ?<br><strong>\u00catre acteur aujourd\u2019hui, c&rsquo;est \u00eatre rebelle \u2026<\/strong><\/p>\n\n\n\n<p><strong>Pas d\u2019inscription. Libre participation aux frais.<\/strong> <strong><a href=\"http:\/\/www.benedictinsetiolles.org\/index.php\/prier\/contacts\/#propo\">Contact : Marie-Claire Martin<\/a><\/strong><\/p>\n","protected":false},"excerpt":{"rendered":"<p>pour prendre la mesure de questions radicales traversant le monde et l\u2019\u00c9glise Mardi 23 Novembre 2021 \u00e0 20h30. Anim\u00e9 par Herv\u00e9 KEMPF, r\u00e9dacteur en chef de \u00ab&nbsp;Reporterre&nbsp;\u00bb auteur de \u00ab\u00a0Que cr\u00e8ve le capitalisme\u00a0\u00bb Le contexte \u00e9cologique et plan\u00e9taire nous oblige plus que jamais \u00e0penser et \u00e0 construire une soci\u00e9t\u00e9 plus [&hellip;]<\/p>\n","protected":false},"author":1,"featured_media":77,"parent":0,"menu_order":0,"comment_status":"open","ping_status":"open","template":"","meta":{"footnotes":""},"class_list":["post-4265","page","type-page","status-publish","has-post-thumbnail","hentry"],"_links":{"self":[{"href":"http:\/\/www.benedictinsetiolles.org\/index.php\/wp-json\/wp\/v2\/pages\/4265","targetHints":{"allow":["GET"]}}],"collection":[{"href":"http:\/\/www.benedictinsetiolles.org\/index.php\/wp-json\/wp\/v2\/pages"}],"about":[{"href":"http:\/\/www.benedictinsetiolles.org\/index.php\/wp-json\/wp\/v2\/types\/page"}],"author":[{"embeddable":true,"href":"http:\/\/www.benedictinsetiolles.org\/index.php\/wp-json\/wp\/v2\/users\/1"}],"replies":[{"embeddable":true,"href":"http:\/\/www.benedictinsetiolles.org\/index.php\/wp-json\/wp\/v2\/comments?post=4265"}],"version-history":[{"count":10,"href":"http:\/\/www.benedictinsetiolles.org\/index.php\/wp-json\/wp\/v2\/pages\/4265\/revisions"}],"predecessor-version":[{"id":4297,"href":"http:\/\/www.benedictinsetiolles.org\/index.php\/wp-json\/wp\/v2\/pages\/4265\/revisions\/4297"}],"wp:featuredmedia":[{"embeddable":true,"href":"http:\/\/www.benedictinsetiolles.org\/index.php\/wp-json\/wp\/v2\/media\/77"}],"wp:attachment":[{"href":"http:\/\/www.benedictinsetiolles.org\/index.php\/wp-json\/wp\/v2\/media?parent=4265"}],"curies":[{"name":"wp","href":"https:\/\/api.w.org\/{rel}","templated":true}]}}