{"id":4353,"date":"2022-01-08T15:34:06","date_gmt":"2022-01-08T14:34:06","guid":{"rendered":"http:\/\/www.benedictinsetiolles.org\/?p=4353"},"modified":"2022-02-02T16:13:25","modified_gmt":"2022-02-02T15:13:25","slug":"faire-eglise-autrement","status":"publish","type":"page","link":"http:\/\/www.benedictinsetiolles.org\/index.php\/faire-eglise-autrement\/","title":{"rendered":"Faire \u00c9glise autrement"},"content":{"rendered":"\n<figure class=\"wp-block-image size-full is-style-rounded\"><img loading=\"lazy\" decoding=\"async\" width=\"222\" height=\"340\" src=\"http:\/\/www.benedictinsetiolles.org\/wp-content\/uploads\/2021\/07\/17B.png\" alt=\"\" class=\"wp-image-3913\" srcset=\"http:\/\/www.benedictinsetiolles.org\/wp-content\/uploads\/2021\/07\/17B.png 222w, http:\/\/www.benedictinsetiolles.org\/wp-content\/uploads\/2021\/07\/17B-196x300.png 196w\" sizes=\"auto, (max-width: 222px) 100vw, 222px\" \/><figcaption><strong>Rencontres forum-\u00e9v\u00e9nements<\/strong><\/figcaption><\/figure>\n\n\n\n<div class=\"wp-block-file\"><a id=\"wp-block-file--media-c318bba0-601e-419e-b592-bde2d236c848\" href=\"http:\/\/www.benedictinsetiolles.org\/wp-content\/uploads\/2022\/01\/Tract-Conference-L.-Grzybowski-PDF.pdf\">Conference-L.-Grzybowski-PDF<\/a><a href=\"http:\/\/www.benedictinsetiolles.org\/wp-content\/uploads\/2022\/01\/Tract-Conference-L.-Grzybowski-PDF.pdf\" class=\"wp-block-file__button\" download aria-describedby=\"wp-block-file--media-c318bba0-601e-419e-b592-bde2d236c848\">T\u00e9l\u00e9charger<\/a><\/div>\n\n\n\n<p>Anim\u00e9 par <strong>Laurent GRZYBOWSKI<\/strong>,<\/p>\n\n\n\n<p><em>journaliste \u00e0 la Vie<\/em><\/p>\n\n\n\n<p>auteur de<strong> \u00ab&nbsp;une autre \u00c9glise est possible&nbsp;\u00bb<\/strong><\/p>\n\n\n\n<p class=\"has-background\" style=\"background-color:#f7ead0\"><strong><em>De nombreuses remises en question de l\u2019\u00c9glise appellent \u00e0 une cr\u00e9ativit\u00e9 pour faire communaut\u00e9 autrement et inventer des alternatives \u00ab&nbsp;moins dogmatiques et plus incarn\u00e9es&nbsp;\u00bb qui soient possibles en s\u2019appuyant sur la vocation de chaque baptis\u00e9.<\/em><\/strong><\/p>\n\n\n\n<p><strong>Mardi 1 F\u00e9vrier 2022<\/strong> <strong>\u00e0 20h30<\/strong><\/p>\n\n\n\n<p class=\"has-text-align-right\">Pas d\u2019inscription. Libre participation aux frais<\/p>\n","protected":false},"excerpt":{"rendered":"<p>Anim\u00e9 par Laurent GRZYBOWSKI, journaliste \u00e0 la Vie auteur de \u00ab&nbsp;une autre \u00c9glise est possible&nbsp;\u00bb De nombreuses remises en question de l\u2019\u00c9glise appellent \u00e0 une cr\u00e9ativit\u00e9 pour faire communaut\u00e9 autrement et inventer des alternatives \u00ab&nbsp;moins dogmatiques et plus incarn\u00e9es&nbsp;\u00bb qui soient possibles en s\u2019appuyant sur la vocation de chaque baptis\u00e9. [&hellip;]<\/p>\n","protected":false},"author":1,"featured_media":3913,"parent":0,"menu_order":0,"comment_status":"open","ping_status":"open","template":"","meta":{"footnotes":""},"class_list":["post-4353","page","type-page","status-publish","has-post-thumbnail","hentry"],"_links":{"self":[{"href":"http:\/\/www.benedictinsetiolles.org\/index.php\/wp-json\/wp\/v2\/pages\/4353","targetHints":{"allow":["GET"]}}],"collection":[{"href":"http:\/\/www.benedictinsetiolles.org\/index.php\/wp-json\/wp\/v2\/pages"}],"about":[{"href":"http:\/\/www.benedictinsetiolles.org\/index.php\/wp-json\/wp\/v2\/types\/page"}],"author":[{"embeddable":true,"href":"http:\/\/www.benedictinsetiolles.org\/index.php\/wp-json\/wp\/v2\/users\/1"}],"replies":[{"embeddable":true,"href":"http:\/\/www.benedictinsetiolles.org\/index.php\/wp-json\/wp\/v2\/comments?post=4353"}],"version-history":[{"count":10,"href":"http:\/\/www.benedictinsetiolles.org\/index.php\/wp-json\/wp\/v2\/pages\/4353\/revisions"}],"predecessor-version":[{"id":4400,"href":"http:\/\/www.benedictinsetiolles.org\/index.php\/wp-json\/wp\/v2\/pages\/4353\/revisions\/4400"}],"wp:featuredmedia":[{"embeddable":true,"href":"http:\/\/www.benedictinsetiolles.org\/index.php\/wp-json\/wp\/v2\/media\/3913"}],"wp:attachment":[{"href":"http:\/\/www.benedictinsetiolles.org\/index.php\/wp-json\/wp\/v2\/media?parent=4353"}],"curies":[{"name":"wp","href":"https:\/\/api.w.org\/{rel}","templated":true}]}}