{"id":489,"date":"2019-09-14T14:21:46","date_gmt":"2019-09-14T12:21:46","guid":{"rendered":"http:\/\/www.benedictinsetiolles.org\/?p=489"},"modified":"2026-02-06T21:39:36","modified_gmt":"2026-02-06T20:39:36","slug":"les-lettres-du-prieure","status":"publish","type":"page","link":"http:\/\/www.benedictinsetiolles.org\/index.php\/les-lettres-du-prieure\/","title":{"rendered":"\u00ab\u00a0Les lettres du Prieur\u00e9\u00a0\u00bb"},"content":{"rendered":"\n<p><\/p>\n\n\n<div class=\"wp-block-image is-style-default\">\n<figure class=\"alignleft size-large is-resized\"><img loading=\"lazy\" decoding=\"async\" width=\"292\" height=\"1024\" src=\"http:\/\/www.benedictinsetiolles.org\/wp-content\/uploads\/2019\/09\/lpi1-292x1024.jpg\" alt=\"\" class=\"wp-image-533\" style=\"aspect-ratio:0.28515625;width:152px;height:auto\" srcset=\"http:\/\/www.benedictinsetiolles.org\/wp-content\/uploads\/2019\/09\/lpi1-292x1024.jpg 292w, http:\/\/www.benedictinsetiolles.org\/wp-content\/uploads\/2019\/09\/lpi1-768x2692.jpg 768w, http:\/\/www.benedictinsetiolles.org\/wp-content\/uploads\/2019\/09\/lpi1.jpg 1203w\" sizes=\"auto, (max-width: 292px) 100vw, 292px\" \/><\/figure>\n<\/div>\n\n\n<p>Deux fois par an \u00ab\u00a0La lettre du Prieur\u00e9 \u00a0\u00bb tisse un lien entre tous les amis du Prieur\u00e9.  Des nouvelles de la communaut\u00e9, de ses activit\u00e9s au jour le jour, des r\u00e9flexions sur ce qui se vit en proximit\u00e9,  dans le monde sont des articles pour \u00e9clairer leur vocation de \u00ab\u00a0moines pour la vle\u00a0\u00bb.<\/p>\n\n\n\n<p><\/p>\n\n\n\n<p><\/p>\n\n\n\n<p><strong>Lettre de :<\/strong><\/p>\n\n\n\n<div class=\"wp-block-file\"><a id=\"wp-block-file--media-8d6e8723-5ef9-4b1a-aae3-88f03cd2880b\" href=\"http:\/\/www.benedictinsetiolles.org\/wp-content\/uploads\/2026\/02\/lettre-prieure-decembre-2025.pdf\">lettre-12-25<\/a><a href=\"http:\/\/www.benedictinsetiolles.org\/wp-content\/uploads\/2026\/02\/lettre-prieure-decembre-2025.pdf\" class=\"wp-block-file__button wp-element-button\" download aria-describedby=\"wp-block-file--media-8d6e8723-5ef9-4b1a-aae3-88f03cd2880b\">T\u00e9l\u00e9charger<\/a><\/div>\n\n\n\n<div class=\"wp-block-file\"><a id=\"wp-block-file--media-8e3643b0-0cc6-46b9-8cf5-f475cbaa5939\" href=\"http:\/\/www.benedictinsetiolles.org\/wp-content\/uploads\/2025\/03\/Lettre-du-Prieure-mars-2025.pdf\">Lettre-03-25<\/a><a href=\"http:\/\/www.benedictinsetiolles.org\/wp-content\/uploads\/2025\/03\/Lettre-du-Prieure-mars-2025.pdf\" class=\"wp-block-file__button wp-element-button\" download aria-describedby=\"wp-block-file--media-8e3643b0-0cc6-46b9-8cf5-f475cbaa5939\">T\u00e9l\u00e9charger<\/a><\/div>\n\n\n\n<div class=\"wp-block-file\"><a id=\"wp-block-file--media-db7b3bcc-4204-4b32-986d-d19399c81f81\" href=\"http:\/\/www.benedictinsetiolles.org\/wp-content\/uploads\/2024\/06\/lettre-06-24.pdf\">lettre-06-24<\/a><a href=\"http:\/\/www.benedictinsetiolles.org\/wp-content\/uploads\/2024\/06\/lettre-06-24.pdf\" class=\"wp-block-file__button wp-element-button\" download aria-describedby=\"wp-block-file--media-db7b3bcc-4204-4b32-986d-d19399c81f81\">T\u00e9l\u00e9charger<\/a><\/div>\n\n\n\n<div class=\"wp-block-file\"><a id=\"wp-block-file--media-19ba06c0-04f4-4710-9665-abce1e917a49\" href=\"http:\/\/www.benedictinsetiolles.org\/wp-content\/uploads\/2023\/12\/lettre-11-23.pdf\">lettre-11-23<\/a><a href=\"http:\/\/www.benedictinsetiolles.org\/wp-content\/uploads\/2023\/12\/lettre-11-23.pdf\" class=\"wp-block-file__button wp-element-button\" download aria-describedby=\"wp-block-file--media-19ba06c0-04f4-4710-9665-abce1e917a49\">T\u00e9l\u00e9charger<\/a><\/div>\n\n\n\n<div class=\"wp-block-file\"><a id=\"wp-block-file--media-6d084c62-cb6d-458e-a55a-1e7d3994ade1\" href=\"http:\/\/www.benedictinsetiolles.org\/wp-content\/uploads\/2023\/10\/lettre-04-23.pdf\">lettre-04-23<\/a><a href=\"http:\/\/www.benedictinsetiolles.org\/wp-content\/uploads\/2023\/10\/lettre-04-23.pdf\" class=\"wp-block-file__button wp-element-button\" download aria-describedby=\"wp-block-file--media-6d084c62-cb6d-458e-a55a-1e7d3994ade1\">T\u00e9l\u00e9charger<\/a><\/div>\n","protected":false},"excerpt":{"rendered":"<p>Deux fois par an \u00ab\u00a0La lettre du Prieur\u00e9 \u00a0\u00bb tisse un lien entre tous les amis du Prieur\u00e9. Des nouvelles de la communaut\u00e9, de ses activit\u00e9s au jour le jour, des r\u00e9flexions sur ce qui se vit en proximit\u00e9, dans le monde sont des articles pour \u00e9clairer leur vocation de [&hellip;]<\/p>\n","protected":false},"author":1,"featured_media":74,"parent":0,"menu_order":0,"comment_status":"closed","ping_status":"closed","template":"","meta":{"footnotes":""},"class_list":["post-489","page","type-page","status-publish","has-post-thumbnail","hentry"],"_links":{"self":[{"href":"http:\/\/www.benedictinsetiolles.org\/index.php\/wp-json\/wp\/v2\/pages\/489","targetHints":{"allow":["GET"]}}],"collection":[{"href":"http:\/\/www.benedictinsetiolles.org\/index.php\/wp-json\/wp\/v2\/pages"}],"about":[{"href":"http:\/\/www.benedictinsetiolles.org\/index.php\/wp-json\/wp\/v2\/types\/page"}],"author":[{"embeddable":true,"href":"http:\/\/www.benedictinsetiolles.org\/index.php\/wp-json\/wp\/v2\/users\/1"}],"replies":[{"embeddable":true,"href":"http:\/\/www.benedictinsetiolles.org\/index.php\/wp-json\/wp\/v2\/comments?post=489"}],"version-history":[{"count":47,"href":"http:\/\/www.benedictinsetiolles.org\/index.php\/wp-json\/wp\/v2\/pages\/489\/revisions"}],"predecessor-version":[{"id":7547,"href":"http:\/\/www.benedictinsetiolles.org\/index.php\/wp-json\/wp\/v2\/pages\/489\/revisions\/7547"}],"wp:featuredmedia":[{"embeddable":true,"href":"http:\/\/www.benedictinsetiolles.org\/index.php\/wp-json\/wp\/v2\/media\/74"}],"wp:attachment":[{"href":"http:\/\/www.benedictinsetiolles.org\/index.php\/wp-json\/wp\/v2\/media?parent=489"}],"curies":[{"name":"wp","href":"https:\/\/api.w.org\/{rel}","templated":true}]}}