{"id":497,"date":"2019-09-13T18:03:40","date_gmt":"2019-09-13T16:03:40","guid":{"rendered":"http:\/\/www.benedictinsetiolles.org\/?page_id=497"},"modified":"2025-01-04T22:54:18","modified_gmt":"2025-01-04T21:54:18","slug":"lhotellerie-du-prieure","status":"publish","type":"page","link":"http:\/\/www.benedictinsetiolles.org\/index.php\/lhotellerie-du-prieure\/","title":{"rendered":"L&rsquo;H\u00f4tellerie du Prieur\u00e9"},"content":{"rendered":"\n<p><\/p>\n\n\n\n<p class=\"has-large-font-size\"><a href=\"http:\/\/www.benedictinsetiolles.org\/index.php\/prier\/contacts\/#hotel\"><strong>Contact Intendante <\/strong><\/a>: Laurence Jacquemard <strong>accueil@benedictinsetiolles.org  <\/strong><\/p>\n\n\n\n<h4 class=\"wp-block-heading has-text-color\" style=\"color:#088d1a\"><\/h4>\n\n\n\n<p> &#8212;&#8212;&#8212;&#8212;&#8212;&#8212;&#8212;&#8212;&#8212;&#8212;&#8212;&#8212;&#8212;&#8212;&#8212;&#8212;&#8212;&#8212;&#8212;-<\/p>\n\n\n\n<h3 class=\"wp-block-heading\"><strong>L\u2019a<\/strong><strong>ccuei<\/strong><strong>l&nbsp;:<\/strong><strong> <\/strong><\/h3>\n\n\n\n<p>L\u2019H\u00f4tellerie est l\u2019un des \u00e9l\u00e9ments constitutifs de tout monast\u00e8re b\u00e9n\u00e9dictin, depuis Saint Beno\u00eet lui-m\u00eame. Les personnes qui se pr\u00e9sentent au monast\u00e8re sont des h\u00f4tes re\u00e7us avec attention et respect comme le demande la R\u00e8gle de Saint Beno\u00eet . L&rsquo;h\u00f4tellerie est occasion de rencontres diverses.<\/p>\n\n\n\n<p>Expression de la vie communautaire dans un partage fraternel des t\u00e2ches, les personnes accueillies sont re\u00e7ues avec joie dans leur recherche personnelle ou en groupe, avec le souci du respect de leur d\u00e9marche. Si elles le souhaitent, un accompagnement peut leur \u00eatre propos\u00e9.<\/p>\n\n\n\n<figure class=\"wp-block-image size-large is-resized\"><img loading=\"lazy\" decoding=\"async\" width=\"1024\" height=\"768\" src=\"http:\/\/www.benedictinsetiolles.org\/wp-content\/uploads\/2020\/10\/pot-daccueiul-1024x768.jpg\" alt=\"\" class=\"wp-image-2748\" style=\"width:511px;height:383px\" srcset=\"http:\/\/www.benedictinsetiolles.org\/wp-content\/uploads\/2020\/10\/pot-daccueiul-1024x768.jpg 1024w, http:\/\/www.benedictinsetiolles.org\/wp-content\/uploads\/2020\/10\/pot-daccueiul-300x225.jpg 300w, http:\/\/www.benedictinsetiolles.org\/wp-content\/uploads\/2020\/10\/pot-daccueiul-768x576.jpg 768w, http:\/\/www.benedictinsetiolles.org\/wp-content\/uploads\/2020\/10\/pot-daccueiul-1536x1152.jpg 1536w, http:\/\/www.benedictinsetiolles.org\/wp-content\/uploads\/2020\/10\/pot-daccueiul-2048x1536.jpg 2048w\" sizes=\"auto, (max-width: 1024px) 100vw, 1024px\" \/><figcaption class=\"wp-element-caption\">Pot d&rsquo;accueil d&rsquo;un groupe dans la v\u00e9randa <\/figcaption><\/figure>\n\n\n\n<h3 class=\"wp-block-heading\">L&rsquo;\u00e9quipe&nbsp;:<\/h3>\n\n\n\n<p>Une intendante, des\nsalari\u00e9s, des b\u00e9n\u00e9voles se relaient pour assurer pr\u00e9sence, \u00e9coute\net service, en fid\u00e9lit\u00e9 \u00e0 l\u2019esprit b\u00e9n\u00e9dictin. \n<\/p>\n\n\n\n<figure class=\"wp-block-image size-large is-resized\"><img loading=\"lazy\" decoding=\"async\" width=\"1024\" height=\"967\" src=\"http:\/\/www.benedictinsetiolles.org\/wp-content\/uploads\/2021\/07\/equipe-hotellerie-1024x967.jpg\" alt=\"\" class=\"wp-image-3576\" style=\"width:503px;height:475px\" srcset=\"http:\/\/www.benedictinsetiolles.org\/wp-content\/uploads\/2021\/07\/equipe-hotellerie-1024x967.jpg 1024w, http:\/\/www.benedictinsetiolles.org\/wp-content\/uploads\/2021\/07\/equipe-hotellerie-300x283.jpg 300w, http:\/\/www.benedictinsetiolles.org\/wp-content\/uploads\/2021\/07\/equipe-hotellerie-768x725.jpg 768w, http:\/\/www.benedictinsetiolles.org\/wp-content\/uploads\/2021\/07\/equipe-hotellerie-1536x1450.jpg 1536w, http:\/\/www.benedictinsetiolles.org\/wp-content\/uploads\/2021\/07\/equipe-hotellerie-2048x1934.jpg 2048w\" sizes=\"auto, (max-width: 1024px) 100vw, 1024px\" \/><\/figure>\n\n\n\n<h3 class=\"wp-block-heading\">L&rsquo;accueil de groupes :<\/h3>\n\n\n\n<figure class=\"wp-block-image size-large is-resized\"><img loading=\"lazy\" decoding=\"async\" width=\"1024\" height=\"813\" src=\"http:\/\/www.benedictinsetiolles.org\/wp-content\/uploads\/2020\/10\/accueil-groupe-Ledoux-1024x813.jpg\" alt=\"\" class=\"wp-image-2747\" style=\"width:495px;height:392px\" srcset=\"http:\/\/www.benedictinsetiolles.org\/wp-content\/uploads\/2020\/10\/accueil-groupe-Ledoux-1024x813.jpg 1024w, http:\/\/www.benedictinsetiolles.org\/wp-content\/uploads\/2020\/10\/accueil-groupe-Ledoux-300x238.jpg 300w, http:\/\/www.benedictinsetiolles.org\/wp-content\/uploads\/2020\/10\/accueil-groupe-Ledoux-768x609.jpg 768w, http:\/\/www.benedictinsetiolles.org\/wp-content\/uploads\/2020\/10\/accueil-groupe-Ledoux-1536x1219.jpg 1536w, http:\/\/www.benedictinsetiolles.org\/wp-content\/uploads\/2020\/10\/accueil-groupe-Ledoux-2048x1625.jpg 2048w\" sizes=\"auto, (max-width: 1024px) 100vw, 1024px\" \/><figcaption class=\"wp-element-caption\">Repas d&rsquo;un groupe accueilli <\/figcaption><\/figure>\n\n\n\n<figure class=\"wp-block-image size-large is-resized\"><img loading=\"lazy\" decoding=\"async\" width=\"926\" height=\"1024\" src=\"http:\/\/www.benedictinsetiolles.org\/wp-content\/uploads\/2024\/10\/photo-1-bis-MdeF-5-10-24-926x1024.jpg\" alt=\"\" class=\"wp-image-7135\" style=\"width:496px;height:auto\" srcset=\"http:\/\/www.benedictinsetiolles.org\/wp-content\/uploads\/2024\/10\/photo-1-bis-MdeF-5-10-24-926x1024.jpg 926w, http:\/\/www.benedictinsetiolles.org\/wp-content\/uploads\/2024\/10\/photo-1-bis-MdeF-5-10-24-271x300.jpg 271w, http:\/\/www.benedictinsetiolles.org\/wp-content\/uploads\/2024\/10\/photo-1-bis-MdeF-5-10-24-768x850.jpg 768w, http:\/\/www.benedictinsetiolles.org\/wp-content\/uploads\/2024\/10\/photo-1-bis-MdeF-5-10-24-1389x1536.jpg 1389w, http:\/\/www.benedictinsetiolles.org\/wp-content\/uploads\/2024\/10\/photo-1-bis-MdeF-5-10-24-1851x2048.jpg 1851w\" sizes=\"auto, (max-width: 926px) 100vw, 926px\" \/><\/figure>\n\n\n\n<p>Repas du groupe de la Mission d eFrance en formation<\/p>\n\n\n\n<p>Le Prieur\u00e9 peut accueillir des groupes jusqu\u2019\u00e0 30 personnes maximum, qu\u2019il y ait h\u00e9bergement ou pas. Nous disposons de 19 chambres \u00e0 1 ou 2 lits (soit 28 lits) et de trois salles de r\u00e9union de tailles diff\u00e9rentes. <\/p>\n\n\n\n<figure class=\"wp-block-gallery has-nested-images columns-default is-cropped wp-block-gallery-1 is-layout-flex wp-block-gallery-is-layout-flex\">\n<figure class=\"wp-block-image size-large\"><img loading=\"lazy\" decoding=\"async\" width=\"720\" height=\"540\" data-id=\"3559\" src=\"http:\/\/www.benedictinsetiolles.org\/wp-content\/uploads\/2021\/07\/FB_IMG_1625500665823.jpg\" alt=\"\" class=\"wp-image-3559\" srcset=\"http:\/\/www.benedictinsetiolles.org\/wp-content\/uploads\/2021\/07\/FB_IMG_1625500665823.jpg 720w, http:\/\/www.benedictinsetiolles.org\/wp-content\/uploads\/2021\/07\/FB_IMG_1625500665823-300x225.jpg 300w\" sizes=\"auto, (max-width: 720px) 100vw, 720px\" \/><\/figure>\n\n\n\n<figure class=\"wp-block-image size-large\"><img loading=\"lazy\" decoding=\"async\" width=\"720\" height=\"540\" data-id=\"3562\" src=\"http:\/\/www.benedictinsetiolles.org\/wp-content\/uploads\/2021\/07\/FB_IMG_1625500622438.jpg\" alt=\"\" class=\"wp-image-3562\" srcset=\"http:\/\/www.benedictinsetiolles.org\/wp-content\/uploads\/2021\/07\/FB_IMG_1625500622438.jpg 720w, http:\/\/www.benedictinsetiolles.org\/wp-content\/uploads\/2021\/07\/FB_IMG_1625500622438-300x225.jpg 300w\" sizes=\"auto, (max-width: 720px) 100vw, 720px\" \/><\/figure>\n<figcaption class=\"blocks-gallery-caption wp-element-caption\">R\u00e9union de l&rsquo;\u00e9quipe Essonne  du secours catholique d&rsquo;\u00c9vry<\/figcaption><\/figure>\n\n\n\n<p><\/p>\n\n\n\n<p>Des groupes de pri\u00e8re ou de r\u00e9flexion, des \u00e9quipes de foyers, des aum\u00f4neries de jeunes (\u00e0 partir de 15 ans) peuvent venir vivre 2 ou 3 Jours ou m\u00eame une journ\u00e9e avec leurs propres animateurs. Il est possible de pr\u00e9voir des interventions d&rsquo;un fr\u00e8re du Prieur\u00e9 (en le demandant au moment des inscriptions).  <\/p>\n\n\n\n<p>En participant \u00e0 la liturgie avec la Communaut\u00e9, en ouvrant la Bible, en trouvant des temps de pri\u00e8re \u00e0 la chapelle ou \u00e0 l\u2019oratoire, et aussi dans la parc, ils profiteront pleinement de ce temps privil\u00e9gi\u00e9.  <\/p>\n\n\n\n<figure class=\"wp-block-image size-large is-resized\"><img loading=\"lazy\" decoding=\"async\" width=\"768\" height=\"1024\" src=\"http:\/\/www.benedictinsetiolles.org\/wp-content\/uploads\/2020\/10\/oratoire-1-768x1024.jpg\" alt=\"\" class=\"wp-image-2767\" style=\"width:328px;height:437px\" srcset=\"http:\/\/www.benedictinsetiolles.org\/wp-content\/uploads\/2020\/10\/oratoire-1-768x1024.jpg 768w, http:\/\/www.benedictinsetiolles.org\/wp-content\/uploads\/2020\/10\/oratoire-1-225x300.jpg 225w, http:\/\/www.benedictinsetiolles.org\/wp-content\/uploads\/2020\/10\/oratoire-1-1152x1536.jpg 1152w, http:\/\/www.benedictinsetiolles.org\/wp-content\/uploads\/2020\/10\/oratoire-1-1536x2048.jpg 1536w, http:\/\/www.benedictinsetiolles.org\/wp-content\/uploads\/2020\/10\/oratoire-1-scaled.jpg 1920w\" sizes=\"auto, (max-width: 768px) 100vw, 768px\" \/><figcaption class=\"wp-element-caption\">l&rsquo;oratoire<\/figcaption><\/figure>\n\n\n\n<p><strong>L&rsquo;accueil de groupe scout <\/strong><\/p>\n\n\n\n<figure class=\"wp-block-image size-large is-resized\"><img loading=\"lazy\" decoding=\"async\" width=\"1024\" height=\"754\" src=\"http:\/\/www.benedictinsetiolles.org\/wp-content\/uploads\/2023\/06\/fe-2-1024x754.jpg\" alt=\"\" class=\"wp-image-6296\" style=\"aspect-ratio:1.3580901856763925;width:476px;height:auto\" srcset=\"http:\/\/www.benedictinsetiolles.org\/wp-content\/uploads\/2023\/06\/fe-2-1024x754.jpg 1024w, http:\/\/www.benedictinsetiolles.org\/wp-content\/uploads\/2023\/06\/fe-2-300x221.jpg 300w, http:\/\/www.benedictinsetiolles.org\/wp-content\/uploads\/2023\/06\/fe-2-768x565.jpg 768w, http:\/\/www.benedictinsetiolles.org\/wp-content\/uploads\/2023\/06\/fe-2-1536x1131.jpg 1536w, http:\/\/www.benedictinsetiolles.org\/wp-content\/uploads\/2023\/06\/fe-2-2048x1508.jpg 2048w\" sizes=\"auto, (max-width: 1024px) 100vw, 1024px\" \/><\/figure>\n\n\n\n<p>Dans le parc, un espace est r\u00e9serv\u00e9 et am\u00e9nag\u00e9 afin de pouvoir accueillir des petites \u00e9quipes de Scouts (de l\u2019ordre de la dizaine de jeunes) venant camper au Prieur\u00e9 : des rondins et du bois sec pour permettre la pr\u00e9paration des repas et une veill\u00e9e autour du feu, deux point d\u2019eau et un wc sont \u00e0 leur disposition.<\/p>\n\n\n\n<h3 class=\"wp-block-heading\">L&rsquo;accueil pour un s\u00e9jour individuel :<\/h3>\n\n\n\n<p> Le Prieur\u00e9 peut vous accueillir  aussi en s\u00e9jour individuel, de pr\u00e9f\u00e9rence en semaine.  <\/p>\n\n\n\n<ul class=\"wp-block-list\">\n<li> <strong><span class=\"has-inline-color has-header-gradient-color\">Vous d\u00e9sirez faire une coupure avec votre vie quotidienne, prendre un temps de pause, de recul, tout en prenant du temps pour Dieu.  <\/span><\/strong><\/li>\n\n\n\n<li><strong><span class=\"has-inline-color has-header-gradient-color\"> Vous d\u00e9sirez un temps d\u2019approfondissement spirituel, vous avez un questionnement personnel&#8230; <\/span><\/strong><span class=\"has-inline-color has-header-gradient-color\"> <\/span><\/li>\n<\/ul>\n\n\n\n<p> Si vous le souhaitez, un fr\u00e8re de la Communaut\u00e9 peut vous accompagner dans votre cheminement, dans votre discernement.<\/p>\n\n\n\n<h3 class=\"wp-block-heading\">Contacter l\u2019H\u00f4tellerie :<\/h3>\n\n\n\n<p> Pour s\u00e9journer au Prieur\u00e9 ou avoir des informations sur les conditions\/modalit\u00e9s d\u2019accueil : <\/p>\n\n\n\n<p class=\"has-accent-color has-text-color\">par courriel <strong><a href=\"http:\/\/www.benedictinsetiolles.org\/index.php\/page-d-accueil\/contacts\/#hotel\"> cliquez ici.<\/a><\/strong><\/p>\n\n\n\n<p><\/p>\n\n\n\n<p><\/p>\n","protected":false},"excerpt":{"rendered":"<p>Contact Intendante : Laurence Jacquemard accueil@benedictinsetiolles.org &#8212;&#8212;&#8212;&#8212;&#8212;&#8212;&#8212;&#8212;&#8212;&#8212;&#8212;&#8212;&#8212;&#8212;&#8212;&#8212;&#8212;&#8212;&#8212;- L\u2019accueil&nbsp;: L\u2019H\u00f4tellerie est l\u2019un des \u00e9l\u00e9ments constitutifs de tout monast\u00e8re b\u00e9n\u00e9dictin, depuis Saint Beno\u00eet lui-m\u00eame. Les personnes qui se pr\u00e9sentent au monast\u00e8re sont des h\u00f4tes re\u00e7us avec attention et respect comme le demande la R\u00e8gle de Saint Beno\u00eet . L&rsquo;h\u00f4tellerie est occasion de [&hellip;]<\/p>\n","protected":false},"author":1,"featured_media":0,"parent":0,"menu_order":0,"comment_status":"closed","ping_status":"closed","template":"","meta":{"footnotes":""},"class_list":["post-497","page","type-page","status-publish","hentry"],"_links":{"self":[{"href":"http:\/\/www.benedictinsetiolles.org\/index.php\/wp-json\/wp\/v2\/pages\/497","targetHints":{"allow":["GET"]}}],"collection":[{"href":"http:\/\/www.benedictinsetiolles.org\/index.php\/wp-json\/wp\/v2\/pages"}],"about":[{"href":"http:\/\/www.benedictinsetiolles.org\/index.php\/wp-json\/wp\/v2\/types\/page"}],"author":[{"embeddable":true,"href":"http:\/\/www.benedictinsetiolles.org\/index.php\/wp-json\/wp\/v2\/users\/1"}],"replies":[{"embeddable":true,"href":"http:\/\/www.benedictinsetiolles.org\/index.php\/wp-json\/wp\/v2\/comments?post=497"}],"version-history":[{"count":100,"href":"http:\/\/www.benedictinsetiolles.org\/index.php\/wp-json\/wp\/v2\/pages\/497\/revisions"}],"predecessor-version":[{"id":7273,"href":"http:\/\/www.benedictinsetiolles.org\/index.php\/wp-json\/wp\/v2\/pages\/497\/revisions\/7273"}],"wp:attachment":[{"href":"http:\/\/www.benedictinsetiolles.org\/index.php\/wp-json\/wp\/v2\/media?parent=497"}],"curies":[{"name":"wp","href":"https:\/\/api.w.org\/{rel}","templated":true}]}}