{"id":5812,"date":"2024-06-20T14:05:00","date_gmt":"2024-06-20T12:05:00","guid":{"rendered":"http:\/\/www.benedictinsetiolles.org\/?page_id=5812"},"modified":"2025-02-26T10:47:27","modified_gmt":"2025-02-26T09:47:27","slug":"des-rencontres-avec-la-communaute-vietnamienne","status":"publish","type":"page","link":"http:\/\/www.benedictinsetiolles.org\/index.php\/des-rencontres-avec-la-communaute-vietnamienne\/","title":{"rendered":"Des rencontres avec la Communaut\u00e9 vietnamienne"},"content":{"rendered":"\n<p>Elles sont initi\u00e9es par Fr. Xuan et les amis vietnamiens.<\/p>\n\n\n\n<p><\/p>\n\n\n<figure class=\"wp-block-image size-large is-resized\"><img loading=\"lazy\" decoding=\"async\" width=\"769\" height=\"1024\" src=\"http:\/\/www.benedictinsetiolles.org\/wp-content\/uploads\/2023\/06\/xuan-769x1024.jpg\" alt=\"\" class=\"wp-image-6100\" style=\"width:281px;height:374px\" srcset=\"http:\/\/www.benedictinsetiolles.org\/wp-content\/uploads\/2023\/06\/xuan-769x1024.jpg 769w, http:\/\/www.benedictinsetiolles.org\/wp-content\/uploads\/2023\/06\/xuan-225x300.jpg 225w, http:\/\/www.benedictinsetiolles.org\/wp-content\/uploads\/2023\/06\/xuan-768x1023.jpg 768w, http:\/\/www.benedictinsetiolles.org\/wp-content\/uploads\/2023\/06\/xuan.jpg 980w\" sizes=\"auto, (max-width: 769px) 100vw, 769px\" \/><\/figure>\n\n\n<p>Fr Xuan a suivi des \u00e9tudes \u00e0 l&rsquo;Institut Catholique de Paris et a r\u00e9dig\u00e9 un m\u00e9moire de fin d&rsquo;\u00e9tudes en mai 2021 sur la \u00ab\u00a0Th\u00e9ologie du Dieu unique dans le syncr\u00e9tisme du caoda\u00efsme vietnamien au XXe si\u00e8cle\u00a0\u00bb<\/p>\n\n\n\n<div class=\"wp-block-file\"><a id=\"wp-block-file--media-55d024db-822a-4556-aec0-8150626f6099\" href=\"http:\/\/www.benedictinsetiolles.org\/wp-content\/uploads\/2023\/07\/memoire-XUAN.pdf\">memoire-XUAN<\/a><a href=\"http:\/\/www.benedictinsetiolles.org\/wp-content\/uploads\/2023\/07\/memoire-XUAN.pdf\" class=\"wp-block-file__button wp-element-button\" download aria-describedby=\"wp-block-file--media-55d024db-822a-4556-aec0-8150626f6099\">T\u00e9l\u00e9charger<\/a><\/div>\n\n\n\n<p>&#8212;&#8212;&#8212;&#8212;&#8212;&#8212;&#8212;&#8212;&#8212;&#8212;&#8212;&#8212;&#8212;&#8212;&#8212;&#8212;&#8212;&#8212;&#8212;&#8212;-<\/p>\n\n\n\n<p class=\"has-black-color has-text-color\"><strong>Un groupe Biblique <\/strong>est anim\u00e9 un dimanche par mois (\u00e0 partir de 16h) au Prieur\u00e9 par Fr. Xuan, avec un temps de partage sur la Parole de Dieu suivi d\u2019un temps convivial<\/p>\n\n\n\n<p class=\"has-header-gradient-color has-text-color has-medium-font-size\"><strong>Prochaine rencontre : dimanche 9 mars \u00e0 16h suivi d&rsquo;un repas convivial<\/strong><\/p>\n\n\n\n<p>_______________<\/p>\n\n\n\n<p><strong>Des rencontres festives et repas amicaux <\/strong>sont organis\u00e9s avec les amis de cette Communaut\u00e9 vietnamienne.<\/p>\n\n\n\n<p>_______________<\/p>\n\n\n\n<p><strong>F\u00caTE  DU T\u00caT AU PRIEUR\u00c9 le dimanche 16 f\u00e9vrier 2025 <\/strong><\/p>\n\n\n\n<p>11h : messe et rite des anc\u00eatres <\/p>\n\n\n\n<p>12h30 : Repas <\/p>\n\n\n\n<p>14h : animation chants et jeux <\/p>\n\n\n\n<figure class=\"wp-block-image size-large\"><img loading=\"lazy\" decoding=\"async\" width=\"1024\" height=\"724\" src=\"http:\/\/www.benedictinsetiolles.org\/wp-content\/uploads\/2025\/02\/Nha-page-001-1024x724.jpg\" alt=\"\" class=\"wp-image-7310\" srcset=\"http:\/\/www.benedictinsetiolles.org\/wp-content\/uploads\/2025\/02\/Nha-page-001-1024x724.jpg 1024w, http:\/\/www.benedictinsetiolles.org\/wp-content\/uploads\/2025\/02\/Nha-page-001-300x212.jpg 300w, http:\/\/www.benedictinsetiolles.org\/wp-content\/uploads\/2025\/02\/Nha-page-001-768x543.jpg 768w, http:\/\/www.benedictinsetiolles.org\/wp-content\/uploads\/2025\/02\/Nha-page-001-1536x1086.jpg 1536w, http:\/\/www.benedictinsetiolles.org\/wp-content\/uploads\/2025\/02\/Nha-page-001.jpg 1754w\" sizes=\"auto, (max-width: 1024px) 100vw, 1024px\" \/><\/figure>\n\n\n\n<p>__________________<\/p>\n\n\n\n<p><strong>ARCHIVES<\/strong><\/p>\n\n\n\n<p><strong>Une Veill\u00e9e d&rsquo;Avent le dimanche 15 D\u00e9cembre 202<\/strong>4 <strong>\u00e0 16h30<\/strong><\/p>\n\n\n\n<p class=\"has-medium-font-size\"><strong>Participation \u00e0 la f\u00eate du Prieur\u00e9  18 juin 2023<\/strong> : <strong>la fraternit\u00e9 dans sa diversit\u00e9 <\/strong><\/p>\n\n\n\n<p><\/p>\n\n\n<figure class=\"wp-block-image size-large is-resized\"><img loading=\"lazy\" decoding=\"async\" width=\"1024\" height=\"1024\" src=\"http:\/\/www.benedictinsetiolles.org\/wp-content\/uploads\/2023\/06\/20230618_120833-1024x1024.jpg\" alt=\"\" class=\"wp-image-6050\" style=\"width: 549px; height: 549px;\" srcset=\"http:\/\/www.benedictinsetiolles.org\/wp-content\/uploads\/2023\/06\/20230618_120833-1024x1024.jpg 1024w, http:\/\/www.benedictinsetiolles.org\/wp-content\/uploads\/2023\/06\/20230618_120833-300x300.jpg 300w, http:\/\/www.benedictinsetiolles.org\/wp-content\/uploads\/2023\/06\/20230618_120833-150x150.jpg 150w, http:\/\/www.benedictinsetiolles.org\/wp-content\/uploads\/2023\/06\/20230618_120833-768x768.jpg 768w, http:\/\/www.benedictinsetiolles.org\/wp-content\/uploads\/2023\/06\/20230618_120833-1536x1536.jpg 1536w, http:\/\/www.benedictinsetiolles.org\/wp-content\/uploads\/2023\/06\/20230618_120833-2048x2048.jpg 2048w\" sizes=\"auto, (max-width: 1024px) 100vw, 1024px\" \/><\/figure>\n<figure class=\"wp-block-image size-large is-resized\"><img loading=\"lazy\" decoding=\"async\" width=\"1024\" height=\"768\" src=\"http:\/\/www.benedictinsetiolles.org\/wp-content\/uploads\/2023\/06\/20230618_171134-1024x768.jpg\" alt=\"\" class=\"wp-image-6052\" style=\"width: 554px; height: 416px;\" srcset=\"http:\/\/www.benedictinsetiolles.org\/wp-content\/uploads\/2023\/06\/20230618_171134-1024x768.jpg 1024w, http:\/\/www.benedictinsetiolles.org\/wp-content\/uploads\/2023\/06\/20230618_171134-300x225.jpg 300w, http:\/\/www.benedictinsetiolles.org\/wp-content\/uploads\/2023\/06\/20230618_171134-768x576.jpg 768w, http:\/\/www.benedictinsetiolles.org\/wp-content\/uploads\/2023\/06\/20230618_171134-1536x1152.jpg 1536w, http:\/\/www.benedictinsetiolles.org\/wp-content\/uploads\/2023\/06\/20230618_171134-2048x1536.jpg 2048w\" sizes=\"auto, (max-width: 1024px) 100vw, 1024px\" \/><\/figure>\n\n\n<p>Lecture de l&rsquo;\u00c9vangile par Fr. Odilon <\/p>\n\n\n<figure class=\"wp-block-image size-large is-resized\"><img loading=\"lazy\" decoding=\"async\" width=\"1024\" height=\"779\" src=\"http:\/\/www.benedictinsetiolles.org\/wp-content\/uploads\/2023\/06\/20230618_171323-1024x779.jpg\" alt=\"\" class=\"wp-image-6054\" style=\"width: 559px; height: 425px;\" srcset=\"http:\/\/www.benedictinsetiolles.org\/wp-content\/uploads\/2023\/06\/20230618_171323-1024x779.jpg 1024w, http:\/\/www.benedictinsetiolles.org\/wp-content\/uploads\/2023\/06\/20230618_171323-300x228.jpg 300w, http:\/\/www.benedictinsetiolles.org\/wp-content\/uploads\/2023\/06\/20230618_171323-768x584.jpg 768w, http:\/\/www.benedictinsetiolles.org\/wp-content\/uploads\/2023\/06\/20230618_171323-1536x1168.jpg 1536w, http:\/\/www.benedictinsetiolles.org\/wp-content\/uploads\/2023\/06\/20230618_171323-2048x1557.jpg 2048w\" sizes=\"auto, (max-width: 1024px) 100vw, 1024px\" \/><\/figure>\n\n\n<p class=\"has-medium-font-size\"><strong>Animation de l&rsquo;apr\u00e9s midi <\/strong><\/p>\n\n\n\n<figure class=\"wp-block-image size-full\"><img loading=\"lazy\" decoding=\"async\" width=\"720\" height=\"364\" src=\"http:\/\/www.benedictinsetiolles.org\/wp-content\/uploads\/2023\/06\/FB_IMG_1687108966092.jpg\" alt=\"\" class=\"wp-image-6056\" srcset=\"http:\/\/www.benedictinsetiolles.org\/wp-content\/uploads\/2023\/06\/FB_IMG_1687108966092.jpg 720w, http:\/\/www.benedictinsetiolles.org\/wp-content\/uploads\/2023\/06\/FB_IMG_1687108966092-300x152.jpg 300w\" sizes=\"auto, (max-width: 720px) 100vw, 720px\" \/><\/figure>\n\n\n\n<p><\/p>\n\n\n\n<figure class=\"wp-block-image size-full\"><img loading=\"lazy\" decoding=\"async\" width=\"720\" height=\"346\" src=\"http:\/\/www.benedictinsetiolles.org\/wp-content\/uploads\/2023\/06\/FB_IMG_1687108925020.jpg\" alt=\"\" class=\"wp-image-6058\" srcset=\"http:\/\/www.benedictinsetiolles.org\/wp-content\/uploads\/2023\/06\/FB_IMG_1687108925020.jpg 720w, http:\/\/www.benedictinsetiolles.org\/wp-content\/uploads\/2023\/06\/FB_IMG_1687108925020-300x144.jpg 300w\" sizes=\"auto, (max-width: 720px) 100vw, 720px\" \/><\/figure>\n\n\n\n<p>________________<\/p>\n\n\n\n<p class=\"has-medium-font-size\"><strong>La f\u00eate du T\u00eat <\/strong><\/p>\n\n\n\n<p>C&rsquo;est une occasion de vivre un moment festif de rencontre interculturelle et intercultuelle. Ce temps est si important pour leurs traditions et pour f\u00eater la nouvelle ann\u00e9e avec d\u2019autres amis.<\/p>\n\n\n\n<p>&#8212;&#8212;&#8212;&#8212;&#8212;&#8212;&#8212;&#8212;&#8212;&#8212;&#8212;&#8212;&#8212;&#8212;-<\/p>\n\n\n\n<p class=\"has-header-gradient-color has-text-color\"><strong> F\u00caTE  DU  T\u00caT au PRIEUR\u00c9 le dimanche 18 f\u00e9vrier 2024.<\/strong><\/p>\n\n\n\n<p><em><strong>Contacter&nbsp;: <a href=\"mailto:manhxuanoc@gmail.com\">Fr. XUAN<\/a><\/strong><\/em><\/p>\n\n\n\n<figure class=\"wp-block-image size-full\"><img loading=\"lazy\" decoding=\"async\" width=\"720\" height=\"323\" src=\"http:\/\/www.benedictinsetiolles.org\/wp-content\/uploads\/2024\/02\/accueil-fete-du-tet.jpg\" alt=\"\" class=\"wp-image-6732\" srcset=\"http:\/\/www.benedictinsetiolles.org\/wp-content\/uploads\/2024\/02\/accueil-fete-du-tet.jpg 720w, http:\/\/www.benedictinsetiolles.org\/wp-content\/uploads\/2024\/02\/accueil-fete-du-tet-300x135.jpg 300w\" sizes=\"auto, (max-width: 720px) 100vw, 720px\" \/><\/figure>\n\n\n\n<figure class=\"wp-block-image size-large is-resized\"><img loading=\"lazy\" decoding=\"async\" width=\"1024\" height=\"724\" src=\"http:\/\/www.benedictinsetiolles.org\/wp-content\/uploads\/2024\/02\/Invitation-Tet-2024-avec-coupon-reponse-page-001-1-1024x724.jpg\" alt=\"\" class=\"wp-image-6728\" style=\"width:840px;height:auto\" srcset=\"http:\/\/www.benedictinsetiolles.org\/wp-content\/uploads\/2024\/02\/Invitation-Tet-2024-avec-coupon-reponse-page-001-1-1024x724.jpg 1024w, http:\/\/www.benedictinsetiolles.org\/wp-content\/uploads\/2024\/02\/Invitation-Tet-2024-avec-coupon-reponse-page-001-1-300x212.jpg 300w, http:\/\/www.benedictinsetiolles.org\/wp-content\/uploads\/2024\/02\/Invitation-Tet-2024-avec-coupon-reponse-page-001-1-768x543.jpg 768w, http:\/\/www.benedictinsetiolles.org\/wp-content\/uploads\/2024\/02\/Invitation-Tet-2024-avec-coupon-reponse-page-001-1-1536x1086.jpg 1536w, http:\/\/www.benedictinsetiolles.org\/wp-content\/uploads\/2024\/02\/Invitation-Tet-2024-avec-coupon-reponse-page-001-1.jpg 1754w\" sizes=\"auto, (max-width: 1024px) 100vw, 1024px\" \/><\/figure>\n\n\n\n<figure class=\"wp-block-image size-large is-resized\"><img loading=\"lazy\" decoding=\"async\" width=\"1024\" height=\"768\" src=\"http:\/\/www.benedictinsetiolles.org\/wp-content\/uploads\/2024\/02\/messe-fete-du-tet-1024x768.jpg\" alt=\"\" class=\"wp-image-6729\" style=\"width:574px;height:auto\" srcset=\"http:\/\/www.benedictinsetiolles.org\/wp-content\/uploads\/2024\/02\/messe-fete-du-tet-1024x768.jpg 1024w, http:\/\/www.benedictinsetiolles.org\/wp-content\/uploads\/2024\/02\/messe-fete-du-tet-300x225.jpg 300w, http:\/\/www.benedictinsetiolles.org\/wp-content\/uploads\/2024\/02\/messe-fete-du-tet-768x576.jpg 768w, http:\/\/www.benedictinsetiolles.org\/wp-content\/uploads\/2024\/02\/messe-fete-du-tet-1536x1152.jpg 1536w, http:\/\/www.benedictinsetiolles.org\/wp-content\/uploads\/2024\/02\/messe-fete-du-tet.jpg 1600w\" sizes=\"auto, (max-width: 1024px) 100vw, 1024px\" \/><\/figure>\n\n\n\n<figure class=\"wp-block-image size-large is-resized\"><img loading=\"lazy\" decoding=\"async\" width=\"1024\" height=\"768\" src=\"http:\/\/www.benedictinsetiolles.org\/wp-content\/uploads\/2024\/02\/eucharistie-fete-du-tet-1024x768.jpg\" alt=\"\" class=\"wp-image-6733\" style=\"width:573px;height:auto\" srcset=\"http:\/\/www.benedictinsetiolles.org\/wp-content\/uploads\/2024\/02\/eucharistie-fete-du-tet-1024x768.jpg 1024w, http:\/\/www.benedictinsetiolles.org\/wp-content\/uploads\/2024\/02\/eucharistie-fete-du-tet-300x225.jpg 300w, http:\/\/www.benedictinsetiolles.org\/wp-content\/uploads\/2024\/02\/eucharistie-fete-du-tet-768x576.jpg 768w, http:\/\/www.benedictinsetiolles.org\/wp-content\/uploads\/2024\/02\/eucharistie-fete-du-tet-1536x1152.jpg 1536w, http:\/\/www.benedictinsetiolles.org\/wp-content\/uploads\/2024\/02\/eucharistie-fete-du-tet.jpg 1600w\" sizes=\"auto, (max-width: 1024px) 100vw, 1024px\" \/><\/figure>\n","protected":false},"excerpt":{"rendered":"<p>Elles sont initi\u00e9es par Fr. Xuan et les amis vietnamiens. Fr Xuan a suivi des \u00e9tudes \u00e0 l&rsquo;Institut Catholique de Paris et a r\u00e9dig\u00e9 un m\u00e9moire de fin d&rsquo;\u00e9tudes en mai 2021 sur la \u00ab\u00a0Th\u00e9ologie du Dieu unique dans le syncr\u00e9tisme du caoda\u00efsme vietnamien au XXe si\u00e8cle\u00a0\u00bb &#8212;&#8212;&#8212;&#8212;&#8212;&#8212;&#8212;&#8212;&#8212;&#8212;&#8212;&#8212;&#8212;&#8212;&#8212;&#8212;&#8212;&#8212;&#8212;&#8212;- Un groupe [&hellip;]<\/p>\n","protected":false},"author":1,"featured_media":5825,"parent":0,"menu_order":0,"comment_status":"closed","ping_status":"closed","template":"","meta":{"footnotes":""},"class_list":["post-5812","page","type-page","status-publish","has-post-thumbnail","hentry"],"_links":{"self":[{"href":"http:\/\/www.benedictinsetiolles.org\/index.php\/wp-json\/wp\/v2\/pages\/5812","targetHints":{"allow":["GET"]}}],"collection":[{"href":"http:\/\/www.benedictinsetiolles.org\/index.php\/wp-json\/wp\/v2\/pages"}],"about":[{"href":"http:\/\/www.benedictinsetiolles.org\/index.php\/wp-json\/wp\/v2\/types\/page"}],"author":[{"embeddable":true,"href":"http:\/\/www.benedictinsetiolles.org\/index.php\/wp-json\/wp\/v2\/users\/1"}],"replies":[{"embeddable":true,"href":"http:\/\/www.benedictinsetiolles.org\/index.php\/wp-json\/wp\/v2\/comments?post=5812"}],"version-history":[{"count":34,"href":"http:\/\/www.benedictinsetiolles.org\/index.php\/wp-json\/wp\/v2\/pages\/5812\/revisions"}],"predecessor-version":[{"id":7323,"href":"http:\/\/www.benedictinsetiolles.org\/index.php\/wp-json\/wp\/v2\/pages\/5812\/revisions\/7323"}],"wp:featuredmedia":[{"embeddable":true,"href":"http:\/\/www.benedictinsetiolles.org\/index.php\/wp-json\/wp\/v2\/media\/5825"}],"wp:attachment":[{"href":"http:\/\/www.benedictinsetiolles.org\/index.php\/wp-json\/wp\/v2\/media?parent=5812"}],"curies":[{"name":"wp","href":"https:\/\/api.w.org\/{rel}","templated":true}]}}