{"id":6208,"date":"2023-06-23T18:08:13","date_gmt":"2023-06-23T16:08:13","guid":{"rendered":"http:\/\/www.benedictinsetiolles.org\/?page_id=6208"},"modified":"2025-05-11T14:19:44","modified_gmt":"2025-05-11T12:19:44","slug":"parc-et-jardin-partage","status":"publish","type":"page","link":"http:\/\/www.benedictinsetiolles.org\/index.php\/parc-et-jardin-partage\/","title":{"rendered":"Le parc et \u00ab\u00a0un jardin partag\u00e9\u00a0\u00bb"},"content":{"rendered":"\n<p><strong>LE  PARC <\/strong><\/p>\n\n\n\n<p>Avoir en banlieue parisienne, un lieu de verdure et de beaut\u00e9 est une richesse \u00e0 partager avec tous ceux et celles qui viennent y vivre un moment de ressourcement, de retraite, de travail de groupe&#8230; <\/p>\n\n\n\n<figure class=\"wp-block-image size-full\"><img loading=\"lazy\" decoding=\"async\" width=\"1024\" height=\"495\" src=\"http:\/\/www.benedictinsetiolles.org\/wp-content\/uploads\/2023\/06\/Le-parc-du-prieure-aux-4-saisons-1024x495-2.jpg\" alt=\"\" class=\"wp-image-6237\" srcset=\"http:\/\/www.benedictinsetiolles.org\/wp-content\/uploads\/2023\/06\/Le-parc-du-prieure-aux-4-saisons-1024x495-2.jpg 1024w, http:\/\/www.benedictinsetiolles.org\/wp-content\/uploads\/2023\/06\/Le-parc-du-prieure-aux-4-saisons-1024x495-2-300x145.jpg 300w, http:\/\/www.benedictinsetiolles.org\/wp-content\/uploads\/2023\/06\/Le-parc-du-prieure-aux-4-saisons-1024x495-2-768x371.jpg 768w\" sizes=\"auto, (max-width: 1024px) 100vw, 1024px\" \/><\/figure>\n\n\n\n<p>Les saisons s&rsquo;y succ\u00e9dent et \u00e9clairent symboliquement le cycle liturgique v\u00e9cu au Prieur\u00e9.<\/p>\n\n\n\n<figure class=\"wp-block-image size-large is-resized\"><img loading=\"lazy\" decoding=\"async\" width=\"768\" height=\"1024\" src=\"http:\/\/www.benedictinsetiolles.org\/wp-content\/uploads\/2023\/06\/feu-pascal-768x1024.jpg\" alt=\"\" class=\"wp-image-6235\" style=\"width:404px;height:538px\" srcset=\"http:\/\/www.benedictinsetiolles.org\/wp-content\/uploads\/2023\/06\/feu-pascal-768x1024.jpg 768w, http:\/\/www.benedictinsetiolles.org\/wp-content\/uploads\/2023\/06\/feu-pascal-225x300.jpg 225w, http:\/\/www.benedictinsetiolles.org\/wp-content\/uploads\/2023\/06\/feu-pascal-1152x1536.jpg 1152w, http:\/\/www.benedictinsetiolles.org\/wp-content\/uploads\/2023\/06\/feu-pascal-1536x2048.jpg 1536w, http:\/\/www.benedictinsetiolles.org\/wp-content\/uploads\/2023\/06\/feu-pascal-scaled.jpg 1920w\" sizes=\"auto, (max-width: 768px) 100vw, 768px\" \/><\/figure>\n\n\n\n<figure class=\"wp-block-image size-large is-resized\"><img loading=\"lazy\" decoding=\"async\" width=\"858\" height=\"1024\" src=\"http:\/\/www.benedictinsetiolles.org\/wp-content\/uploads\/2023\/06\/croix-au-matin-de-paques-858x1024.jpg\" alt=\"\" class=\"wp-image-6257\" style=\"width:401px;height:478px\" srcset=\"http:\/\/www.benedictinsetiolles.org\/wp-content\/uploads\/2023\/06\/croix-au-matin-de-paques-858x1024.jpg 858w, http:\/\/www.benedictinsetiolles.org\/wp-content\/uploads\/2023\/06\/croix-au-matin-de-paques-252x300.jpg 252w, http:\/\/www.benedictinsetiolles.org\/wp-content\/uploads\/2023\/06\/croix-au-matin-de-paques-768x916.jpg 768w, http:\/\/www.benedictinsetiolles.org\/wp-content\/uploads\/2023\/06\/croix-au-matin-de-paques-1288x1536.jpg 1288w, http:\/\/www.benedictinsetiolles.org\/wp-content\/uploads\/2023\/06\/croix-au-matin-de-paques-1717x2048.jpg 1717w\" sizes=\"auto, (max-width: 858px) 100vw, 858px\" \/><\/figure>\n\n\n\n<p>La croix au matin de P\u00e2ques &#8230;<\/p>\n\n\n\n<figure class=\"wp-block-image size-full is-resized\"><img loading=\"lazy\" decoding=\"async\" width=\"1024\" height=\"768\" src=\"http:\/\/www.benedictinsetiolles.org\/wp-content\/uploads\/2023\/06\/Prieure-source-printemps-1024x768-1.jpg\" alt=\"\" class=\"wp-image-6238\" style=\"width:399px;height:299px\" srcset=\"http:\/\/www.benedictinsetiolles.org\/wp-content\/uploads\/2023\/06\/Prieure-source-printemps-1024x768-1.jpg 1024w, http:\/\/www.benedictinsetiolles.org\/wp-content\/uploads\/2023\/06\/Prieure-source-printemps-1024x768-1-300x225.jpg 300w, http:\/\/www.benedictinsetiolles.org\/wp-content\/uploads\/2023\/06\/Prieure-source-printemps-1024x768-1-768x576.jpg 768w\" sizes=\"auto, (max-width: 1024px) 100vw, 1024px\" \/><\/figure>\n\n\n\n<p><\/p>\n\n\n\n<p class=\"has-medium-font-size\"><strong>Un coin pour veill\u00e9e <\/strong><\/p>\n\n\n\n<p>Dans le parc, un espace est r\u00e9serv\u00e9 et am\u00e9nag\u00e9 afin de pouvoir accueillir des groupes pour une veill\u00e9e autour d&rsquo;un feu : des rondins  et du bois sec pour permettre la pr\u00e9paration de repas et une veill\u00e9e autour du feu, deux point d&rsquo;eau et un wc sont \u00e0 leur disposition.<\/p>\n\n\n\n<figure class=\"wp-block-image size-large is-resized\"><img loading=\"lazy\" decoding=\"async\" width=\"1024\" height=\"754\" src=\"http:\/\/www.benedictinsetiolles.org\/wp-content\/uploads\/2023\/06\/fe-2-1024x754.jpg\" alt=\"\" class=\"wp-image-6296\" style=\"width:410px;height:301px\" srcset=\"http:\/\/www.benedictinsetiolles.org\/wp-content\/uploads\/2023\/06\/fe-2-1024x754.jpg 1024w, http:\/\/www.benedictinsetiolles.org\/wp-content\/uploads\/2023\/06\/fe-2-300x221.jpg 300w, http:\/\/www.benedictinsetiolles.org\/wp-content\/uploads\/2023\/06\/fe-2-768x565.jpg 768w, http:\/\/www.benedictinsetiolles.org\/wp-content\/uploads\/2023\/06\/fe-2-1536x1131.jpg 1536w, http:\/\/www.benedictinsetiolles.org\/wp-content\/uploads\/2023\/06\/fe-2-2048x1508.jpg 2048w\" sizes=\"auto, (max-width: 1024px) 100vw, 1024px\" \/><\/figure>\n\n\n\n<p class=\"has-header-gradient-color has-text-color has-large-font-size\"><strong>Le parc <\/strong><\/p>\n\n\n\n<figure class=\"wp-block-image size-large is-resized\"><img loading=\"lazy\" decoding=\"async\" width=\"1024\" height=\"683\" src=\"http:\/\/www.benedictinsetiolles.org\/wp-content\/uploads\/2023\/06\/jardin-1-1024x683.jpg\" alt=\"\" class=\"wp-image-6258\" style=\"width:394px;height:262px\" srcset=\"http:\/\/www.benedictinsetiolles.org\/wp-content\/uploads\/2023\/06\/jardin-1-1024x683.jpg 1024w, http:\/\/www.benedictinsetiolles.org\/wp-content\/uploads\/2023\/06\/jardin-1-300x200.jpg 300w, http:\/\/www.benedictinsetiolles.org\/wp-content\/uploads\/2023\/06\/jardin-1-768x512.jpg 768w, http:\/\/www.benedictinsetiolles.org\/wp-content\/uploads\/2023\/06\/jardin-1-1536x1024.jpg 1536w, http:\/\/www.benedictinsetiolles.org\/wp-content\/uploads\/2023\/06\/jardin-1-2048x1365.jpg 2048w, http:\/\/www.benedictinsetiolles.org\/wp-content\/uploads\/2023\/06\/jardin-1-360x240.jpg 360w\" sizes=\"auto, (max-width: 1024px) 100vw, 1024px\" \/><\/figure>\n\n\n\n<p>C&rsquo;est avant tout un <strong>lieu de contemplation<\/strong>, de marche m\u00e9ditative, de silence \u00e0 l&rsquo;\u00e9coute de la nature, seul ou avec d&rsquo;autres. <\/p>\n\n\n\n<figure class=\"wp-block-image size-large is-resized\"><img loading=\"lazy\" decoding=\"async\" width=\"1024\" height=\"883\" src=\"http:\/\/www.benedictinsetiolles.org\/wp-content\/uploads\/2023\/06\/marche-dans-le-parc-1-1024x883.jpg\" alt=\"\" class=\"wp-image-6284\" style=\"width:394px;height:340px\" srcset=\"http:\/\/www.benedictinsetiolles.org\/wp-content\/uploads\/2023\/06\/marche-dans-le-parc-1-1024x883.jpg 1024w, http:\/\/www.benedictinsetiolles.org\/wp-content\/uploads\/2023\/06\/marche-dans-le-parc-1-300x259.jpg 300w, http:\/\/www.benedictinsetiolles.org\/wp-content\/uploads\/2023\/06\/marche-dans-le-parc-1-768x662.jpg 768w, http:\/\/www.benedictinsetiolles.org\/wp-content\/uploads\/2023\/06\/marche-dans-le-parc-1.jpg 1474w\" sizes=\"auto, (max-width: 1024px) 100vw, 1024px\" \/><\/figure>\n\n\n\n<p>&#8212;&#8212;&#8212;&#8212;&#8212;&#8212;&#8212;&#8212;&#8212;&#8212;&#8212;&#8212;<\/p>\n\n\n\n<p>Il est ausi possible de prendre un<strong> temps d&rsquo;ermitage dans l&rsquo;Isba. <\/strong><\/p>\n\n\n\n<p><em><strong>Contacter: <a href=\"mailto:benoit.m.billot@gmail.com\" data-type=\"mailto\" data-id=\"mailto:benoit.m.billot@gmail.com\">Fr. Beno\u00eet Billot <\/a><\/strong><\/em><\/p>\n\n\n\n<figure class=\"wp-block-image size-large is-resized\"><img loading=\"lazy\" decoding=\"async\" width=\"1024\" height=\"1024\" src=\"http:\/\/www.benedictinsetiolles.org\/wp-content\/uploads\/2023\/06\/isba-1-1024x1024.jpg\" alt=\"\" class=\"wp-image-6292\" style=\"width:397px;height:397px\" srcset=\"http:\/\/www.benedictinsetiolles.org\/wp-content\/uploads\/2023\/06\/isba-1-1024x1024.jpg 1024w, http:\/\/www.benedictinsetiolles.org\/wp-content\/uploads\/2023\/06\/isba-1-300x300.jpg 300w, http:\/\/www.benedictinsetiolles.org\/wp-content\/uploads\/2023\/06\/isba-1-150x150.jpg 150w, http:\/\/www.benedictinsetiolles.org\/wp-content\/uploads\/2023\/06\/isba-1-768x768.jpg 768w, http:\/\/www.benedictinsetiolles.org\/wp-content\/uploads\/2023\/06\/isba-1-1536x1536.jpg 1536w, http:\/\/www.benedictinsetiolles.org\/wp-content\/uploads\/2023\/06\/isba-1-2048x2048.jpg 2048w\" sizes=\"auto, (max-width: 1024px) 100vw, 1024px\" \/><\/figure>\n\n\n\n<p>___________________________________________________<\/p>\n\n\n\n<p class=\"has-header-gradient-color has-text-color has-medium-font-size\"><strong>Une \u00e9quipe d&rsquo;entretien du parc<\/strong><\/p>\n\n\n\n<p>Il demande :<\/p>\n\n\n\n<p>un <strong>entretien r\u00e9gulier<\/strong> n\u00e9cessitant une participation de tous ceux et celles qui souhaitent y consacrer un temps selon leurs possibilit\u00e9s.<\/p>\n\n\n\n<figure class=\"wp-block-image size-full is-resized\"><img loading=\"lazy\" decoding=\"async\" width=\"866\" height=\"784\" src=\"http:\/\/www.benedictinsetiolles.org\/wp-content\/uploads\/2023\/06\/nicole-jardin-3.jpg\" alt=\"\" class=\"wp-image-6293\" style=\"width:401px;height:363px\" srcset=\"http:\/\/www.benedictinsetiolles.org\/wp-content\/uploads\/2023\/06\/nicole-jardin-3.jpg 866w, http:\/\/www.benedictinsetiolles.org\/wp-content\/uploads\/2023\/06\/nicole-jardin-3-300x272.jpg 300w, http:\/\/www.benedictinsetiolles.org\/wp-content\/uploads\/2023\/06\/nicole-jardin-3-768x695.jpg 768w\" sizes=\"auto, (max-width: 866px) 100vw, 866px\" \/><\/figure>\n\n\n\n<figure class=\"wp-block-gallery has-nested-images columns-default is-cropped wp-block-gallery-1 is-layout-flex wp-block-gallery-is-layout-flex\"><\/figure>\n\n\n\n<p><strong>PROGRAMME ET ORGANISATION de l&rsquo;entretien pour 2024-2025<\/strong><\/p>\n\n\n\n<p>le fr\u00e8re Xuan distribue le plan du Parc et nous rep\u00e9rons qu\u2019il a \u00e9t\u00e9 divis\u00e9 en 5 zones. Il explique qu\u2019il serait bon que nous nous r\u00e9partissions le travail, avec deux ou trois personnes par zone. Chaque groupe devra rep\u00e9rer ce qu\u2019il y a \u00e0 faire et pourra venir y travailler quand il le d\u00e9sirera. Les outils sont \u00e0 prendre sous le pr\u00e9au, et devront \u00eatre remis apr\u00e8s usage \u00e0 l\u2019endroit o\u00f9 ils ont \u00e9t\u00e9 pris, et bien nettoy\u00e9s.<\/p>\n\n\n\n<p>Une fois par mois, le 1\u00b0 lundi, rencontre g\u00e9n\u00e9rale sur le terrain. Les responsables de la zone qui demande un gros travail \u00e0 ce moment l\u00e0 proposeront \u00e0 tous de s\u2019y mettre ensemble et dirigeront le travail. Celui-ci aura lieu de 9 H.30 \u00e0 12 H.30. Ces responsables en parleront auparavant \u00e0 <strong>Xuan (07 82 58 59 95)<\/strong> qui regardera avec eux ce qu\u2019il y a \u00e0 faire, et qui avertira les autres groupes.<\/p>\n\n\n\n<p><strong>DATES 2024-2025<\/strong><\/p>\n\n\n\n<p><strong>ENTRETIEN MENSUEL <\/strong>: <strong>les lundis 4 novembre 2024 , 6 janvier, 3 f\u00e9vrier, 3 mars, 7 avril, 5 mai, 2 juin 2025. <\/strong><\/p>\n\n\n\n<p>et 1er <strong>CHANTIER ANNUEL  d&rsquo;une journ\u00e9e<\/strong> autour de la Ste Catherine par une \u00e9quipe d\u2019amoureux de la nature dans une ambiance conviviale avec le repas de midi pris ensemble.<\/p>\n\n\n\n<p><strong> le lundi 2 d\u00e9cembre (2024 chantier g\u00e9n\u00e9ral dans le parc de 9 H. 30 \u00e0 16 H<\/strong>)<\/p>\n\n\n\n<figure class=\"wp-block-image size-full is-resized\"><img loading=\"lazy\" decoding=\"async\" width=\"959\" height=\"655\" src=\"http:\/\/www.benedictinsetiolles.org\/wp-content\/uploads\/2023\/06\/chantier-jardin.jpg\" alt=\"\" class=\"wp-image-6225\" style=\"width:403px;height:274px\" srcset=\"http:\/\/www.benedictinsetiolles.org\/wp-content\/uploads\/2023\/06\/chantier-jardin.jpg 959w, http:\/\/www.benedictinsetiolles.org\/wp-content\/uploads\/2023\/06\/chantier-jardin-300x205.jpg 300w, http:\/\/www.benedictinsetiolles.org\/wp-content\/uploads\/2023\/06\/chantier-jardin-768x525.jpg 768w\" sizes=\"auto, (max-width: 959px) 100vw, 959px\" \/><\/figure>\n\n\n\n<p><\/p>\n\n\n\n<p><strong>Pour participer \u00e0 l&rsquo;entretien du parc,<\/strong> <strong><em>contacter<\/em><\/strong>&nbsp;:&nbsp;<strong><em>Fr. XUAN <\/em><\/strong><em>&nbsp;&nbsp;&nbsp;&nbsp;&nbsp;&nbsp;&nbsp;<\/em><a href=\"mailto:manhxuanoc@gmail.com\"><strong><em>manhxuanoc@gmail.com<\/em><\/strong><\/a><\/p>\n\n\n\n<p><\/p>\n\n\n\n<p class=\"has-header-gradient-color has-text-color has-large-font-size\"><strong>Un \u00ab&nbsp;<a href=\"http:\/\/www.benedictinsetiolles.org\/index.php\/2021\/01\/10\/fiches-de-lecture-laudato-si\/\">jardin&nbsp; partag\u00e9<\/a>&nbsp;\u00bb<\/strong><\/p>\n\n\n\n<figure class=\"wp-block-image size-full is-resized\"><img loading=\"lazy\" decoding=\"async\" width=\"300\" height=\"146\" src=\"http:\/\/www.benedictinsetiolles.org\/wp-content\/uploads\/2023\/06\/EGLISE-VERTE-LOGO-MONASTERES-300x146-1.jpg\" alt=\"\" class=\"wp-image-6232\" style=\"width:405px;height:197px\"\/><\/figure>\n\n\n\n<p>Depuis l&rsquo;arriv\u00e9e des fr\u00e8res,  le parc est <strong>ouvert aux citadins proches du Prieur\u00e9.<\/strong> <\/p>\n\n\n\n<p>Dans le cadre de la d\u00e9marche \u00ab\u00a0\u00c9glise verte\u00a0\u00bb, entam\u00e9e au Prieur\u00e9 depuis 2021,<strong>&nbsp; un \u00ab\u00a0jardin partag\u00e9 <\/strong>\u00a0\u00bb sur  5 parcelles est \u00e0 disposition de ceux et celles qui d\u00e9sirent les cultiver dans un esprit collectif d\u2019ouverture \u00e9cologique.<\/p>\n\n\n\n<div class=\"wp-block-group\"><div class=\"wp-block-group__inner-container is-layout-constrained wp-block-group-is-layout-constrained\">\n<figure class=\"wp-block-image size-large is-resized\"><img loading=\"lazy\" decoding=\"async\" width=\"1024\" height=\"990\" src=\"http:\/\/www.benedictinsetiolles.org\/wp-content\/uploads\/2023\/06\/panneay-1024x990.jpg\" alt=\"\" class=\"wp-image-6285\" style=\"width:382px;height:370px\" srcset=\"http:\/\/www.benedictinsetiolles.org\/wp-content\/uploads\/2023\/06\/panneay-1024x990.jpg 1024w, http:\/\/www.benedictinsetiolles.org\/wp-content\/uploads\/2023\/06\/panneay-300x290.jpg 300w, http:\/\/www.benedictinsetiolles.org\/wp-content\/uploads\/2023\/06\/panneay-768x743.jpg 768w, http:\/\/www.benedictinsetiolles.org\/wp-content\/uploads\/2023\/06\/panneay-1536x1486.jpg 1536w, http:\/\/www.benedictinsetiolles.org\/wp-content\/uploads\/2023\/06\/panneay-2048x1981.jpg 2048w\" sizes=\"auto, (max-width: 1024px) 100vw, 1024px\" \/><\/figure>\n<\/div><\/div>\n\n\n\n<p><\/p>\n\n\n\n<figure class=\"wp-block-image size-large is-resized\"><img loading=\"lazy\" decoding=\"async\" width=\"1024\" height=\"608\" src=\"http:\/\/www.benedictinsetiolles.org\/wp-content\/uploads\/2023\/06\/michelle-1024x608.jpg\" alt=\"\" class=\"wp-image-6286\" style=\"width:378px;height:224px\" srcset=\"http:\/\/www.benedictinsetiolles.org\/wp-content\/uploads\/2023\/06\/michelle-1024x608.jpg 1024w, http:\/\/www.benedictinsetiolles.org\/wp-content\/uploads\/2023\/06\/michelle-300x178.jpg 300w, http:\/\/www.benedictinsetiolles.org\/wp-content\/uploads\/2023\/06\/michelle-768x456.jpg 768w, http:\/\/www.benedictinsetiolles.org\/wp-content\/uploads\/2023\/06\/michelle-1536x911.jpg 1536w, http:\/\/www.benedictinsetiolles.org\/wp-content\/uploads\/2023\/06\/michelle-2048x1215.jpg 2048w\" sizes=\"auto, (max-width: 1024px) 100vw, 1024px\" \/><\/figure>\n\n\n\n<p><strong><em>R\u00e9f\u00e9rente&nbsp;: <a href=\"mailto:michellelindu91@gmail.com\">Michelle NONONNE&nbsp;<\/a>&nbsp;&nbsp;&nbsp; <\/em><\/strong><\/p>\n","protected":false},"excerpt":{"rendered":"<p>LE PARC Avoir en banlieue parisienne, un lieu de verdure et de beaut\u00e9 est une richesse \u00e0 partager avec tous ceux et celles qui viennent y vivre un moment de ressourcement, de retraite, de travail de groupe&#8230; Les saisons s&rsquo;y succ\u00e9dent et \u00e9clairent symboliquement le cycle liturgique v\u00e9cu au Prieur\u00e9. [&hellip;]<\/p>\n","protected":false},"author":1,"featured_media":6213,"parent":0,"menu_order":0,"comment_status":"closed","ping_status":"closed","template":"","meta":{"footnotes":""},"class_list":["post-6208","page","type-page","status-publish","has-post-thumbnail","hentry"],"_links":{"self":[{"href":"http:\/\/www.benedictinsetiolles.org\/index.php\/wp-json\/wp\/v2\/pages\/6208","targetHints":{"allow":["GET"]}}],"collection":[{"href":"http:\/\/www.benedictinsetiolles.org\/index.php\/wp-json\/wp\/v2\/pages"}],"about":[{"href":"http:\/\/www.benedictinsetiolles.org\/index.php\/wp-json\/wp\/v2\/types\/page"}],"author":[{"embeddable":true,"href":"http:\/\/www.benedictinsetiolles.org\/index.php\/wp-json\/wp\/v2\/users\/1"}],"replies":[{"embeddable":true,"href":"http:\/\/www.benedictinsetiolles.org\/index.php\/wp-json\/wp\/v2\/comments?post=6208"}],"version-history":[{"count":42,"href":"http:\/\/www.benedictinsetiolles.org\/index.php\/wp-json\/wp\/v2\/pages\/6208\/revisions"}],"predecessor-version":[{"id":7175,"href":"http:\/\/www.benedictinsetiolles.org\/index.php\/wp-json\/wp\/v2\/pages\/6208\/revisions\/7175"}],"wp:featuredmedia":[{"embeddable":true,"href":"http:\/\/www.benedictinsetiolles.org\/index.php\/wp-json\/wp\/v2\/media\/6213"}],"wp:attachment":[{"href":"http:\/\/www.benedictinsetiolles.org\/index.php\/wp-json\/wp\/v2\/media?parent=6208"}],"curies":[{"name":"wp","href":"https:\/\/api.w.org\/{rel}","templated":true}]}}